{"id":702083,"date":"2025-08-27T15:13:50","date_gmt":"2025-08-27T12:13:50","guid":{"rendered":"https:\/\/roveyayinevi.com.tr\/index.php\/urun\/islam-ve-felsefe\/"},"modified":"2026-04-16T02:11:21","modified_gmt":"2026-04-15T23:11:21","slug":"islam-ve-felsefe","status":"publish","type":"product","link":"https:\/\/roveyayinevi.com.tr\/index.php\/urun\/islam-ve-felsefe\/","title":{"rendered":"\u0130slam ve Felsefe"},"content":{"rendered":"<p>\u0130slam ve Felsefe \u0130slam uygarl\u0131\u011f\u0131n\u0131n tarihsel referanslar\u0131ndan yola \u00e7\u0131karak \u0130slam\u2019\u0131n felsefesini yapmaya imkan tan\u0131yacak yeni bir yakla\u015f\u0131m \u00f6nermektedir. Sistematik oldu\u011fu kadar, ele\u015ftirel bir inceleme niteli\u011fi de ta\u015f\u0131yan bu kitap, \u0130slam felsefesinin \u00e7a\u011fda\u015f misyonunun ne olabilece\u011fine ili\u015fkin bir dizi \u00f6neriyi de i\u00e7erme \u00e7abas\u0131ndad\u0131r. <\/p>\n","protected":false},"excerpt":{"rendered":"<p>\u0130slam ve Felsefe \u0130slam uygarl\u0131\u011f\u0131n\u0131n tarihsel referanslar\u0131ndan yola \u00e7\u0131karak \u0130slam\u2019\u0131n felsefesini yapmaya imkan tan\u0131yacak yeni bir yakla\u015f\u0131m \u00f6nermektedir. Sistematik oldu\u011fu kadar, ele\u015ftirel bir inceleme niteli\u011fi de<span class=\"excerpt-hellip\"> [\u2026]<\/span><\/p>\n","protected":false},"featured_media":0,"template":"","meta":{"_monsterinsights_skip_tracking":false,"_monsterinsights_sitenote_active":false,"_monsterinsights_sitenote_note":"","_monsterinsights_sitenote_category":0},"product_brand":[],"product_cat":[36242,12566,13611],"product_tag":[],"class_list":{"0":"post-702083","1":"product","2":"type-product","3":"status-publish","5":"product_cat-diger-sozlukler-ve-konusma-kilavuzlari","6":"product_cat-egitim","7":"product_cat-sozlukler-ve-konusma-kilavuzlari","8":"pa_cilt-ciltsiz","9":"pa_tur-kitap","10":"pa_yayinevi-say-yayinlari","11":"pa_yazar-sahin-filiz","13":"first","14":"instock","15":"sale","16":"shipping-taxable","17":"purchasable","18":"product-type-simple"},"_links":{"self":[{"href":"https:\/\/roveyayinevi.com.tr\/index.php\/wp-json\/wp\/v2\/product\/702083","targetHints":{"allow":["GET"]}}],"collection":[{"href":"https:\/\/roveyayinevi.com.tr\/index.php\/wp-json\/wp\/v2\/product"}],"about":[{"href":"https:\/\/roveyayinevi.com.tr\/index.php\/wp-json\/wp\/v2\/types\/product"}],"wp:attachment":[{"href":"https:\/\/roveyayinevi.com.tr\/index.php\/wp-json\/wp\/v2\/media?parent=702083"}],"wp:term":[{"taxonomy":"product_brand","embeddable":true,"href":"https:\/\/roveyayinevi.com.tr\/index.php\/wp-json\/wp\/v2\/product_brand?post=702083"},{"taxonomy":"product_cat","embeddable":true,"href":"https:\/\/roveyayinevi.com.tr\/index.php\/wp-json\/wp\/v2\/product_cat?post=702083"},{"taxonomy":"product_tag","embeddable":true,"href":"https:\/\/roveyayinevi.com.tr\/index.php\/wp-json\/wp\/v2\/product_tag?post=702083"}],"curies":[{"name":"wp","href":"https:\/\/api.w.org\/{rel}","templated":true}]}}