{"id":702082,"date":"2025-08-27T15:13:50","date_gmt":"2025-08-27T12:13:50","guid":{"rendered":"https:\/\/roveyayinevi.com.tr\/index.php\/urun\/erken-bosalmanin-ustesinden-gelmek\/"},"modified":"2026-01-29T02:20:49","modified_gmt":"2026-01-28T23:20:49","slug":"erken-bosalmanin-ustesinden-gelmek","status":"publish","type":"product","link":"https:\/\/roveyayinevi.com.tr\/index.php\/urun\/erken-bosalmanin-ustesinden-gelmek\/","title":{"rendered":"Erken Bo\u015falman\u0131n \u00dcstesinden Gelmek"},"content":{"rendered":"<p>Amerika&#8217;da 100.000&#8217;in \u00fczerinde bas\u0131lm\u0131\u015ft\u0131r.Erken Bo\u015falman\u0131n \u00dcstesinden Gelmek Erken bo\u015falma erkeklerde en yayg\u0131n g\u00f6r\u00fclen ve tedavisi en kolay olan cinsel i\u015flev bozuklu\u011fudur. Bu sorunu ya\u015fayan erkeklerde s\u0131kl\u0131kla ikincil olarak cinsel istekte azalma ve sertle\u015fme sorunu geli\u015fir.  William S. Simpson, M.D. Meninger Klinik, Cinsel Sa\u011fl\u0131k Merkezi Y\u00f6neticisi Kitab\u0131n en g\u00f6ze \u00e7arpan k\u0131sm\u0131 erken bo\u015falman\u0131n di\u011ferlerinin aksine bir hastal\u0131k veya yetersizlik olarak g\u00f6r\u00fclmedi\u011fi fikridir. En sevdi\u011fim b\u00f6l\u00fcm ise &#8220;Nas\u0131l Kendi Cinsel Terapistiniz Olursunuz?&#8221; ba\u015fl\u0131kl\u0131 b\u00f6l\u00fcm. 18 y\u0131ldan fazla s\u00fcredir cinsel terapistlik yapan biri olarak diyebilirim ki, bu b\u00f6l\u00fcm \u00f6zel teknikler ve kendi kendini tedavi etme \u00f6nerileriyle son derece ba\u015far\u0131l\u0131. Raplh H. Earle, Ph.D. Psikolojik Dan\u0131\u015fma Servisi Ltd. Scottsdale, Arizona Erken bo\u015falma sorununda &#8220;Nas\u0131l kendi cinsel terapistiniz olursunuz?&#8221;  Dr. Kaplan, bu kitapta erken bo\u015falma sorunu ya\u015fayan erkeklerin partnerleriyle birlikte ve de kendi kendilerine uygulayabilecekleri tedavi tekniklerini ayr\u0131nt\u0131l\u0131 olarak sunuyor. Bu kitab\u0131 cinsel i\u015flev bozuklu\u011fu ve \u00f6zellikle de erken bo\u015falma sorunu ya\u015fayanlar ve cinsel ya\u015famlar\u0131na yeni bir \u015feyler katmak isteyen herkes okumal\u0131d\u0131r. Do\u00e7. Dr. Cebrail K\u0131sa Psikiyatr &amp; Psikoterapist, Ck Yay\u0131nevi Edit\u00f6r\u00fc Helen Singer Kaplan, M.D., Ph.D. Cinsel terapinin \u00f6nemli isimlerindendir. 1995 y\u0131l\u0131ndaki zamans\u0131z \u00f6l\u00fcm\u00fcne kadar bu alana kal\u0131c\u0131 katk\u0131lar sa\u011flam\u0131\u015ft\u0131r. 1970 y\u0131l\u0131nda New York Hastanesi-Cornell T\u0131p Merkezi&#8217;nin Payne Whitney Klini\u011fi&#8217;nde \u0130nsan Cinselli\u011fi Program\u0131&#8217;n\u0131 kurdu. ABD&#8217;deki bir T\u0131p Fak\u00fcltesi&#8217;nde b\u00f6yle bir program\u0131n ilk kurulu\u015fuydu. Yay\u0131nevimiz taraf\u0131ndan T\u00fcrk\u00e7eye kazand\u0131r\u0131lan Yeni Cinsel Terapi, Resimli Cinsel Terapi Elkitab\u0131 ve Erken Bo\u015falman\u0131n \u00dcstesinden Gelmek adl\u0131 kitaplar\u0131 bu alanda yay\u0131nlanm\u0131\u015f temel eserleridir. Dr. Kaplan The Journal of Sex and Marital Therapy dergisinin kurucu edit\u00f6rlerindendir. <\/p>\n","protected":false},"excerpt":{"rendered":"<p>Amerika&#8217;da 100.000&#8217;in \u00fczerinde bas\u0131lm\u0131\u015ft\u0131r.Erken Bo\u015falman\u0131n \u00dcstesinden Gelmek Erken bo\u015falma erkeklerde en yayg\u0131n g\u00f6r\u00fclen ve tedavisi en kolay olan cinsel i\u015flev bozuklu\u011fudur. Bu sorunu ya\u015fayan erkeklerde s\u0131kl\u0131kla<span class=\"excerpt-hellip\"> [\u2026]<\/span><\/p>\n","protected":false},"featured_media":0,"template":"","meta":{"_monsterinsights_skip_tracking":false,"_monsterinsights_sitenote_active":false,"_monsterinsights_sitenote_note":"","_monsterinsights_sitenote_category":0},"product_brand":[],"product_cat":[17502,13488],"product_tag":[],"class_list":{"0":"post-702082","1":"product","2":"type-product","3":"status-publish","5":"product_cat-cinsellik","6":"product_cat-toplum-ve-insan","7":"pa_cilt-ciltsiz","8":"pa_tur-kitap","9":"pa_yayinevi-ck-yayinevi","10":"pa_yazar-helen-singer-kaplan","12":"first","13":"instock","14":"sale","15":"shipping-taxable","16":"purchasable","17":"product-type-simple"},"_links":{"self":[{"href":"https:\/\/roveyayinevi.com.tr\/index.php\/wp-json\/wp\/v2\/product\/702082","targetHints":{"allow":["GET"]}}],"collection":[{"href":"https:\/\/roveyayinevi.com.tr\/index.php\/wp-json\/wp\/v2\/product"}],"about":[{"href":"https:\/\/roveyayinevi.com.tr\/index.php\/wp-json\/wp\/v2\/types\/product"}],"wp:attachment":[{"href":"https:\/\/roveyayinevi.com.tr\/index.php\/wp-json\/wp\/v2\/media?parent=702082"}],"wp:term":[{"taxonomy":"product_brand","embeddable":true,"href":"https:\/\/roveyayinevi.com.tr\/index.php\/wp-json\/wp\/v2\/product_brand?post=702082"},{"taxonomy":"product_cat","embeddable":true,"href":"https:\/\/roveyayinevi.com.tr\/index.php\/wp-json\/wp\/v2\/product_cat?post=702082"},{"taxonomy":"product_tag","embeddable":true,"href":"https:\/\/roveyayinevi.com.tr\/index.php\/wp-json\/wp\/v2\/product_tag?post=702082"}],"curies":[{"name":"wp","href":"https:\/\/api.w.org\/{rel}","templated":true}]}}