{"id":702081,"date":"2025-08-27T15:13:49","date_gmt":"2025-08-27T12:13:49","guid":{"rendered":"https:\/\/roveyayinevi.com.tr\/index.php\/urun\/savas-sanati-3\/"},"modified":"2026-04-16T02:11:21","modified_gmt":"2026-04-15T23:11:21","slug":"savas-sanati-3","status":"publish","type":"product","link":"https:\/\/roveyayinevi.com.tr\/index.php\/urun\/savas-sanati-3\/","title":{"rendered":"Sava\u015f Sanat\u0131"},"content":{"rendered":"<p>Sun Zi \/ Sun Tzu (M\u00d6 6. yy) Yazar\u0131n ad\u0131 Wade-Giles transkripsiyon sisteminde \u201cSun Tzu\u201d, Pin-Yin transkripsiyon sisteminde \u201cSun Zi\u201d olarak yaz\u0131lmaktad\u0131r. Do\u011fum ve \u00f6l\u00fcm tarihi tam olarak bilinmemektedir. Komutan ve d\u00fc\u015f\u00fcn\u00fcr olarak \u00fcnlenen Sun Zi\u2019nin Sava\u015f Sanat\u0131 adl\u0131 eseri insanl\u0131k tarihinin en eski ve en fazla ara\u015ft\u0131r\u0131lan ve tart\u0131\u015f\u0131lan strateji eseridir. B\u00fct\u00fcn d\u00fcnyada sadece askerlik alan\u0131nda de\u011fil, i\u015f idaresi ve ki\u015fisel geli\u015fim gibi pek \u00e7ok alanda da bir strateji klasi\u011fi olarak kabul g\u00f6rm\u00fc\u015ft\u00fcr. \ufffc<\/p>\n","protected":false},"excerpt":{"rendered":"<p>Sun Zi \/ Sun Tzu (M\u00d6 6. yy) Yazar\u0131n ad\u0131 Wade-Giles transkripsiyon sisteminde \u201cSun Tzu\u201d, Pin-Yin transkripsiyon sisteminde \u201cSun Zi\u201d olarak yaz\u0131lmaktad\u0131r. Do\u011fum ve \u00f6l\u00fcm tarihi<span class=\"excerpt-hellip\"> [\u2026]<\/span><\/p>\n","protected":false},"featured_media":0,"template":"","meta":{"_monsterinsights_skip_tracking":false,"_monsterinsights_sitenote_active":false,"_monsterinsights_sitenote_note":"","_monsterinsights_sitenote_category":0},"product_brand":[],"product_cat":[12388,15309],"product_tag":[],"class_list":{"0":"post-702081","1":"product","2":"type-product","3":"status-publish","5":"product_cat-felsefe","6":"product_cat-felsefi-akimlar","7":"pa_cilt-ciltsiz","8":"pa_tur-kitap","9":"pa_yayinevi-is-bankasi-kultur-yayinlari","10":"pa_yazar-sun-tzu","12":"first","13":"instock","14":"sale","15":"shipping-taxable","16":"purchasable","17":"product-type-simple"},"_links":{"self":[{"href":"https:\/\/roveyayinevi.com.tr\/index.php\/wp-json\/wp\/v2\/product\/702081","targetHints":{"allow":["GET"]}}],"collection":[{"href":"https:\/\/roveyayinevi.com.tr\/index.php\/wp-json\/wp\/v2\/product"}],"about":[{"href":"https:\/\/roveyayinevi.com.tr\/index.php\/wp-json\/wp\/v2\/types\/product"}],"wp:attachment":[{"href":"https:\/\/roveyayinevi.com.tr\/index.php\/wp-json\/wp\/v2\/media?parent=702081"}],"wp:term":[{"taxonomy":"product_brand","embeddable":true,"href":"https:\/\/roveyayinevi.com.tr\/index.php\/wp-json\/wp\/v2\/product_brand?post=702081"},{"taxonomy":"product_cat","embeddable":true,"href":"https:\/\/roveyayinevi.com.tr\/index.php\/wp-json\/wp\/v2\/product_cat?post=702081"},{"taxonomy":"product_tag","embeddable":true,"href":"https:\/\/roveyayinevi.com.tr\/index.php\/wp-json\/wp\/v2\/product_tag?post=702081"}],"curies":[{"name":"wp","href":"https:\/\/api.w.org\/{rel}","templated":true}]}}