{"id":702077,"date":"2025-08-27T15:13:48","date_gmt":"2025-08-27T12:13:48","guid":{"rendered":"https:\/\/roveyayinevi.com.tr\/index.php\/urun\/yalniz-yurumeyeceksin\/"},"modified":"2026-04-16T02:11:21","modified_gmt":"2026-04-15T23:11:21","slug":"yalniz-yurumeyeceksin","status":"publish","type":"product","link":"https:\/\/roveyayinevi.com.tr\/index.php\/urun\/yalniz-yurumeyeceksin\/","title":{"rendered":"Yaln\u0131z Y\u00fcr\u00fcmeyeceksin"},"content":{"rendered":"<p>\u201c&#8230; Be\u011fensek de be\u011fenmesek de, bu d\u00fcnyada payla\u015fmay\u0131 bilmeyenleri pay ediyorlar, yok ediyorlar.\u00d6yleyse hayat yolunda \u00f6nce birlikte y\u00fcr\u00fcmeyi, payla\u015farak b\u00fcy\u00fcmeyi \u00f6\u011frenmeliyiz. Asl\u0131nda ya\u015fad\u0131klar\u0131m\u0131z bize bunlar\u0131 bazen ac\u0131 faturalar \u00f6deterek \u00f6\u011fretiyor. Bazen de g\u00fcld\u00fcrerek, mutlu ederek, bize ho\u015f sedalar b\u0131rakarak&#8230; \u2018Unutma, unutma; yaln\u0131z y\u00fcr\u00fcmeyeceksin!\u2019 diyor.\u201d <\/p>\n","protected":false},"excerpt":{"rendered":"<p>\u201c&#8230; Be\u011fensek de be\u011fenmesek de, bu d\u00fcnyada payla\u015fmay\u0131 bilmeyenleri pay ediyorlar, yok ediyorlar.\u00d6yleyse hayat yolunda \u00f6nce birlikte y\u00fcr\u00fcmeyi, payla\u015farak b\u00fcy\u00fcmeyi \u00f6\u011frenmeliyiz. Asl\u0131nda ya\u015fad\u0131klar\u0131m\u0131z bize bunlar\u0131 bazen<span class=\"excerpt-hellip\"> [\u2026]<\/span><\/p>\n","protected":false},"featured_media":0,"template":"","meta":{"_monsterinsights_skip_tracking":false,"_monsterinsights_sitenote_active":false,"_monsterinsights_sitenote_note":"","_monsterinsights_sitenote_category":0},"product_brand":[],"product_cat":[12782,12291],"product_tag":[],"class_list":{"0":"post-702077","1":"product","2":"type-product","3":"status-publish","5":"product_cat-alman-edebiyati","6":"product_cat-edebiyat","7":"pa_tur-kitap","8":"pa_yayinevi-hayat-yayinlari","9":"pa_yazar-mehmet-cemal-ciftciguzeli","11":"first","12":"instock","13":"sale","14":"shipping-taxable","15":"purchasable","16":"product-type-simple"},"_links":{"self":[{"href":"https:\/\/roveyayinevi.com.tr\/index.php\/wp-json\/wp\/v2\/product\/702077","targetHints":{"allow":["GET"]}}],"collection":[{"href":"https:\/\/roveyayinevi.com.tr\/index.php\/wp-json\/wp\/v2\/product"}],"about":[{"href":"https:\/\/roveyayinevi.com.tr\/index.php\/wp-json\/wp\/v2\/types\/product"}],"wp:attachment":[{"href":"https:\/\/roveyayinevi.com.tr\/index.php\/wp-json\/wp\/v2\/media?parent=702077"}],"wp:term":[{"taxonomy":"product_brand","embeddable":true,"href":"https:\/\/roveyayinevi.com.tr\/index.php\/wp-json\/wp\/v2\/product_brand?post=702077"},{"taxonomy":"product_cat","embeddable":true,"href":"https:\/\/roveyayinevi.com.tr\/index.php\/wp-json\/wp\/v2\/product_cat?post=702077"},{"taxonomy":"product_tag","embeddable":true,"href":"https:\/\/roveyayinevi.com.tr\/index.php\/wp-json\/wp\/v2\/product_tag?post=702077"}],"curies":[{"name":"wp","href":"https:\/\/api.w.org\/{rel}","templated":true}]}}