{"id":702076,"date":"2025-08-27T15:13:47","date_gmt":"2025-08-27T12:13:47","guid":{"rendered":"https:\/\/roveyayinevi.com.tr\/index.php\/urun\/canavar-pesinde-serisi-27-olumun-golgesi-yuruyen-dag-rok\/"},"modified":"2026-04-13T02:13:50","modified_gmt":"2026-04-12T23:13:50","slug":"canavar-pesinde-serisi-27-olumun-golgesi-yuruyen-dag-rok","status":"publish","type":"product","link":"https:\/\/roveyayinevi.com.tr\/index.php\/urun\/canavar-pesinde-serisi-27-olumun-golgesi-yuruyen-dag-rok\/","title":{"rendered":"Canavar Pe\u015finde Serisi 27 &#8211; \u00d6l\u00fcm\u00fcn G\u00f6lgesi (Y\u00fcr\u00fcyen Da\u011f Rok)"},"content":{"rendered":"<p>Yepyeni Canavar Pe\u015finde maceras\u0131na ho\u015f geldiniz: \u00d6l\u00fcm\u00fcn G\u00f6lgesi Tom\u2019u hi\u00e7 bilmedi\u011fi bir krall\u0131kta yeni bir g\u00f6rev bekliyor. Gwildor\u2019un Canavar Ustas\u0131 Freya, k\u00f6t\u00fc b\u00fcy\u00fcc\u00fc Velmal\u2019in etkisi alt\u0131nda. Canavarlar\u0131, t\u00fcm krall\u0131kta deh\u015fet sa\u00e7\u0131yor. \u00dcstelik bir zamanlar iyi olan bu Canavarlar, Avantia&#8217;dakilerden \u00e7ok daha ac\u0131mas\u0131zlar. Kaybedecek vakit yok. E\u011fer k\u00f6t\u00fcl\u00fc\u011f\u00fcn Gwildor\u2019u ele ge\u00e7irmesine izin verirlerse, s\u0131ra Avantia\u2019ya da gelecek. Canavar Ustas\u0131 Freya&#8217;n\u0131n Canavarlar\u0131, Gwildor&#8217;da deh\u015fet sa\u00e7maya devam ediyor. Y\u00fcr\u00fcyen Da\u011f Rok&#8217;un yerle bir etti\u011fi Tion kasabas\u0131 terk edilmi\u015f durumda. Tom, bu devasa ta\u015f y\u0131\u011f\u0131n\u0131n\u0131 bir an \u00f6nce bulup \u00f6zg\u00fcrl\u00fc\u011f\u00fcne kavu\u015fturmal\u0131, yoksa k\u00f6t\u00fcl\u00fck yay\u0131lmaya devam edecek. Tom&#8217;un i\u015fi hi\u00e7 kolay de\u011fil. Bakal\u0131m, t\u00fcm zorluklara ra\u011fmen \u00fc\u00e7\u00fcnc\u00fc Canavar\u0131n \u00fczerindeki laneti de kald\u0131r\u0131p G\u00f6revine devam edebilecek mi?<\/p>\n","protected":false},"excerpt":{"rendered":"<p>Yepyeni Canavar Pe\u015finde maceras\u0131na ho\u015f geldiniz: \u00d6l\u00fcm\u00fcn G\u00f6lgesi Tom\u2019u hi\u00e7 bilmedi\u011fi bir krall\u0131kta yeni bir g\u00f6rev bekliyor. Gwildor\u2019un Canavar Ustas\u0131 Freya, k\u00f6t\u00fc b\u00fcy\u00fcc\u00fc Velmal\u2019in etkisi alt\u0131nda.<span class=\"excerpt-hellip\"> [\u2026]<\/span><\/p>\n","protected":false},"featured_media":0,"template":"","meta":{"_monsterinsights_skip_tracking":false,"_monsterinsights_sitenote_active":false,"_monsterinsights_sitenote_note":"","_monsterinsights_sitenote_category":0},"product_brand":[],"product_cat":[12274,12284],"product_tag":[],"class_list":{"0":"post-702076","1":"product","2":"type-product","3":"status-publish","5":"product_cat-cocuk-ve-genclik-kitaplari","6":"product_cat-hikayeler","7":"pa_cilt-ciltsiz","8":"pa_tur-kitap","9":"pa_yayinevi-beyaz-balina-yayinlari","10":"pa_yazar-adam-blade","12":"first","13":"instock","14":"sale","15":"shipping-taxable","16":"purchasable","17":"product-type-simple"},"_links":{"self":[{"href":"https:\/\/roveyayinevi.com.tr\/index.php\/wp-json\/wp\/v2\/product\/702076","targetHints":{"allow":["GET"]}}],"collection":[{"href":"https:\/\/roveyayinevi.com.tr\/index.php\/wp-json\/wp\/v2\/product"}],"about":[{"href":"https:\/\/roveyayinevi.com.tr\/index.php\/wp-json\/wp\/v2\/types\/product"}],"wp:attachment":[{"href":"https:\/\/roveyayinevi.com.tr\/index.php\/wp-json\/wp\/v2\/media?parent=702076"}],"wp:term":[{"taxonomy":"product_brand","embeddable":true,"href":"https:\/\/roveyayinevi.com.tr\/index.php\/wp-json\/wp\/v2\/product_brand?post=702076"},{"taxonomy":"product_cat","embeddable":true,"href":"https:\/\/roveyayinevi.com.tr\/index.php\/wp-json\/wp\/v2\/product_cat?post=702076"},{"taxonomy":"product_tag","embeddable":true,"href":"https:\/\/roveyayinevi.com.tr\/index.php\/wp-json\/wp\/v2\/product_tag?post=702076"}],"curies":[{"name":"wp","href":"https:\/\/api.w.org\/{rel}","templated":true}]}}