{"id":702074,"date":"2025-08-27T15:13:47","date_gmt":"2025-08-27T12:13:47","guid":{"rendered":"https:\/\/roveyayinevi.com.tr\/index.php\/urun\/zapata-ve-meksika-devrimi\/"},"modified":"2026-04-16T02:11:21","modified_gmt":"2026-04-15T23:11:21","slug":"zapata-ve-meksika-devrimi","status":"publish","type":"product","link":"https:\/\/roveyayinevi.com.tr\/index.php\/urun\/zapata-ve-meksika-devrimi\/","title":{"rendered":"Zapata ve Meksika Devrimi"},"content":{"rendered":"<p>John Womack\u2019\u0131n kaleme ald\u0131\u011f\u0131 bu \u00f6nemli toplumsal tarih \u00e7al\u0131\u015fmas\u0131, Meksika Devrimi ve \u00f6zel olarak da 1914 tarihli Emiliano Zapata\u2019n\u0131n \u00f6nderli\u011finde Morelos eyaletindeki k\u00f6yl\u00fc ayaklanmalar\u0131 \u00fczerinde duruyor. Kuzeydeki m\u00fcttefiki ve yak\u0131n dostu Pancho Villa\u2019n\u0131n aksine Zapata yoksul bir \u00e7ift\u00e7i olmad\u0131\u011f\u0131 gibi bir \u201cbandit\u201d yani haydut da de\u011fildi. \u0130stese hayat\u0131n\u0131 ya\u015fad\u0131\u011f\u0131 eyalette k\u00fc\u00e7\u00fck bir soylu olarak ge\u00e7irebilirdi. Halbuki o G\u00fcney\u2019deki devrimci hareketin ba\u015f\u0131na ge\u00e7erek bug\u00fcn bile \u00f6rnek al\u0131nan bir tar\u0131m reformu geli\u015ftirmeyi se\u00e7mi\u015fti. <\/p>\n","protected":false},"excerpt":{"rendered":"<p>John Womack\u2019\u0131n kaleme ald\u0131\u011f\u0131 bu \u00f6nemli toplumsal tarih \u00e7al\u0131\u015fmas\u0131, Meksika Devrimi ve \u00f6zel olarak da 1914 tarihli Emiliano Zapata\u2019n\u0131n \u00f6nderli\u011finde Morelos eyaletindeki k\u00f6yl\u00fc ayaklanmalar\u0131 \u00fczerinde duruyor.<span class=\"excerpt-hellip\"> [\u2026]<\/span><\/p>\n","protected":false},"featured_media":0,"template":"","meta":{"_monsterinsights_skip_tracking":false,"_monsterinsights_sitenote_active":false,"_monsterinsights_sitenote_note":"","_monsterinsights_sitenote_category":0},"product_brand":[],"product_cat":[13590,12337],"product_tag":[],"class_list":{"0":"post-702074","1":"product","2":"type-product","3":"status-publish","5":"product_cat-arastirma-inceleme-politika-siyaset","6":"product_cat-politika-siyaset","7":"pa_cilt-ciltsiz","8":"pa_tur-kitap","9":"pa_yayinevi-ayrinti-yayinlari","10":"pa_yazar-john-womack-jr","12":"first","13":"instock","14":"sale","15":"shipping-taxable","16":"purchasable","17":"product-type-simple"},"_links":{"self":[{"href":"https:\/\/roveyayinevi.com.tr\/index.php\/wp-json\/wp\/v2\/product\/702074","targetHints":{"allow":["GET"]}}],"collection":[{"href":"https:\/\/roveyayinevi.com.tr\/index.php\/wp-json\/wp\/v2\/product"}],"about":[{"href":"https:\/\/roveyayinevi.com.tr\/index.php\/wp-json\/wp\/v2\/types\/product"}],"wp:attachment":[{"href":"https:\/\/roveyayinevi.com.tr\/index.php\/wp-json\/wp\/v2\/media?parent=702074"}],"wp:term":[{"taxonomy":"product_brand","embeddable":true,"href":"https:\/\/roveyayinevi.com.tr\/index.php\/wp-json\/wp\/v2\/product_brand?post=702074"},{"taxonomy":"product_cat","embeddable":true,"href":"https:\/\/roveyayinevi.com.tr\/index.php\/wp-json\/wp\/v2\/product_cat?post=702074"},{"taxonomy":"product_tag","embeddable":true,"href":"https:\/\/roveyayinevi.com.tr\/index.php\/wp-json\/wp\/v2\/product_tag?post=702074"}],"curies":[{"name":"wp","href":"https:\/\/api.w.org\/{rel}","templated":true}]}}