{"id":702072,"date":"2025-08-27T15:13:46","date_gmt":"2025-08-27T12:13:46","guid":{"rendered":"https:\/\/roveyayinevi.com.tr\/index.php\/urun\/deyimler-sozlugu-turkmen-turkcesi-turkiye-turkcesi\/"},"modified":"2026-04-16T02:11:21","modified_gmt":"2026-04-15T23:11:21","slug":"deyimler-sozlugu-turkmen-turkcesi-turkiye-turkcesi","status":"publish","type":"product","link":"https:\/\/roveyayinevi.com.tr\/index.php\/urun\/deyimler-sozlugu-turkmen-turkcesi-turkiye-turkcesi\/","title":{"rendered":"Deyimler S\u00f6zl\u00fc\u011f\u00fc &#8211; T\u00fcrkmen T\u00fcrk\u00e7esi T\u00fcrkiye T\u00fcrk\u00e7esi"},"content":{"rendered":"<p>Deyimler, ger\u00e7ek anlamlar\u0131ndan az \u00e7ok ayr\u0131 bir anlam i\u00e7eren kal\u0131pla\u015fm\u0131\u015f s\u00f6zlerdir. Bunlar, ta\u015f\u0131d\u0131klar\u0131 anlat\u0131m de\u011feri bak\u0131m\u0131ndan dilde \u00f6nemli bir yere sahiptirler. Do\u011fru ve yerinde kullan\u0131ld\u0131klar\u0131 zaman anlat\u0131ma b\u00fcy\u00fck bir zenginlik katarlar. <\/p>\n","protected":false},"excerpt":{"rendered":"<p>Deyimler, ger\u00e7ek anlamlar\u0131ndan az \u00e7ok ayr\u0131 bir anlam i\u00e7eren kal\u0131pla\u015fm\u0131\u015f s\u00f6zlerdir. Bunlar, ta\u015f\u0131d\u0131klar\u0131 anlat\u0131m de\u011feri bak\u0131m\u0131ndan dilde \u00f6nemli bir yere sahiptirler. Do\u011fru ve yerinde kullan\u0131ld\u0131klar\u0131 zaman<span class=\"excerpt-hellip\"> [\u2026]<\/span><\/p>\n","protected":false},"featured_media":0,"template":"","meta":{"_monsterinsights_skip_tracking":false,"_monsterinsights_sitenote_active":false,"_monsterinsights_sitenote_note":"","_monsterinsights_sitenote_category":0},"product_brand":[],"product_cat":[14597,12566],"product_tag":[],"class_list":{"0":"post-702072","1":"product","2":"type-product","3":"status-publish","5":"product_cat-dil-ogrenimi","6":"product_cat-egitim","7":"pa_tur-kitap","8":"pa_yayinevi-etkilesim-yayinlari","9":"pa_yazar-mehmet-kara","11":"first","12":"instock","13":"sale","14":"shipping-taxable","15":"purchasable","16":"product-type-simple"},"_links":{"self":[{"href":"https:\/\/roveyayinevi.com.tr\/index.php\/wp-json\/wp\/v2\/product\/702072","targetHints":{"allow":["GET"]}}],"collection":[{"href":"https:\/\/roveyayinevi.com.tr\/index.php\/wp-json\/wp\/v2\/product"}],"about":[{"href":"https:\/\/roveyayinevi.com.tr\/index.php\/wp-json\/wp\/v2\/types\/product"}],"wp:attachment":[{"href":"https:\/\/roveyayinevi.com.tr\/index.php\/wp-json\/wp\/v2\/media?parent=702072"}],"wp:term":[{"taxonomy":"product_brand","embeddable":true,"href":"https:\/\/roveyayinevi.com.tr\/index.php\/wp-json\/wp\/v2\/product_brand?post=702072"},{"taxonomy":"product_cat","embeddable":true,"href":"https:\/\/roveyayinevi.com.tr\/index.php\/wp-json\/wp\/v2\/product_cat?post=702072"},{"taxonomy":"product_tag","embeddable":true,"href":"https:\/\/roveyayinevi.com.tr\/index.php\/wp-json\/wp\/v2\/product_tag?post=702072"}],"curies":[{"name":"wp","href":"https:\/\/api.w.org\/{rel}","templated":true}]}}