{"id":702071,"date":"2025-08-27T15:13:46","date_gmt":"2025-08-27T12:13:46","guid":{"rendered":"https:\/\/roveyayinevi.com.tr\/index.php\/urun\/arapca-modern-metin-okumalari\/"},"modified":"2026-03-06T02:14:31","modified_gmt":"2026-03-05T23:14:31","slug":"arapca-modern-metin-okumalari","status":"publish","type":"product","link":"https:\/\/roveyayinevi.com.tr\/index.php\/urun\/arapca-modern-metin-okumalari\/","title":{"rendered":"Arap\u00e7a Modern Metin Okumalar\u0131"},"content":{"rendered":"<p>Orta ve ileri d\u00fczey Arap\u00e7a bilgisine sahip adaylara hitap eden bu kitab\u0131n \u00f6ncelikli hedefi; belirli d\u00fczeyde Arap\u00e7a dil bilgisine sahip okurlara, de\u011fi\u015fik alanlardaki temel kelime ve kavramlar\u0131 \u00f6\u011freterek zengin bir kelime hazinesi kazand\u0131rmak, yan\u0131 s\u0131ra modern Arap\u00e7a metinlerde s\u0131k s\u0131k kar\u015f\u0131la\u015faca\u011f\u0131 c\u00fcmle yap\u0131lar\u0131n\u0131 yak\u0131ndan tan\u0131mas\u0131n\u0131 sa\u011flamakt\u0131r. Muhtevas\u0131ndaki metinler 18 farkl\u0131 alandan se\u00e7ilen ve zengin, renkli bir konu yelpazesine sahip olan \u00e7al\u0131\u015fma, dil merakl\u0131lar\u0131 i\u00e7in oldu\u011fu kadar \u0130lahiyat Fak\u00fclteleri, A\u00e7\u0131k \u00d6\u011fretim Fak\u00fcltesi, Arap Dili ve Edebiyat B\u00f6l\u00fcm\u00fc \u00f6\u011frencileri ve KPDS adaylar\u0131 i\u00e7in de son derece yararl\u0131 bir okuma kitab\u0131d\u0131r. Elinizdeki eserin nihai hedefi ise: Kitapta yer alan konu ve metinleri okuyan bir kimseye, kar\u015f\u0131la\u015faca\u011f\u0131 herhangi bir Arap\u00e7a modern metni rahatl\u0131kla \u00e7\u00f6z\u00fcmleme ve anlama becerisi kazand\u0131rmakt\u0131r. <\/p>\n","protected":false},"excerpt":{"rendered":"<p>Orta ve ileri d\u00fczey Arap\u00e7a bilgisine sahip adaylara hitap eden bu kitab\u0131n \u00f6ncelikli hedefi; belirli d\u00fczeyde Arap\u00e7a dil bilgisine sahip okurlara, de\u011fi\u015fik alanlardaki temel kelime ve<span class=\"excerpt-hellip\"> [\u2026]<\/span><\/p>\n","protected":false},"featured_media":0,"template":"","meta":{"_monsterinsights_skip_tracking":false,"_monsterinsights_sitenote_active":false,"_monsterinsights_sitenote_note":"","_monsterinsights_sitenote_category":0},"product_brand":[],"product_cat":[14597,12566],"product_tag":[],"class_list":{"0":"post-702071","1":"product","2":"type-product","3":"status-publish","5":"product_cat-dil-ogrenimi","6":"product_cat-egitim","7":"pa_cilt-ciltsiz","8":"pa_tur-kitap","9":"pa_yayinevi-alfa-yayinlari","10":"pa_yazar-huseyin-gunday-sener-sahin","12":"first","13":"instock","14":"sale","15":"shipping-taxable","16":"purchasable","17":"product-type-simple"},"_links":{"self":[{"href":"https:\/\/roveyayinevi.com.tr\/index.php\/wp-json\/wp\/v2\/product\/702071","targetHints":{"allow":["GET"]}}],"collection":[{"href":"https:\/\/roveyayinevi.com.tr\/index.php\/wp-json\/wp\/v2\/product"}],"about":[{"href":"https:\/\/roveyayinevi.com.tr\/index.php\/wp-json\/wp\/v2\/types\/product"}],"wp:attachment":[{"href":"https:\/\/roveyayinevi.com.tr\/index.php\/wp-json\/wp\/v2\/media?parent=702071"}],"wp:term":[{"taxonomy":"product_brand","embeddable":true,"href":"https:\/\/roveyayinevi.com.tr\/index.php\/wp-json\/wp\/v2\/product_brand?post=702071"},{"taxonomy":"product_cat","embeddable":true,"href":"https:\/\/roveyayinevi.com.tr\/index.php\/wp-json\/wp\/v2\/product_cat?post=702071"},{"taxonomy":"product_tag","embeddable":true,"href":"https:\/\/roveyayinevi.com.tr\/index.php\/wp-json\/wp\/v2\/product_tag?post=702071"}],"curies":[{"name":"wp","href":"https:\/\/api.w.org\/{rel}","templated":true}]}}