{"id":702069,"date":"2025-08-27T15:13:45","date_gmt":"2025-08-27T12:13:45","guid":{"rendered":"https:\/\/roveyayinevi.com.tr\/index.php\/urun\/teonun-kaka-kitabi\/"},"modified":"2026-04-16T02:11:21","modified_gmt":"2026-04-15T23:11:21","slug":"teonun-kaka-kitabi","status":"publish","type":"product","link":"https:\/\/roveyayinevi.com.tr\/index.php\/urun\/teonun-kaka-kitabi\/","title":{"rendered":"Teo\u2019nun Kaka Kitab\u0131"},"content":{"rendered":"<p>Madalyon Psikiyatri Merkezi taraf\u0131ndan onaylanan, uzman psikologlar\u0131n \u00e7ocuk yeti\u015ftiren herkese \u00f6nerdi\u011fi TEO dizisinin tuvalet e\u011fitimi ile ilgili kitab\u0131.Ya\u011fmur Artukma\u00e7 ve Psikolog P\u0131nar \u00c7ak\u0131r&#8217;\u0131n yaz\u0131p Nurbanu Asena&#8217;n\u0131n resimledi\u011fi Teo&#8217;nun Kaka Kitab\u0131, bu e\u011fitim s\u00fcrecinde size yol arkada\u015f\u0131 olmas\u0131 i\u00e7in haz\u0131rlanm\u0131\u015f. Tuvalet e\u011fitimini resimli bir hik\u00e2yeye d\u00f6n\u00fc\u015ft\u00fcren kitap \u00e7ocuklar\u0131n zevkle okuyup, gereksiz kayg\u0131lara kap\u0131lmamas\u0131n\u0131 sa\u011flayacak hazine de\u011ferinde bilgiler i\u00e7eriyor. \u00c7ocuklar\u0131n merak ettikleri sorular\u0131n yan\u0131t\u0131 da bu hik\u00e2yenin i\u00e7inde yer al\u0131yor.Teo&#8217;nun Kaka Kitab\u0131 bir kez okumal\u0131k de\u011fil, \u00e7ocu\u011funuzun tuvalet e\u011fitimi boyunca s\u00fcrekli ba\u015fvuraca\u011f\u0131n\u0131z bir e\u011fitsel hik\u00e2ye kitab\u0131.<\/p>\n","protected":false},"excerpt":{"rendered":"<p>Madalyon Psikiyatri Merkezi taraf\u0131ndan onaylanan, uzman psikologlar\u0131n \u00e7ocuk yeti\u015ftiren herkese \u00f6nerdi\u011fi TEO dizisinin tuvalet e\u011fitimi ile ilgili kitab\u0131.Ya\u011fmur Artukma\u00e7 ve Psikolog P\u0131nar \u00c7ak\u0131r&#8217;\u0131n yaz\u0131p Nurbanu Asena&#8217;n\u0131n<span class=\"excerpt-hellip\"> [\u2026]<\/span><\/p>\n","protected":false},"featured_media":0,"template":"","meta":{"_monsterinsights_skip_tracking":false,"_monsterinsights_sitenote_active":false,"_monsterinsights_sitenote_note":"","_monsterinsights_sitenote_category":0},"product_brand":[],"product_cat":[12913,12274],"product_tag":[],"class_list":{"0":"post-702069","1":"product","2":"type-product","3":"status-publish","5":"product_cat-3-6-yas-kitaplari","6":"product_cat-cocuk-ve-genclik-kitaplari","7":"pa_cilt-ciltsiz","8":"pa_tur-kitap","9":"pa_yayinevi-bilgi-yayinevi-cocuk","10":"pa_yazar-yagmur-artukmac","12":"first","13":"instock","14":"sale","15":"shipping-taxable","16":"purchasable","17":"product-type-simple"},"_links":{"self":[{"href":"https:\/\/roveyayinevi.com.tr\/index.php\/wp-json\/wp\/v2\/product\/702069","targetHints":{"allow":["GET"]}}],"collection":[{"href":"https:\/\/roveyayinevi.com.tr\/index.php\/wp-json\/wp\/v2\/product"}],"about":[{"href":"https:\/\/roveyayinevi.com.tr\/index.php\/wp-json\/wp\/v2\/types\/product"}],"wp:attachment":[{"href":"https:\/\/roveyayinevi.com.tr\/index.php\/wp-json\/wp\/v2\/media?parent=702069"}],"wp:term":[{"taxonomy":"product_brand","embeddable":true,"href":"https:\/\/roveyayinevi.com.tr\/index.php\/wp-json\/wp\/v2\/product_brand?post=702069"},{"taxonomy":"product_cat","embeddable":true,"href":"https:\/\/roveyayinevi.com.tr\/index.php\/wp-json\/wp\/v2\/product_cat?post=702069"},{"taxonomy":"product_tag","embeddable":true,"href":"https:\/\/roveyayinevi.com.tr\/index.php\/wp-json\/wp\/v2\/product_tag?post=702069"}],"curies":[{"name":"wp","href":"https:\/\/api.w.org\/{rel}","templated":true}]}}