{"id":702067,"date":"2025-08-27T15:13:44","date_gmt":"2025-08-27T12:13:44","guid":{"rendered":"https:\/\/roveyayinevi.com.tr\/index.php\/urun\/calisma-ve-refah\/"},"modified":"2025-11-22T03:23:22","modified_gmt":"2025-11-22T00:23:22","slug":"calisma-ve-refah","status":"publish","type":"product","link":"https:\/\/roveyayinevi.com.tr\/index.php\/urun\/calisma-ve-refah\/","title":{"rendered":"\u00c7al\u0131\u015fma ve Refah"},"content":{"rendered":"<p>\u0130\u00c7\u0130NDEK\u0130LER1.B\u00f6l\u00fcm : Refah ve \u00c7al\u0131\u015fma2.B\u00f6l\u00fcm : \u00c7al\u0131\u015fma Ekseninde D\u00f6n\u00fc\u015fen Refah3.B\u00f6l\u00fcm : T\u00fcrkiye Refah Rejimi <\/p>\n","protected":false},"excerpt":{"rendered":"<p>\u0130\u00c7\u0130NDEK\u0130LER1.B\u00f6l\u00fcm : Refah ve \u00c7al\u0131\u015fma2.B\u00f6l\u00fcm : \u00c7al\u0131\u015fma Ekseninde D\u00f6n\u00fc\u015fen Refah3.B\u00f6l\u00fcm : T\u00fcrkiye Refah Rejimi<\/p>\n","protected":false},"featured_media":0,"template":"","meta":{"_monsterinsights_skip_tracking":false,"_monsterinsights_sitenote_active":false,"_monsterinsights_sitenote_note":"","_monsterinsights_sitenote_category":0},"product_brand":[],"product_cat":[12573,12566],"product_tag":[],"class_list":{"0":"post-702067","1":"product","2":"type-product","3":"status-publish","5":"product_cat-akademik-kitaplar","6":"product_cat-egitim","7":"pa_cilt-ciltsiz","8":"pa_tur-kitap","9":"pa_yayinevi-gazi-kitabevi","10":"pa_yazar-banu-metin-mehmet-merve-ozaydin","12":"first","13":"instock","14":"sale","15":"shipping-taxable","16":"purchasable","17":"product-type-simple"},"_links":{"self":[{"href":"https:\/\/roveyayinevi.com.tr\/index.php\/wp-json\/wp\/v2\/product\/702067","targetHints":{"allow":["GET"]}}],"collection":[{"href":"https:\/\/roveyayinevi.com.tr\/index.php\/wp-json\/wp\/v2\/product"}],"about":[{"href":"https:\/\/roveyayinevi.com.tr\/index.php\/wp-json\/wp\/v2\/types\/product"}],"wp:attachment":[{"href":"https:\/\/roveyayinevi.com.tr\/index.php\/wp-json\/wp\/v2\/media?parent=702067"}],"wp:term":[{"taxonomy":"product_brand","embeddable":true,"href":"https:\/\/roveyayinevi.com.tr\/index.php\/wp-json\/wp\/v2\/product_brand?post=702067"},{"taxonomy":"product_cat","embeddable":true,"href":"https:\/\/roveyayinevi.com.tr\/index.php\/wp-json\/wp\/v2\/product_cat?post=702067"},{"taxonomy":"product_tag","embeddable":true,"href":"https:\/\/roveyayinevi.com.tr\/index.php\/wp-json\/wp\/v2\/product_tag?post=702067"}],"curies":[{"name":"wp","href":"https:\/\/api.w.org\/{rel}","templated":true}]}}