{"id":702063,"date":"2025-08-27T15:13:43","date_gmt":"2025-08-27T12:13:43","guid":{"rendered":"https:\/\/roveyayinevi.com.tr\/index.php\/urun\/delilige-ovgu-4\/"},"modified":"2026-04-16T02:11:21","modified_gmt":"2026-04-15T23:11:21","slug":"delilige-ovgu-4","status":"publish","type":"product","link":"https:\/\/roveyayinevi.com.tr\/index.php\/urun\/delilige-ovgu-4\/","title":{"rendered":"Delili\u011fe \u00d6vg\u00fc"},"content":{"rendered":"<p>Desiderius Erasmus (1469-1536) R\u00f6nesans\u0131n ate\u015f gemisi ve H\u00fcmanizmin d\u00fc\u015f\u00fcnsel \u00f6nderidir. \u0130yi bir ilahiyat\u00e7\u0131, Latinceyi ana dili olarak g\u00f6ren bir edebiyat\u00e7\u0131, hepsinden \u00f6nemlisi, g\u00fc\u00e7l\u00fcye ba\u011flanmay\u0131 reddeden \u00f6zg\u00fcr d\u00fc\u015f\u00fcncenin \u00f6nc\u00fcs\u00fc. \u00c7a\u011fda\u015flar\u0131n\u0131n \u00e7izdi\u011fi k\u0131r\u0131lgan bedenli portresine, \u00f6l\u00fcm\u00fcne yak\u0131n Luther ile giri\u015fti\u011fi polemik d\u0131\u015f\u0131nda her zaman bar\u0131\u015ftan yana kimli\u011fine kar\u015f\u0131n mezar\u0131na mulli cedo (geri \u00e7ekilmek yok) yazd\u0131racak denli onurlu bir adam. Delili\u011fe \u00d6vg\u00fc, Erasmus&#8217;un en tan\u0131nm\u0131\u015f yap\u0131t\u0131d\u0131r. Bu, i\u00e7inde ak\u0131ldan ziyade mizah\u0131n, hidayetten ziyade derin bilginin bulundu\u011fu e\u015fsiz bir eserdir. Ayn\u0131 zamanda ba\u011flay\u0131c\u0131d\u0131r da, Delilik Tanr\u0131\u00e7as\u0131&#8217;n\u0131n hunisini takarak iyi insanlara tavsiyeler verdi\u011fi bu s\u00f6ylevi dinlemeye ba\u015flad\u0131\u011f\u0131n\u0131zda, bizi nereye s\u00fcr\u00fckleyece\u011fini \u00f6\u011frenmek ve sonuna dek dinlemek istiyorsunuz&#8230; Pierre de Nolhac<\/p>\n","protected":false},"excerpt":{"rendered":"<p>Desiderius Erasmus (1469-1536) R\u00f6nesans\u0131n ate\u015f gemisi ve H\u00fcmanizmin d\u00fc\u015f\u00fcnsel \u00f6nderidir. \u0130yi bir ilahiyat\u00e7\u0131, Latinceyi ana dili olarak g\u00f6ren bir edebiyat\u00e7\u0131, hepsinden \u00f6nemlisi, g\u00fc\u00e7l\u00fcye ba\u011flanmay\u0131 reddeden \u00f6zg\u00fcr<span class=\"excerpt-hellip\"> [\u2026]<\/span><\/p>\n","protected":false},"featured_media":0,"template":"","meta":{"_monsterinsights_skip_tracking":false,"_monsterinsights_sitenote_active":false,"_monsterinsights_sitenote_note":"","_monsterinsights_sitenote_category":0},"product_brand":[],"product_cat":[12388,15309],"product_tag":[],"class_list":{"0":"post-702063","1":"product","2":"type-product","3":"status-publish","5":"product_cat-felsefe","6":"product_cat-felsefi-akimlar","7":"pa_cilt-ciltsiz","8":"pa_tur-kitap","9":"pa_yayinevi-cem-yayinevi","10":"pa_yazar-desiderius-erasmus","12":"first","13":"instock","14":"sale","15":"shipping-taxable","16":"purchasable","17":"product-type-simple"},"_links":{"self":[{"href":"https:\/\/roveyayinevi.com.tr\/index.php\/wp-json\/wp\/v2\/product\/702063","targetHints":{"allow":["GET"]}}],"collection":[{"href":"https:\/\/roveyayinevi.com.tr\/index.php\/wp-json\/wp\/v2\/product"}],"about":[{"href":"https:\/\/roveyayinevi.com.tr\/index.php\/wp-json\/wp\/v2\/types\/product"}],"wp:attachment":[{"href":"https:\/\/roveyayinevi.com.tr\/index.php\/wp-json\/wp\/v2\/media?parent=702063"}],"wp:term":[{"taxonomy":"product_brand","embeddable":true,"href":"https:\/\/roveyayinevi.com.tr\/index.php\/wp-json\/wp\/v2\/product_brand?post=702063"},{"taxonomy":"product_cat","embeddable":true,"href":"https:\/\/roveyayinevi.com.tr\/index.php\/wp-json\/wp\/v2\/product_cat?post=702063"},{"taxonomy":"product_tag","embeddable":true,"href":"https:\/\/roveyayinevi.com.tr\/index.php\/wp-json\/wp\/v2\/product_tag?post=702063"}],"curies":[{"name":"wp","href":"https:\/\/api.w.org\/{rel}","templated":true}]}}