{"id":702062,"date":"2025-08-27T15:13:42","date_gmt":"2025-08-27T12:13:42","guid":{"rendered":"https:\/\/roveyayinevi.com.tr\/index.php\/urun\/kitle-iletisimin-kulturel-islevleri\/"},"modified":"2026-04-16T02:11:21","modified_gmt":"2026-04-15T23:11:21","slug":"kitle-iletisimin-kulturel-islevleri","status":"publish","type":"product","link":"https:\/\/roveyayinevi.com.tr\/index.php\/urun\/kitle-iletisimin-kulturel-islevleri\/","title":{"rendered":"Kitle \u0130leti\u015fimin K\u00fclt\u00fcrel \u0130\u015flevleri"},"content":{"rendered":"<p>\u201c\u00c7a\u011fda\u015f toplumlardaki kitle ileti\u015fimi olgusunu anlayabilmek i\u00e7in ileti\u015fim s\u00fcrecini toplumsal sistemden soyutlamaks\u0131z\u0131n ele almak, b\u00f6ylelikle gitgide yo\u011funla\u015fan kitle ileti\u015fimine ra\u011fmen, ba\u011f\u0131ml\u0131 konumdaki insanlar\u0131n toplumsal ya\u015fam i\u00e7inde realiteyi kendi toplumsal konumlar\u0131 a\u00e7\u0131s\u0131ndan alg\u0131layamama durumlar\u0131n\u0131n nedenlerini bulabilmek gerekiyor.\u201d \ufffcTan\u0131t\u0131m Metni<\/p>\n","protected":false},"excerpt":{"rendered":"<p>\u201c\u00c7a\u011fda\u015f toplumlardaki kitle ileti\u015fimi olgusunu anlayabilmek i\u00e7in ileti\u015fim s\u00fcrecini toplumsal sistemden soyutlamaks\u0131z\u0131n ele almak, b\u00f6ylelikle gitgide yo\u011funla\u015fan kitle ileti\u015fimine ra\u011fmen, ba\u011f\u0131ml\u0131 konumdaki insanlar\u0131n toplumsal ya\u015fam i\u00e7inde<span class=\"excerpt-hellip\"> [\u2026]<\/span><\/p>\n","protected":false},"featured_media":0,"template":"","meta":{"_monsterinsights_skip_tracking":false,"_monsterinsights_sitenote_active":false,"_monsterinsights_sitenote_note":"","_monsterinsights_sitenote_category":0},"product_brand":[],"product_cat":[12835,12324],"product_tag":[],"class_list":{"0":"post-702062","1":"product","2":"type-product","3":"status-publish","5":"product_cat-genel-sosyoloji","6":"product_cat-sosyoloji","7":"pa_cilt-ciltsiz","8":"pa_tur-kitap","9":"pa_yayinevi-inkilap-kitabevi","10":"pa_yazar-unsal-oskay","12":"first","13":"instock","14":"sale","15":"shipping-taxable","16":"purchasable","17":"product-type-simple"},"_links":{"self":[{"href":"https:\/\/roveyayinevi.com.tr\/index.php\/wp-json\/wp\/v2\/product\/702062","targetHints":{"allow":["GET"]}}],"collection":[{"href":"https:\/\/roveyayinevi.com.tr\/index.php\/wp-json\/wp\/v2\/product"}],"about":[{"href":"https:\/\/roveyayinevi.com.tr\/index.php\/wp-json\/wp\/v2\/types\/product"}],"wp:attachment":[{"href":"https:\/\/roveyayinevi.com.tr\/index.php\/wp-json\/wp\/v2\/media?parent=702062"}],"wp:term":[{"taxonomy":"product_brand","embeddable":true,"href":"https:\/\/roveyayinevi.com.tr\/index.php\/wp-json\/wp\/v2\/product_brand?post=702062"},{"taxonomy":"product_cat","embeddable":true,"href":"https:\/\/roveyayinevi.com.tr\/index.php\/wp-json\/wp\/v2\/product_cat?post=702062"},{"taxonomy":"product_tag","embeddable":true,"href":"https:\/\/roveyayinevi.com.tr\/index.php\/wp-json\/wp\/v2\/product_tag?post=702062"}],"curies":[{"name":"wp","href":"https:\/\/api.w.org\/{rel}","templated":true}]}}