{"id":702051,"date":"2025-08-27T15:13:38","date_gmt":"2025-08-27T12:13:38","guid":{"rendered":"https:\/\/roveyayinevi.com.tr\/index.php\/urun\/gizli-isler-tayfasi-1-caylak-yazar-is-basinda\/"},"modified":"2026-04-16T02:11:21","modified_gmt":"2026-04-15T23:11:21","slug":"gizli-isler-tayfasi-1-caylak-yazar-is-basinda","status":"publish","type":"product","link":"https:\/\/roveyayinevi.com.tr\/index.php\/urun\/gizli-isler-tayfasi-1-caylak-yazar-is-basinda\/","title":{"rendered":"Gizli \u0130\u015fler Tayfas\u0131 1: \u00c7aylak Yazar \u0130\u015f Ba\u015f\u0131nda"},"content":{"rendered":"<p>Merhaba,ben Erdem Baba.Yanl\u0131\u015f duymad\u0131n.Bu benim kod ad\u0131m. F\u0131rt\u0131na, Kitapkurdu, Susam ve Numarat\u00f6r tayfan\u0131n di\u011fer \u00fcyeleri.Biz Gizli \u0130\u015fler Tayfas\u0131\u2019y\u0131z!Bu y\u0131l okulda bir yar\u0131\u015fma d\u00fczenleniyor.Ben de birinci olmak istiyorum.Bana yard\u0131m etmek tayfan\u0131n yeni gizli \u00fcyesiolarak senin g\u00f6revin. D\u00e2hice fikirlerine Gizli \u0130\u015fler Tayfas\u0131 olarak ihtiyac\u0131m\u0131z var. Hadi,yumruklar\u0131m\u0131z\u0131 \u00fcst \u00fcste koyal\u0131m ve gizli s\u00f6zleri f\u0131s\u0131ldayal\u0131m:Kaplumba\u011falar Brokoli Sevmez,Gizli \u0130\u015fler Tayfas\u0131\u2019n\u0131 Kimse Ye-Ne-Mez!<\/p>\n","protected":false},"excerpt":{"rendered":"<p>Merhaba,ben Erdem Baba.Yanl\u0131\u015f duymad\u0131n.Bu benim kod ad\u0131m. F\u0131rt\u0131na, Kitapkurdu, Susam ve Numarat\u00f6r tayfan\u0131n di\u011fer \u00fcyeleri.Biz Gizli \u0130\u015fler Tayfas\u0131\u2019y\u0131z!Bu y\u0131l okulda bir yar\u0131\u015fma d\u00fczenleniyor.Ben de birinci olmak<span class=\"excerpt-hellip\"> [\u2026]<\/span><\/p>\n","protected":false},"featured_media":0,"template":"","meta":{"_monsterinsights_skip_tracking":false,"_monsterinsights_sitenote_active":false,"_monsterinsights_sitenote_note":"","_monsterinsights_sitenote_category":0},"product_brand":[],"product_cat":[12274,12284],"product_tag":[],"class_list":{"0":"post-702051","1":"product","2":"type-product","3":"status-publish","5":"product_cat-cocuk-ve-genclik-kitaplari","6":"product_cat-hikayeler","7":"pa_cilt-ciltsiz","8":"pa_tur-kitap","9":"pa_yayinevi-nesil-cocuk-yayinlari","10":"pa_yazar-fatma-cagdas-borekci","12":"first","13":"instock","14":"sale","15":"shipping-taxable","16":"purchasable","17":"product-type-simple"},"_links":{"self":[{"href":"https:\/\/roveyayinevi.com.tr\/index.php\/wp-json\/wp\/v2\/product\/702051","targetHints":{"allow":["GET"]}}],"collection":[{"href":"https:\/\/roveyayinevi.com.tr\/index.php\/wp-json\/wp\/v2\/product"}],"about":[{"href":"https:\/\/roveyayinevi.com.tr\/index.php\/wp-json\/wp\/v2\/types\/product"}],"wp:attachment":[{"href":"https:\/\/roveyayinevi.com.tr\/index.php\/wp-json\/wp\/v2\/media?parent=702051"}],"wp:term":[{"taxonomy":"product_brand","embeddable":true,"href":"https:\/\/roveyayinevi.com.tr\/index.php\/wp-json\/wp\/v2\/product_brand?post=702051"},{"taxonomy":"product_cat","embeddable":true,"href":"https:\/\/roveyayinevi.com.tr\/index.php\/wp-json\/wp\/v2\/product_cat?post=702051"},{"taxonomy":"product_tag","embeddable":true,"href":"https:\/\/roveyayinevi.com.tr\/index.php\/wp-json\/wp\/v2\/product_tag?post=702051"}],"curies":[{"name":"wp","href":"https:\/\/api.w.org\/{rel}","templated":true}]}}