{"id":702050,"date":"2025-08-27T15:13:38","date_gmt":"2025-08-27T12:13:38","guid":{"rendered":"https:\/\/roveyayinevi.com.tr\/index.php\/urun\/sevgili-gunluk-oyku-anlatiyor-2\/"},"modified":"2026-04-16T02:11:21","modified_gmt":"2026-04-15T23:11:21","slug":"sevgili-gunluk-oyku-anlatiyor-2","status":"publish","type":"product","link":"https:\/\/roveyayinevi.com.tr\/index.php\/urun\/sevgili-gunluk-oyku-anlatiyor-2\/","title":{"rendered":"Sevgili G\u00fcnl\u00fck \u00d6yk\u00fc Anlat\u0131yor"},"content":{"rendered":"<p>Sevgili G\u00fcnl\u00fc\u011f\u00fcm, Bug\u00fcn bir kitaba rastlad\u0131m. \u0130smi Sevgili G\u00fcnl\u00fck \u00d6yk\u00fc Anlat\u0131yor. \u0130\u00e7inde mutsuz bakkal amcalar\u0131n saklad\u0131\u011f\u0131 tonton s\u0131rlardan, saklamba\u00e7 seven kocaman fillere, \u00f6zg\u00fcrl\u00fc\u011f\u00fcn\u00fc ilan eden ku\u015flara kadar pek \u00e7ok \u015fey anlat\u0131l\u0131yormu\u015f. Asl\u0131nda bu anlat\u0131lanlar ya\u015f\u0131tlar\u0131m\u0131z\u0131n g\u00fcnl\u00fcklerinde ge\u00e7iyormu\u015f. Onlar\u0131n \u00f6yk\u00fcleri, okuyan\u0131 yeni hayatlarla tan\u0131\u015ft\u0131racak, kalemlerinden damlayan s\u00f6zc\u00fckler bizimle sohbete dalacakm\u0131\u015f. Ben de ilk sayfalara \u015f\u00f6yle bir g\u00f6z att\u0131m. Bir yetene\u011fi olsun isteyen Can&#8217;\u0131n yazd\u0131klar\u0131n\u0131 g\u00f6rd\u00fcm. Acaba neler hissediyor, ne yapacak? Merakland\u0131m do\u011frusu, g\u00fcnl\u00fckler kimi heyecanland\u0131rmaz ki! Birazdan okumaya devam edip neler oldu\u011funu \u00f6\u011frenece\u011fim. Bu, g\u00fcnl\u00fc\u011f\u00fcm\u00fcn ilk sayfas\u0131. Kim bilir, belki yazmaya devam ederim. Hatta belki senin de bir g\u00fcnl\u00fc\u011f\u00fcn olur, ne dersin? <\/p>\n","protected":false},"excerpt":{"rendered":"<p>Sevgili G\u00fcnl\u00fc\u011f\u00fcm, Bug\u00fcn bir kitaba rastlad\u0131m. \u0130smi Sevgili G\u00fcnl\u00fck \u00d6yk\u00fc Anlat\u0131yor. \u0130\u00e7inde mutsuz bakkal amcalar\u0131n saklad\u0131\u011f\u0131 tonton s\u0131rlardan, saklamba\u00e7 seven kocaman fillere, \u00f6zg\u00fcrl\u00fc\u011f\u00fcn\u00fc ilan eden ku\u015flara<span class=\"excerpt-hellip\"> [\u2026]<\/span><\/p>\n","protected":false},"featured_media":0,"template":"","meta":{"_monsterinsights_skip_tracking":false,"_monsterinsights_sitenote_active":false,"_monsterinsights_sitenote_note":"","_monsterinsights_sitenote_category":0},"product_brand":[],"product_cat":[12275,12274],"product_tag":[],"class_list":{"0":"post-702050","1":"product","2":"type-product","3":"status-publish","5":"product_cat-6-12-yas-kitaplari","6":"product_cat-cocuk-ve-genclik-kitaplari","7":"pa_cilt-ciltsiz","8":"pa_tur-kitap","9":"pa_yayinevi-elma-cocuk","10":"pa_yazar-ahmet-onal","12":"first","13":"instock","14":"sale","15":"shipping-taxable","16":"purchasable","17":"product-type-simple"},"_links":{"self":[{"href":"https:\/\/roveyayinevi.com.tr\/index.php\/wp-json\/wp\/v2\/product\/702050","targetHints":{"allow":["GET"]}}],"collection":[{"href":"https:\/\/roveyayinevi.com.tr\/index.php\/wp-json\/wp\/v2\/product"}],"about":[{"href":"https:\/\/roveyayinevi.com.tr\/index.php\/wp-json\/wp\/v2\/types\/product"}],"wp:attachment":[{"href":"https:\/\/roveyayinevi.com.tr\/index.php\/wp-json\/wp\/v2\/media?parent=702050"}],"wp:term":[{"taxonomy":"product_brand","embeddable":true,"href":"https:\/\/roveyayinevi.com.tr\/index.php\/wp-json\/wp\/v2\/product_brand?post=702050"},{"taxonomy":"product_cat","embeddable":true,"href":"https:\/\/roveyayinevi.com.tr\/index.php\/wp-json\/wp\/v2\/product_cat?post=702050"},{"taxonomy":"product_tag","embeddable":true,"href":"https:\/\/roveyayinevi.com.tr\/index.php\/wp-json\/wp\/v2\/product_tag?post=702050"}],"curies":[{"name":"wp","href":"https:\/\/api.w.org\/{rel}","templated":true}]}}