{"id":702047,"date":"2025-08-27T15:13:37","date_gmt":"2025-08-27T12:13:37","guid":{"rendered":"https:\/\/roveyayinevi.com.tr\/index.php\/urun\/anadolu-masallari-az-gidenler-uz-gidenler\/"},"modified":"2026-04-16T02:11:21","modified_gmt":"2026-04-15T23:11:21","slug":"anadolu-masallari-az-gidenler-uz-gidenler","status":"publish","type":"product","link":"https:\/\/roveyayinevi.com.tr\/index.php\/urun\/anadolu-masallari-az-gidenler-uz-gidenler\/","title":{"rendered":"Anadolu Masallar\u0131 &#8211; Az Gidenler Uz Gidenler"},"content":{"rendered":"<p>\u201cEvvel zaman i\u00e7inde kalbur saman i\u00e7inde\u2026\u201d diye ba\u015flar masallar. Masal\u0131n kurgusal d\u00fcnyas\u0131na a\u00e7\u0131lan bir kap\u0131 i\u015flevi g\u00f6ren tekerleme, bizi ger\u00e7eklikten uzakla\u015ft\u0131rarak bu d\u00fcnyaya haz\u0131rlar. Kap\u0131dan girince kar\u015f\u0131la\u015ft\u0131\u011f\u0131m\u0131z ola\u011fan\u00fcst\u00fc \u00f6\u011felerle dolu d\u00fcnya, e\u011flendirme amac\u0131ndan fazlas\u0131na sahiptir. Dolay\u0131s\u0131yla toplumlar, yaln\u0131zca \u00e7ocuklar i\u00e7in yaratmazlar masallar\u0131. Toplumu e\u011fitmek, d\u00fcnya halklar\u0131na ya\u015fam ser\u00fcvenleri boyunca yol g\u00f6stermek, toplumsal bir haf\u0131za, insanl\u0131\u011fa dair \u201ck\u00fclt\u00fcrel bir genetik kod\u201d olu\u015fturmak i\u00e7in yarat\u0131rlar. <\/p>\n","protected":false},"excerpt":{"rendered":"<p>\u201cEvvel zaman i\u00e7inde kalbur saman i\u00e7inde\u2026\u201d diye ba\u015flar masallar. Masal\u0131n kurgusal d\u00fcnyas\u0131na a\u00e7\u0131lan bir kap\u0131 i\u015flevi g\u00f6ren tekerleme, bizi ger\u00e7eklikten uzakla\u015ft\u0131rarak bu d\u00fcnyaya haz\u0131rlar. Kap\u0131dan girince<span class=\"excerpt-hellip\"> [\u2026]<\/span><\/p>\n","protected":false},"featured_media":0,"template":"","meta":{"_monsterinsights_skip_tracking":false,"_monsterinsights_sitenote_active":false,"_monsterinsights_sitenote_note":"","_monsterinsights_sitenote_category":0},"product_brand":[],"product_cat":[12777,12291],"product_tag":[],"class_list":{"0":"post-702047","1":"product","2":"type-product","3":"status-publish","5":"product_cat-deneme","6":"product_cat-edebiyat","7":"pa_tur-kitap","8":"pa_yayinevi-kaynak-yayinlari","9":"pa_yazar-muhsine-helimoglu-yavuz","11":"first","12":"instock","13":"sale","14":"shipping-taxable","15":"purchasable","16":"product-type-simple"},"_links":{"self":[{"href":"https:\/\/roveyayinevi.com.tr\/index.php\/wp-json\/wp\/v2\/product\/702047","targetHints":{"allow":["GET"]}}],"collection":[{"href":"https:\/\/roveyayinevi.com.tr\/index.php\/wp-json\/wp\/v2\/product"}],"about":[{"href":"https:\/\/roveyayinevi.com.tr\/index.php\/wp-json\/wp\/v2\/types\/product"}],"wp:attachment":[{"href":"https:\/\/roveyayinevi.com.tr\/index.php\/wp-json\/wp\/v2\/media?parent=702047"}],"wp:term":[{"taxonomy":"product_brand","embeddable":true,"href":"https:\/\/roveyayinevi.com.tr\/index.php\/wp-json\/wp\/v2\/product_brand?post=702047"},{"taxonomy":"product_cat","embeddable":true,"href":"https:\/\/roveyayinevi.com.tr\/index.php\/wp-json\/wp\/v2\/product_cat?post=702047"},{"taxonomy":"product_tag","embeddable":true,"href":"https:\/\/roveyayinevi.com.tr\/index.php\/wp-json\/wp\/v2\/product_tag?post=702047"}],"curies":[{"name":"wp","href":"https:\/\/api.w.org\/{rel}","templated":true}]}}