{"id":702046,"date":"2025-08-27T15:13:36","date_gmt":"2025-08-27T12:13:36","guid":{"rendered":"https:\/\/roveyayinevi.com.tr\/index.php\/urun\/uc-bucuk-oyku\/"},"modified":"2026-04-16T02:11:21","modified_gmt":"2026-04-15T23:11:21","slug":"uc-bucuk-oyku","status":"publish","type":"product","link":"https:\/\/roveyayinevi.com.tr\/index.php\/urun\/uc-bucuk-oyku\/","title":{"rendered":"\u00dc\u00e7 Bu\u00e7uk \u00d6yk\u00fc"},"content":{"rendered":"<p>Patrick S\u00fcskind, T\u00fcrkiye\u2019deki okurlar\u0131n yak\u0131ndan tan\u0131d\u0131\u011f\u0131, sevdi\u011fi bir ad. Unutulmaz roman\u0131 Koku, k\u0131sa roman\u0131 G\u00fcvercin ve Herr Sommer\u2019in \u00d6yk\u00fcs\u00fc\u2019n\u00fcn ard\u0131ndan bu kez de \u00f6yk\u00fcleriyle kar\u015f\u0131n\u0131zda. S\u00fcskind, insan do\u011fas\u0131n\u0131, zay\u0131fl\u0131klar\u0131 ve erdemleriyle iyi bilen bir yazar. Derin bir g\u00f6zlem g\u00fcc\u00fc, kendini hissettiren dozunda bir ironi, fantastik bir kurgulama bu \u00f6yk\u00fclerin ortak \u00f6zelli\u011fi. Resimlerinde yeterli derinli\u011fin olmad\u0131\u011f\u0131n\u0131 s\u00f6yleyen bir ele\u015ftirmen y\u00fcz\u00fcnden ya\u015fam\u0131 alt\u00fcst olan gen\u00e7 bir kad\u0131n ressam; \u015fa\u015f\u0131rt\u0131c\u0131 bir satran\u00e7 oyununun tuhaf oyuncular\u0131; d\u00fcnyan\u0131n ac\u0131mas\u0131zca kapanan bir midye kabu\u011fu oldu\u011funa inanan bir kuyumcu; yaz\u0131nsal bellek kayb\u0131ndan yak\u0131nan bir okur, bu ilgin\u00e7 \u00f6yk\u00fclerin ilgin\u00e7 kahramanlar\u0131. S\u00fcskind\u2019in usta bir anlat\u0131c\u0131 oldu\u011funu bir kez daha kan\u0131tlayan \u00dc\u00e7 Bu\u00e7uk \u00d6yk\u00fc, k\u00fc\u00e7\u00fck ama belleklerde ho\u015f bir tat b\u0131rakan bir kitap\u00e7\u0131k. <\/p>\n","protected":false},"excerpt":{"rendered":"<p>Patrick S\u00fcskind, T\u00fcrkiye\u2019deki okurlar\u0131n yak\u0131ndan tan\u0131d\u0131\u011f\u0131, sevdi\u011fi bir ad. Unutulmaz roman\u0131 Koku, k\u0131sa roman\u0131 G\u00fcvercin ve Herr Sommer\u2019in \u00d6yk\u00fcs\u00fc\u2019n\u00fcn ard\u0131ndan bu kez de \u00f6yk\u00fcleriyle kar\u015f\u0131n\u0131zda. S\u00fcskind,<span class=\"excerpt-hellip\"> [\u2026]<\/span><\/p>\n","protected":false},"featured_media":0,"template":"","meta":{"_monsterinsights_skip_tracking":false,"_monsterinsights_sitenote_active":false,"_monsterinsights_sitenote_note":"","_monsterinsights_sitenote_category":0},"product_brand":[],"product_cat":[12782,12291],"product_tag":[],"class_list":{"0":"post-702046","1":"product","2":"type-product","3":"status-publish","5":"product_cat-alman-edebiyati","6":"product_cat-edebiyat","7":"pa_cilt-ciltsiz","8":"pa_tur-kitap","9":"pa_yayinevi-can-yayinlari","10":"pa_yazar-patrick-suskind","12":"first","13":"instock","14":"sale","15":"shipping-taxable","16":"purchasable","17":"product-type-simple"},"_links":{"self":[{"href":"https:\/\/roveyayinevi.com.tr\/index.php\/wp-json\/wp\/v2\/product\/702046","targetHints":{"allow":["GET"]}}],"collection":[{"href":"https:\/\/roveyayinevi.com.tr\/index.php\/wp-json\/wp\/v2\/product"}],"about":[{"href":"https:\/\/roveyayinevi.com.tr\/index.php\/wp-json\/wp\/v2\/types\/product"}],"wp:attachment":[{"href":"https:\/\/roveyayinevi.com.tr\/index.php\/wp-json\/wp\/v2\/media?parent=702046"}],"wp:term":[{"taxonomy":"product_brand","embeddable":true,"href":"https:\/\/roveyayinevi.com.tr\/index.php\/wp-json\/wp\/v2\/product_brand?post=702046"},{"taxonomy":"product_cat","embeddable":true,"href":"https:\/\/roveyayinevi.com.tr\/index.php\/wp-json\/wp\/v2\/product_cat?post=702046"},{"taxonomy":"product_tag","embeddable":true,"href":"https:\/\/roveyayinevi.com.tr\/index.php\/wp-json\/wp\/v2\/product_tag?post=702046"}],"curies":[{"name":"wp","href":"https:\/\/api.w.org\/{rel}","templated":true}]}}