{"id":702045,"date":"2025-08-27T15:13:36","date_gmt":"2025-08-27T12:13:36","guid":{"rendered":"https:\/\/roveyayinevi.com.tr\/index.php\/urun\/gozlerinde-gunes-var\/"},"modified":"2026-04-16T02:11:21","modified_gmt":"2026-04-15T23:11:21","slug":"gozlerinde-gunes-var","status":"publish","type":"product","link":"https:\/\/roveyayinevi.com.tr\/index.php\/urun\/gozlerinde-gunes-var\/","title":{"rendered":"G\u00f6zlerinde G\u00fcne\u015f Var"},"content":{"rendered":"<p>Onlar \u0130\u00e7in g\u00fcne\u015f hi\u00e7 batm\u0131yor&#8230; Belki b\u00fcy\u00fck kentlerden birinde ya\u015f\u0131yorsunuz; geziyor, e\u011fleniyor, en \u00e7ok iki arkada\u015f\u0131n\u0131zla okul s\u0131ran\u0131z\u0131 payla\u015f\u0131yorsunuz. Belki kendi bilgisayar\u0131n\u0131z bile var. \u015eansl\u0131s\u0131n\u0131z&#8230; Ama tan\u0131mad\u0131\u011f\u0131n\u0131z, adlar\u0131n\u0131 bile bilmedi\u011finiz, sizinle ayn\u0131 g\u00f6ky\u00fcz\u00fcn\u00fc payla\u015fan bir\u00e7ok arkada\u015f\u0131n\u0131z da var \u00fclkemizde. Onlar kalabal\u0131k aileleriyle, \u00e7o\u011fu zaman \u00e7\u0131\u011fdan, selden kapanm\u0131\u015f yollardan ge\u00e7emeyip okula gidemeden tarlalarda, bah\u00e7elerde \u00e7al\u0131\u015farak, yemek pi\u015firip koyun g\u00fcderek, tezek toplayarak g\u00fcn\u00fc kurtarmaya \u00e7al\u0131\u015f\u0131yorlar&#8230; Bu kitapta i\u015fte o arkada\u015flar\u0131n\u0131z var; yar\u0131n\u0131n belirsizli\u011fine kar\u015f\u0131n, hi\u00e7 bitmeyen bir umutla ya\u015fama s\u0131k\u0131 s\u0131k\u0131 tutunan g\u00fcne\u015fin \u00e7ocuklar\u0131 var&#8230; \ufffcTan\u0131t\u0131m Metni<\/p>\n","protected":false},"excerpt":{"rendered":"<p>Onlar \u0130\u00e7in g\u00fcne\u015f hi\u00e7 batm\u0131yor&#8230; Belki b\u00fcy\u00fck kentlerden birinde ya\u015f\u0131yorsunuz; geziyor, e\u011fleniyor, en \u00e7ok iki arkada\u015f\u0131n\u0131zla okul s\u0131ran\u0131z\u0131 payla\u015f\u0131yorsunuz. Belki kendi bilgisayar\u0131n\u0131z bile var. \u015eansl\u0131s\u0131n\u0131z&#8230; Ama<span class=\"excerpt-hellip\"> [\u2026]<\/span><\/p>\n","protected":false},"featured_media":0,"template":"","meta":{"_monsterinsights_skip_tracking":false,"_monsterinsights_sitenote_active":false,"_monsterinsights_sitenote_note":"","_monsterinsights_sitenote_category":0},"product_brand":[],"product_cat":[12274,12284],"product_tag":[],"class_list":{"0":"post-702045","1":"product","2":"type-product","3":"status-publish","5":"product_cat-cocuk-ve-genclik-kitaplari","6":"product_cat-hikayeler","7":"pa_cilt-ciltsiz","8":"pa_tur-kitap","9":"pa_yayinevi-can-cocuk-yayinlari","10":"pa_yazar-sevim-ak","12":"first","13":"instock","14":"sale","15":"shipping-taxable","16":"purchasable","17":"product-type-simple"},"_links":{"self":[{"href":"https:\/\/roveyayinevi.com.tr\/index.php\/wp-json\/wp\/v2\/product\/702045","targetHints":{"allow":["GET"]}}],"collection":[{"href":"https:\/\/roveyayinevi.com.tr\/index.php\/wp-json\/wp\/v2\/product"}],"about":[{"href":"https:\/\/roveyayinevi.com.tr\/index.php\/wp-json\/wp\/v2\/types\/product"}],"wp:attachment":[{"href":"https:\/\/roveyayinevi.com.tr\/index.php\/wp-json\/wp\/v2\/media?parent=702045"}],"wp:term":[{"taxonomy":"product_brand","embeddable":true,"href":"https:\/\/roveyayinevi.com.tr\/index.php\/wp-json\/wp\/v2\/product_brand?post=702045"},{"taxonomy":"product_cat","embeddable":true,"href":"https:\/\/roveyayinevi.com.tr\/index.php\/wp-json\/wp\/v2\/product_cat?post=702045"},{"taxonomy":"product_tag","embeddable":true,"href":"https:\/\/roveyayinevi.com.tr\/index.php\/wp-json\/wp\/v2\/product_tag?post=702045"}],"curies":[{"name":"wp","href":"https:\/\/api.w.org\/{rel}","templated":true}]}}