{"id":702043,"date":"2025-08-27T15:13:35","date_gmt":"2025-08-27T12:13:35","guid":{"rendered":"https:\/\/roveyayinevi.com.tr\/index.php\/urun\/obur-divan\/"},"modified":"2026-04-16T02:11:21","modified_gmt":"2026-04-15T23:11:21","slug":"obur-divan","status":"publish","type":"product","link":"https:\/\/roveyayinevi.com.tr\/index.php\/urun\/obur-divan\/","title":{"rendered":"\u00d6b\u00fcr Divan"},"content":{"rendered":"<p>Gazete yaz\u0131lar\u0131n\u0131 kitapla\u015ft\u0131rman\u0131n sak\u0131ncalar\u0131n\u0131 biliyorum.Fakat ben bu yaz\u0131lar\u0131 sadece gazete i\u00e7in yazmad\u0131m.Okundu\u011funda G\u00f6r\u00fclecektir ki, g\u00fcndemde olanlar de\u011fil, g\u00fcndemimizde olmas\u0131 gerekenler anlat\u0131l\u0131yor. <\/p>\n","protected":false},"excerpt":{"rendered":"<p>Gazete yaz\u0131lar\u0131n\u0131 kitapla\u015ft\u0131rman\u0131n sak\u0131ncalar\u0131n\u0131 biliyorum.Fakat ben bu yaz\u0131lar\u0131 sadece gazete i\u00e7in yazmad\u0131m.Okundu\u011funda G\u00f6r\u00fclecektir ki, g\u00fcndemde olanlar de\u011fil, g\u00fcndemimizde olmas\u0131 gerekenler anlat\u0131l\u0131yor.<\/p>\n","protected":false},"featured_media":0,"template":"","meta":{"_monsterinsights_skip_tracking":false,"_monsterinsights_sitenote_active":false,"_monsterinsights_sitenote_note":"","_monsterinsights_sitenote_category":0},"product_brand":[],"product_cat":[12777,12291],"product_tag":[],"class_list":{"0":"post-702043","1":"product","2":"type-product","3":"status-publish","5":"product_cat-deneme","6":"product_cat-edebiyat","7":"pa_cilt-ciltsiz","8":"pa_tur-kitap","9":"pa_yayinevi-profil-kitap","10":"pa_yazar-ibrahim-tenekeci","12":"first","13":"instock","14":"sale","15":"shipping-taxable","16":"purchasable","17":"product-type-simple"},"_links":{"self":[{"href":"https:\/\/roveyayinevi.com.tr\/index.php\/wp-json\/wp\/v2\/product\/702043","targetHints":{"allow":["GET"]}}],"collection":[{"href":"https:\/\/roveyayinevi.com.tr\/index.php\/wp-json\/wp\/v2\/product"}],"about":[{"href":"https:\/\/roveyayinevi.com.tr\/index.php\/wp-json\/wp\/v2\/types\/product"}],"wp:attachment":[{"href":"https:\/\/roveyayinevi.com.tr\/index.php\/wp-json\/wp\/v2\/media?parent=702043"}],"wp:term":[{"taxonomy":"product_brand","embeddable":true,"href":"https:\/\/roveyayinevi.com.tr\/index.php\/wp-json\/wp\/v2\/product_brand?post=702043"},{"taxonomy":"product_cat","embeddable":true,"href":"https:\/\/roveyayinevi.com.tr\/index.php\/wp-json\/wp\/v2\/product_cat?post=702043"},{"taxonomy":"product_tag","embeddable":true,"href":"https:\/\/roveyayinevi.com.tr\/index.php\/wp-json\/wp\/v2\/product_tag?post=702043"}],"curies":[{"name":"wp","href":"https:\/\/api.w.org\/{rel}","templated":true}]}}