{"id":702040,"date":"2025-08-27T15:13:34","date_gmt":"2025-08-27T12:13:34","guid":{"rendered":"https:\/\/roveyayinevi.com.tr\/index.php\/urun\/yeni-cinsel-terapi\/"},"modified":"2026-01-29T02:20:48","modified_gmt":"2026-01-28T23:20:48","slug":"yeni-cinsel-terapi","status":"publish","type":"product","link":"https:\/\/roveyayinevi.com.tr\/index.php\/urun\/yeni-cinsel-terapi\/","title":{"rendered":"Yeni Cinsel Terapi"},"content":{"rendered":"<p>Cinsel problemlere acilen \u00e7\u00f6z\u00fcm bulma gereksinimi ve yeni terapi yakla\u015f\u0131mlar\u0131n\u0131n b\u00fcy\u00fck umut vaat etmesi hem uzmanlar\u0131n hem de toplumun bu alana bir hayli ilgi g\u00f6stermesini sa\u011flam\u0131\u015ft\u0131r. Yeni cinsel tedavileri uygulayan, farkl\u0131 alt yap\u0131lara sahip klinisyenlerin say\u0131s\u0131 h\u0131zla artmaktad\u0131r. Bu alanda \u00e7ok say\u0131da yeni metodolojik de\u011fi\u015fikliklerin ve tekniklerin ortaya \u00e7\u0131kmas\u0131yla, bunlar\u0131n etkinli\u011fine ili\u015fkin iddialar\u0131n artmas\u0131yla birlikte bu pop\u00fclarite kafa kar\u0131\u015f\u0131kl\u0131\u011f\u0131na yol a\u00e7maktad\u0131r. Anlaml\u0131 bir kavramsal ba\u011flamdan de\u011ferlendirildi\u011finde cinsel sorunlar\u0131n nedenleri ve tedavinin dayand\u0131r\u0131ld\u0131\u011f\u0131 ilkeler asl\u0131nda hi\u00e7 de mu\u011flak de\u011fildir. Bu kitab\u0131n amac\u0131 iki y\u00f6nl\u00fcd\u00fcr: cinsel bozukluklar\u0131n tedavisiyle ilgili ortaya at\u0131lan yeni y\u00f6ntemleri anlatmak, bu teorik bilgileri psikopatoloji kuram\u0131yla ve psikiyatrik tedaviyle ili\u015fkilendirerek altta yatan temel kavramlara a\u00e7\u0131kl\u0131k getirmek. Ck Yay\u0131nevi olarak amac\u0131m\u0131z aile, evlilik ve \u00e7ift terapisi ile cinsel terapi alan\u0131nda \u00e7al\u0131\u015fan profesyonellere ve sorun ya\u015fayan insanlara yararlanabilecekleri temel eserler sunmakt\u0131r. Bu kitab\u0131yla Helen Singer Kaplan\u2019\u0131n cinsel terapi alana getirdi\u011fi yeni perspektif, cinsel terapi uygulamalar\u0131nda sistematik olarak yap\u0131land\u0131r\u0131lm\u0131\u015f cinsel deneyimlerin tek ve birle\u015fik terapi seanslar\u0131yla entegre edilmi\u015f bir \u015fekilde kullan\u0131lmas\u0131d\u0131r. <\/p>\n","protected":false},"excerpt":{"rendered":"<p>Cinsel problemlere acilen \u00e7\u00f6z\u00fcm bulma gereksinimi ve yeni terapi yakla\u015f\u0131mlar\u0131n\u0131n b\u00fcy\u00fck umut vaat etmesi hem uzmanlar\u0131n hem de toplumun bu alana bir hayli ilgi g\u00f6stermesini sa\u011flam\u0131\u015ft\u0131r.<span class=\"excerpt-hellip\"> [\u2026]<\/span><\/p>\n","protected":false},"featured_media":0,"template":"","meta":{"_monsterinsights_skip_tracking":false,"_monsterinsights_sitenote_active":false,"_monsterinsights_sitenote_note":"","_monsterinsights_sitenote_category":0},"product_brand":[],"product_cat":[17502,13488],"product_tag":[],"class_list":{"0":"post-702040","1":"product","2":"type-product","3":"status-publish","5":"product_cat-cinsellik","6":"product_cat-toplum-ve-insan","7":"pa_cilt-ciltsiz","8":"pa_tur-kitap","9":"pa_yayinevi-ck-yayinevi","10":"pa_yazar-helen-singer-kaplan","12":"first","13":"instock","14":"sale","15":"shipping-taxable","16":"purchasable","17":"product-type-simple"},"_links":{"self":[{"href":"https:\/\/roveyayinevi.com.tr\/index.php\/wp-json\/wp\/v2\/product\/702040","targetHints":{"allow":["GET"]}}],"collection":[{"href":"https:\/\/roveyayinevi.com.tr\/index.php\/wp-json\/wp\/v2\/product"}],"about":[{"href":"https:\/\/roveyayinevi.com.tr\/index.php\/wp-json\/wp\/v2\/types\/product"}],"wp:attachment":[{"href":"https:\/\/roveyayinevi.com.tr\/index.php\/wp-json\/wp\/v2\/media?parent=702040"}],"wp:term":[{"taxonomy":"product_brand","embeddable":true,"href":"https:\/\/roveyayinevi.com.tr\/index.php\/wp-json\/wp\/v2\/product_brand?post=702040"},{"taxonomy":"product_cat","embeddable":true,"href":"https:\/\/roveyayinevi.com.tr\/index.php\/wp-json\/wp\/v2\/product_cat?post=702040"},{"taxonomy":"product_tag","embeddable":true,"href":"https:\/\/roveyayinevi.com.tr\/index.php\/wp-json\/wp\/v2\/product_tag?post=702040"}],"curies":[{"name":"wp","href":"https:\/\/api.w.org\/{rel}","templated":true}]}}