{"id":702035,"date":"2025-08-27T15:13:25","date_gmt":"2025-08-27T12:13:25","guid":{"rendered":"https:\/\/roveyayinevi.com.tr\/index.php\/urun\/her-seyin-bedeli-bir-zenginlik-ve-olasilik-hikayesi\/"},"modified":"2026-04-16T02:11:20","modified_gmt":"2026-04-15T23:11:20","slug":"her-seyin-bedeli-bir-zenginlik-ve-olasilik-hikayesi","status":"publish","type":"product","link":"https:\/\/roveyayinevi.com.tr\/index.php\/urun\/her-seyin-bedeli-bir-zenginlik-ve-olasilik-hikayesi\/","title":{"rendered":"Her \u015eeyin Bedeli &#8211; Bir Zenginlik ve Olas\u0131l\u0131k Hikayesi"},"content":{"rendered":"<p>Kapitalizm ger\u00e7ekten ajite edildi\u011fi kadar vah\u015fi mi, yoksa piyasan\u0131n kendili\u011finden do\u011fan d\u00fczeninde her hareketin bir mant\u0131\u011f\u0131 ve gereklili\u011fi mi var? Bu kitap F. A. Hayek&#8217;ten ilhamla piyasan\u0131n kendili\u011finden do\u011fan d\u00fczenini g\u00fcnl\u00fck hayattan \u00f6rnekler sunarak somut halde okuyucuya aktar\u0131yor. Hayatta her insan\u0131n kar\u015f\u0131la\u015fabilece\u011fi ger\u00e7eklikte kurgulanm\u0131\u015f olaylar ve piyasada faaliyet g\u00f6steren firmalar\u0131n bireylerin aleyhine gibi g\u00f6r\u00fcnen uygulamalar\u0131n\u0131n asl\u0131nda nas\u0131l olumlu sonu\u00e7lar do\u011furdu\u011fu ve bunun &#8220;kendili\u011finden do\u011fan d\u00fczen&#8221; teorisinin temelini olu\u015fturdu\u011fu, romanda e\u011flenceli bir \u015fekilde a\u00e7\u0131klan\u0131yor. D\u00fc\u015f\u00fcn\u00fcn, do\u011fal bir afet olmu\u015f. Yak\u0131nlardaki s\u00fcpermarket ise bir gecede her \u015feyin fiyat\u0131n\u0131 ikiye katlam\u0131\u015f. Siz de buna isyan edip protestolara kat\u0131lmaz m\u0131yd\u0131n\u0131z? Me\u015fhur bir tenis oyuncusu ve Stanford \u00dcniversitesi \u00f6\u011frencisi Ramon Fernandez de aynen \u00f6yle yap\u0131yor. Kim yapmaz ki?.. Ama ayn\u0131 Ramon, acaba ekonomi profes\u00f6r\u00fc Ruth Lieber&#8217;in piyasan\u0131n bu (do\u011fal) i\u015fleyi\u015finin herkesin faydas\u0131na oldu\u011fu savlar\u0131na ikna olacak m\u0131? Zamlar\u0131n her zaman k\u00f6t\u00fc oldu\u011funu, devletin buna engel olmas\u0131 gerekti\u011fini, piyasan\u0131n kendi haline b\u0131rak\u0131ld\u0131\u011f\u0131nda sonucun iyi olmayaca\u011f\u0131n\u0131 d\u00fc\u015f\u00fcn\u00fcyorsan\u0131z, bir de siz ekonomi profes\u00f6r\u00fc Ruth Lieber&#8217;le konu\u015fun&#8230; &#8220;Kimse bir kur\u015fun kalem yapamaz. Bu hakikat, dikkat \u00e7ekici bi\u00e7imde \u00f6\u011fretici ve romantik olan bu roman\u0131n \u00f6z\u00fcd\u00fcr. E\u011fer Russell Roberts&#8217;in Her \u015eeyin Bedeli kitab\u0131n\u0131 okursan\u0131z d\u00fcnyan\u0131n tazelendi\u011fini g\u00f6receksiniz.&#8221; -George Will, Newsweek- &#8220;Ekonomiyi kurgu yoluyla \u00f6\u011fretmek i\u00e7in d\u00fcnyada bug\u00fcne kadarki en iyi giri\u015fim.&#8221; -Tyler \u00c7owen, Marjinal Devrim (marg\u0131nalrevolution.com)- &#8220;Al\u0131\u015f\u0131lmad\u0131k ve \u00e7\u0131lg\u0131nca e\u011flenceli bir kitap.&#8221; -Stephen J. Dubner, Freakonomics&#8217;in ortak-yazar\u0131- &#8220;Her \u015eeyin Bedeli, i\u00e7inde ya\u015fad\u0131\u011f\u0131m\u0131z hayret verici iktisad\u00ee d\u00fcnyaya \u0131\u015f\u0131k tutmaktad\u0131r. Bu kitap hayat\u0131n\u0131z\u0131 de\u011fi\u015ftirebilir. Bu kitap s\u0131ze, hepimizin etraf\u0131nda her g\u00fcn ger\u00e7ekle\u015fen mucizelere kar\u015f\u0131 merak hissini verecek.&#8221; -Paul Romer, Stanford \u00dcniversitesi <\/p>\n","protected":false},"excerpt":{"rendered":"<p>Kapitalizm ger\u00e7ekten ajite edildi\u011fi kadar vah\u015fi mi, yoksa piyasan\u0131n kendili\u011finden do\u011fan d\u00fczeninde her hareketin bir mant\u0131\u011f\u0131 ve gereklili\u011fi mi var? Bu kitap F. A. Hayek&#8217;ten ilhamla<span class=\"excerpt-hellip\"> [\u2026]<\/span><\/p>\n","protected":false},"featured_media":0,"template":"","meta":{"_monsterinsights_skip_tracking":false,"_monsterinsights_sitenote_active":false,"_monsterinsights_sitenote_note":"","_monsterinsights_sitenote_category":0},"product_brand":[],"product_cat":[12291,12711],"product_tag":[],"class_list":{"0":"post-702035","1":"product","2":"type-product","3":"status-publish","5":"product_cat-edebiyat","6":"product_cat-roman-oyku","7":"pa_cilt-ciltsiz","8":"pa_tur-kitap","9":"pa_yayinevi-liman-kitaplar","10":"pa_yazar-russell-d-roberts","12":"first","13":"instock","14":"sale","15":"shipping-taxable","16":"purchasable","17":"product-type-simple"},"_links":{"self":[{"href":"https:\/\/roveyayinevi.com.tr\/index.php\/wp-json\/wp\/v2\/product\/702035","targetHints":{"allow":["GET"]}}],"collection":[{"href":"https:\/\/roveyayinevi.com.tr\/index.php\/wp-json\/wp\/v2\/product"}],"about":[{"href":"https:\/\/roveyayinevi.com.tr\/index.php\/wp-json\/wp\/v2\/types\/product"}],"wp:attachment":[{"href":"https:\/\/roveyayinevi.com.tr\/index.php\/wp-json\/wp\/v2\/media?parent=702035"}],"wp:term":[{"taxonomy":"product_brand","embeddable":true,"href":"https:\/\/roveyayinevi.com.tr\/index.php\/wp-json\/wp\/v2\/product_brand?post=702035"},{"taxonomy":"product_cat","embeddable":true,"href":"https:\/\/roveyayinevi.com.tr\/index.php\/wp-json\/wp\/v2\/product_cat?post=702035"},{"taxonomy":"product_tag","embeddable":true,"href":"https:\/\/roveyayinevi.com.tr\/index.php\/wp-json\/wp\/v2\/product_tag?post=702035"}],"curies":[{"name":"wp","href":"https:\/\/api.w.org\/{rel}","templated":true}]}}