{"id":702034,"date":"2025-08-27T15:13:25","date_gmt":"2025-08-27T12:13:25","guid":{"rendered":"https:\/\/roveyayinevi.com.tr\/index.php\/urun\/kalbin-erbaini-ciltli\/"},"modified":"2026-04-16T02:11:20","modified_gmt":"2026-04-15T23:11:20","slug":"kalbin-erbaini-ciltli","status":"publish","type":"product","link":"https:\/\/roveyayinevi.com.tr\/index.php\/urun\/kalbin-erbaini-ciltli\/","title":{"rendered":"Kalbin Erbaini (Ciltli)"},"content":{"rendered":"<p>Beden \u00fclkesinin sultan\u0131 kalptir. Yaratan ve O\u2019nun yaratt\u0131klar\u0131 kalbe vurgu yapar. Kalp i\u015fgal edilir, me\u015fgul olur ama mirac\u0131 vard\u0131r. Kat\u0131 olur, k\u00f6t\u00fc olur ama s\u0131cakl\u0131\u011f\u0131, safiyeti ve samimiyeti vard\u0131r. De\u011fi\u015fir, bozulur ama salah\u0131, istikameti, terbiyesi vard\u0131r. Yakar\u0131r, sorumlulu\u011funu bilir, ahlak\u0131 ve sadakati vard\u0131r. Ne mutlu bize ki kalbi imar eden vahiy vard\u0131r. Yumu\u015far, bayram eder, sonunda bir yolculu\u011fa \u00e7\u0131kar sonsuzlu\u011fa var\u0131r. Salaha erer, saf olur, istikamet \u00fczere olur ve 40\u2019lara erer sonunda bir kitap olur. \ufffcTan\u0131t\u0131m Metni<\/p>\n","protected":false},"excerpt":{"rendered":"<p>Beden \u00fclkesinin sultan\u0131 kalptir. Yaratan ve O\u2019nun yaratt\u0131klar\u0131 kalbe vurgu yapar. Kalp i\u015fgal edilir, me\u015fgul olur ama mirac\u0131 vard\u0131r. Kat\u0131 olur, k\u00f6t\u00fc olur ama s\u0131cakl\u0131\u011f\u0131, safiyeti<span class=\"excerpt-hellip\"> [\u2026]<\/span><\/p>\n","protected":false},"featured_media":0,"template":"","meta":{"_monsterinsights_skip_tracking":false,"_monsterinsights_sitenote_active":false,"_monsterinsights_sitenote_note":"","_monsterinsights_sitenote_category":0},"product_brand":[],"product_cat":[13036,12718,12719],"product_tag":[],"class_list":{"0":"post-702034","1":"product","2":"type-product","3":"status-publish","5":"product_cat-arastirma-inceleme-islam","6":"product_cat-din","7":"product_cat-islam","8":"pa_cilt-ciltli","9":"pa_tur-kitap","10":"pa_yayinevi-otto-yayinlari","11":"pa_yazar-mehmet-gormez","13":"first","14":"instock","15":"sale","16":"shipping-taxable","17":"purchasable","18":"product-type-simple"},"_links":{"self":[{"href":"https:\/\/roveyayinevi.com.tr\/index.php\/wp-json\/wp\/v2\/product\/702034","targetHints":{"allow":["GET"]}}],"collection":[{"href":"https:\/\/roveyayinevi.com.tr\/index.php\/wp-json\/wp\/v2\/product"}],"about":[{"href":"https:\/\/roveyayinevi.com.tr\/index.php\/wp-json\/wp\/v2\/types\/product"}],"wp:attachment":[{"href":"https:\/\/roveyayinevi.com.tr\/index.php\/wp-json\/wp\/v2\/media?parent=702034"}],"wp:term":[{"taxonomy":"product_brand","embeddable":true,"href":"https:\/\/roveyayinevi.com.tr\/index.php\/wp-json\/wp\/v2\/product_brand?post=702034"},{"taxonomy":"product_cat","embeddable":true,"href":"https:\/\/roveyayinevi.com.tr\/index.php\/wp-json\/wp\/v2\/product_cat?post=702034"},{"taxonomy":"product_tag","embeddable":true,"href":"https:\/\/roveyayinevi.com.tr\/index.php\/wp-json\/wp\/v2\/product_tag?post=702034"}],"curies":[{"name":"wp","href":"https:\/\/api.w.org\/{rel}","templated":true}]}}