{"id":702033,"date":"2025-08-27T15:13:24","date_gmt":"2025-08-27T12:13:24","guid":{"rendered":"https:\/\/roveyayinevi.com.tr\/index.php\/urun\/domatesi-cicek-sananlar\/"},"modified":"2026-04-16T02:11:20","modified_gmt":"2026-04-15T23:11:20","slug":"domatesi-cicek-sananlar","status":"publish","type":"product","link":"https:\/\/roveyayinevi.com.tr\/index.php\/urun\/domatesi-cicek-sananlar\/","title":{"rendered":"Domatesi \u00c7i\u00e7ek Sananlar"},"content":{"rendered":"<p>Cemaat siyasetinin i\u00e7ed\u00f6n\u00fck, keskin s\u0131n\u0131rlarla \u00f6tekilere kapat\u0131lm\u0131\u015f halinden ve mikro milliyet\u00e7ilik tehlikesinden korunman\u0131n yeg\u00e2ne \u00e7aresi, g\u00fcn\u00fcm\u00fczde h\u00e2l\u00e2 evrensel dayan\u0131\u015fmay\u0131 temel alan \u201cinsan haklar\u0131\u201d kategorisi. Toplumsal haf\u0131zam\u0131z\u0131n ge\u00e7mi\u015fle hesapla\u015fma s\u00fcrecinden sa\u011falm\u0131\u015f \u00e7\u0131kabilmesinin tek yolu, kendimizin ve \u201c\u00f6teki\u201dnin haklar\u0131n\u0131n, \u00f6nce bu kategoriye ait oldu\u011funu bilmekte yat\u0131yor. Kitab\u0131n yaz\u0131l\u0131\u015f amac\u0131 bu nedenle \u00d6teki\u2019lerin \u201cma\u011fdur ve kurban\/asi ve isyanc\u0131\u201d Di\u011ferleri\u2019nin ise \u201cmuktedir ve zalim\/medeniyet g\u00f6t\u00fcren ve kurtar\u0131c\u0131\u201d olarak sabitlendi\u011fi ve ge\u00e7mi\u015fin bug\u00fcn\u00fcn politik tart\u0131\u015fmalar\u0131nda kullan\u0131lmak \u00fczere ara\u00e7salla\u015ft\u0131r\u0131ld\u0131\u011f\u0131 bir referans metni olu\u015fturmak de\u011fil. Hat\u0131rlamak ve anlatmak, \u201canlama\u201dy\u0131 i\u00e7ermedi\u011fi s\u00fcrece, ge\u00e7mi\u015fle y\u00fczle\u015fmenin amac\u0131na ula\u015fmas\u0131 neredeyse imk\u00e2ns\u0131z. Bu nedenle birlikte ya\u015fam\u0131n yeniden tesisi, ge\u00e7mi\u015fin ac\u0131lar\u0131na bakmay\u0131, dinlemeyi, anlayarak y\u00fczle\u015fmeyi gerektiriyor. Susan Sontag\u2019\u0131n dedi\u011fi gibi \u201cAnlamak hat\u0131rlamaktan daha \u00f6nemlidir, her ne kadar anlamak i\u00e7in mutlaka hat\u0131rlamak gerekse de\u201d. <\/p>\n","protected":false},"excerpt":{"rendered":"<p>Cemaat siyasetinin i\u00e7ed\u00f6n\u00fck, keskin s\u0131n\u0131rlarla \u00f6tekilere kapat\u0131lm\u0131\u015f halinden ve mikro milliyet\u00e7ilik tehlikesinden korunman\u0131n yeg\u00e2ne \u00e7aresi, g\u00fcn\u00fcm\u00fczde h\u00e2l\u00e2 evrensel dayan\u0131\u015fmay\u0131 temel alan \u201cinsan haklar\u0131\u201d kategorisi. Toplumsal haf\u0131zam\u0131z\u0131n<span class=\"excerpt-hellip\"> [\u2026]<\/span><\/p>\n","protected":false},"featured_media":0,"template":"","meta":{"_monsterinsights_skip_tracking":false,"_monsterinsights_sitenote_active":false,"_monsterinsights_sitenote_note":"","_monsterinsights_sitenote_category":0},"product_brand":[],"product_cat":[12304,14128],"product_tag":[],"class_list":{"0":"post-702033","1":"product","2":"type-product","3":"status-publish","5":"product_cat-tarih","6":"product_cat-yakin-tarih","7":"pa_cilt-ciltsiz","8":"pa_tur-kitap","9":"pa_yayinevi-ayrinti-yayinlari","10":"pa_yazar-gokcen-basaran-ince","12":"first","13":"instock","14":"sale","15":"shipping-taxable","16":"purchasable","17":"product-type-simple"},"_links":{"self":[{"href":"https:\/\/roveyayinevi.com.tr\/index.php\/wp-json\/wp\/v2\/product\/702033","targetHints":{"allow":["GET"]}}],"collection":[{"href":"https:\/\/roveyayinevi.com.tr\/index.php\/wp-json\/wp\/v2\/product"}],"about":[{"href":"https:\/\/roveyayinevi.com.tr\/index.php\/wp-json\/wp\/v2\/types\/product"}],"wp:attachment":[{"href":"https:\/\/roveyayinevi.com.tr\/index.php\/wp-json\/wp\/v2\/media?parent=702033"}],"wp:term":[{"taxonomy":"product_brand","embeddable":true,"href":"https:\/\/roveyayinevi.com.tr\/index.php\/wp-json\/wp\/v2\/product_brand?post=702033"},{"taxonomy":"product_cat","embeddable":true,"href":"https:\/\/roveyayinevi.com.tr\/index.php\/wp-json\/wp\/v2\/product_cat?post=702033"},{"taxonomy":"product_tag","embeddable":true,"href":"https:\/\/roveyayinevi.com.tr\/index.php\/wp-json\/wp\/v2\/product_tag?post=702033"}],"curies":[{"name":"wp","href":"https:\/\/api.w.org\/{rel}","templated":true}]}}