{"id":702029,"date":"2025-08-27T15:13:23","date_gmt":"2025-08-27T12:13:23","guid":{"rendered":"https:\/\/roveyayinevi.com.tr\/index.php\/urun\/sovyet-komunizmi\/"},"modified":"2026-01-29T02:20:48","modified_gmt":"2026-01-28T23:20:48","slug":"sovyet-komunizmi","status":"publish","type":"product","link":"https:\/\/roveyayinevi.com.tr\/index.php\/urun\/sovyet-komunizmi\/","title":{"rendered":"Sovyet Kom\u00fcnizmi"},"content":{"rendered":"<p>Yer alt\u0131 p\u0131narlar\u0131 kurusa, ya\u011fmurlar ya\u011fmasa, dereler nehirler, elektri\u011fe d\u00f6nse, suya olan arzumuz biter mi? Hava kur\u015fun gibi a\u011f\u0131r olsa eritilmez mi? Nefes almaya ihtiyac\u0131m\u0131z hi\u00e7 s\u00f6ner mi?Sovyet milletleri de bu arzu ve ihtiya\u00e7larla yand\u0131lar. Onlar ilk ve \u00f6nc\u00fc olanlard\u0131. Bu milletlerin en \u00f6nde geleni olan i\u015f\u00e7i milleti, fedak\u00e2rl\u0131klar\u0131n en b\u00fcy\u00fc\u011f\u00fcn\u00fc yapand\u0131. K\u00f6yl\u00fc milleti ise en \u00e7ok kahroland\u0131. Onlar\u0131 ezenler ise Kom\u00fcnizm diye diye Kom\u00fcnizmi \u00e7ald\u0131lar yere.Bu tarihin nas\u0131l oldu\u011funu, teoriye ne yap\u0131ld\u0131\u011f\u0131n\u0131, t\u0131pk\u0131 diyalekti\u011fi umursamad\u0131klar\u0131 gibi umursamayan \u201cMarksist Leninist\u201dler oldu\u011funu, b\u00f6yle \u201cdevrimciler\u201d bulundu\u011funu g\u00f6rmek insana h\u00e2l\u00e2 kah\u0131rdan ba\u015fka bir duygu vermiyor.Oysa sadece bu tarihsel arka plan\u0131n teorik serimi-g\u00f6sterimi ve yeni bir teorik sonuca var\u0131lmas\u0131 bize yeni bir hareket verebilir. Sosyal Demokrat b\u00fcrokratizmin \u00f6l\u00fcm\u00fc, i\u015f\u00e7i kom\u00fcnizminin do\u011fumunu elde eder. Ancak o zaman, devrimler durmaz, s\u00fcrer. <\/p>\n","protected":false},"excerpt":{"rendered":"<p>Yer alt\u0131 p\u0131narlar\u0131 kurusa, ya\u011fmurlar ya\u011fmasa, dereler nehirler, elektri\u011fe d\u00f6nse, suya olan arzumuz biter mi? Hava kur\u015fun gibi a\u011f\u0131r olsa eritilmez mi? Nefes almaya ihtiyac\u0131m\u0131z hi\u00e7<span class=\"excerpt-hellip\"> [\u2026]<\/span><\/p>\n","protected":false},"featured_media":0,"template":"","meta":{"_monsterinsights_skip_tracking":false,"_monsterinsights_sitenote_active":false,"_monsterinsights_sitenote_note":"","_monsterinsights_sitenote_category":0},"product_brand":[],"product_cat":[12965,12337],"product_tag":[],"class_list":{"0":"post-702029","1":"product","2":"type-product","3":"status-publish","5":"product_cat-genel-politika","6":"product_cat-politika-siyaset","7":"pa_cilt-ciltsiz","8":"pa_tur-kitap","9":"pa_yayinevi-utopya-yayinevi","10":"pa_yazar-semih-yakin","12":"first","13":"instock","14":"sale","15":"shipping-taxable","16":"purchasable","17":"product-type-simple"},"_links":{"self":[{"href":"https:\/\/roveyayinevi.com.tr\/index.php\/wp-json\/wp\/v2\/product\/702029","targetHints":{"allow":["GET"]}}],"collection":[{"href":"https:\/\/roveyayinevi.com.tr\/index.php\/wp-json\/wp\/v2\/product"}],"about":[{"href":"https:\/\/roveyayinevi.com.tr\/index.php\/wp-json\/wp\/v2\/types\/product"}],"wp:attachment":[{"href":"https:\/\/roveyayinevi.com.tr\/index.php\/wp-json\/wp\/v2\/media?parent=702029"}],"wp:term":[{"taxonomy":"product_brand","embeddable":true,"href":"https:\/\/roveyayinevi.com.tr\/index.php\/wp-json\/wp\/v2\/product_brand?post=702029"},{"taxonomy":"product_cat","embeddable":true,"href":"https:\/\/roveyayinevi.com.tr\/index.php\/wp-json\/wp\/v2\/product_cat?post=702029"},{"taxonomy":"product_tag","embeddable":true,"href":"https:\/\/roveyayinevi.com.tr\/index.php\/wp-json\/wp\/v2\/product_tag?post=702029"}],"curies":[{"name":"wp","href":"https:\/\/api.w.org\/{rel}","templated":true}]}}