{"id":702027,"date":"2025-08-27T15:13:22","date_gmt":"2025-08-27T12:13:22","guid":{"rendered":"https:\/\/roveyayinevi.com.tr\/index.php\/urun\/atlikarinca\/"},"modified":"2026-04-16T02:11:20","modified_gmt":"2026-04-15T23:11:20","slug":"atlikarinca","status":"publish","type":"product","link":"https:\/\/roveyayinevi.com.tr\/index.php\/urun\/atlikarinca\/","title":{"rendered":"Atl\u0131kar\u0131nca"},"content":{"rendered":"<p>Ba\u015far\u0131l\u0131 bir ressam\u0131n, Nurg\u00fcn\u2019\u00fcn g\u00f6z\u00fcnden ve kalbinden bug\u00fcn\u00fcn kad\u0131n-erkek ili\u015fkileri, \u00fcniversite politikas\u0131, Y\u00d6K ba\u015fkanl\u0131\u011f\u0131 i\u00e7in kulisler&#8230; Atl\u0131kar\u0131nca, Osman S\u0131nav\u2019\u0131n y\u00f6netmenli\u011finde TRT Televizyonu i\u00e7in dizi olarak \u00e7ekildi. Son anda \u201cAyd\u0131nlarla alay ediyor\u201d gerek\u00e7esiyle yasakland\u0131! <\/p>\n","protected":false},"excerpt":{"rendered":"<p>Ba\u015far\u0131l\u0131 bir ressam\u0131n, Nurg\u00fcn\u2019\u00fcn g\u00f6z\u00fcnden ve kalbinden bug\u00fcn\u00fcn kad\u0131n-erkek ili\u015fkileri, \u00fcniversite politikas\u0131, Y\u00d6K ba\u015fkanl\u0131\u011f\u0131 i\u00e7in kulisler&#8230; Atl\u0131kar\u0131nca, Osman S\u0131nav\u2019\u0131n y\u00f6netmenli\u011finde TRT Televizyonu i\u00e7in dizi olarak \u00e7ekildi.<span class=\"excerpt-hellip\"> [\u2026]<\/span><\/p>\n","protected":false},"featured_media":0,"template":"","meta":{"_monsterinsights_skip_tracking":false,"_monsterinsights_sitenote_active":false,"_monsterinsights_sitenote_note":"","_monsterinsights_sitenote_category":0},"product_brand":[],"product_cat":[12291,12711],"product_tag":[],"class_list":{"0":"post-702027","1":"product","2":"type-product","3":"status-publish","5":"product_cat-edebiyat","6":"product_cat-roman-oyku","7":"pa_cilt-ciltsiz","8":"pa_tur-kitap","9":"pa_yayinevi-bilge-kultur-sanat","10":"pa_yazar-emine-isinsu","12":"first","13":"instock","14":"sale","15":"shipping-taxable","16":"purchasable","17":"product-type-simple"},"_links":{"self":[{"href":"https:\/\/roveyayinevi.com.tr\/index.php\/wp-json\/wp\/v2\/product\/702027","targetHints":{"allow":["GET"]}}],"collection":[{"href":"https:\/\/roveyayinevi.com.tr\/index.php\/wp-json\/wp\/v2\/product"}],"about":[{"href":"https:\/\/roveyayinevi.com.tr\/index.php\/wp-json\/wp\/v2\/types\/product"}],"wp:attachment":[{"href":"https:\/\/roveyayinevi.com.tr\/index.php\/wp-json\/wp\/v2\/media?parent=702027"}],"wp:term":[{"taxonomy":"product_brand","embeddable":true,"href":"https:\/\/roveyayinevi.com.tr\/index.php\/wp-json\/wp\/v2\/product_brand?post=702027"},{"taxonomy":"product_cat","embeddable":true,"href":"https:\/\/roveyayinevi.com.tr\/index.php\/wp-json\/wp\/v2\/product_cat?post=702027"},{"taxonomy":"product_tag","embeddable":true,"href":"https:\/\/roveyayinevi.com.tr\/index.php\/wp-json\/wp\/v2\/product_tag?post=702027"}],"curies":[{"name":"wp","href":"https:\/\/api.w.org\/{rel}","templated":true}]}}