{"id":702025,"date":"2025-08-27T15:13:21","date_gmt":"2025-08-27T12:13:21","guid":{"rendered":"https:\/\/roveyayinevi.com.tr\/index.php\/urun\/kelt-mitolojisi\/"},"modified":"2026-04-16T02:11:20","modified_gmt":"2026-04-15T23:11:20","slug":"kelt-mitolojisi","status":"publish","type":"product","link":"https:\/\/roveyayinevi.com.tr\/index.php\/urun\/kelt-mitolojisi\/","title":{"rendered":"Kelt Mitolojisi"},"content":{"rendered":"<p>Macera, sihir ve gizemlerle dolu Kelt mitolojisinin ola\u011fan\u00fcst\u00fc d\u00fcnyas\u0131n\u0131n kap\u0131lar\u0131 aralan\u0131yor! Tanr\u0131lar\u0131n \u015feytanlar ve canavarlarla sava\u015ft\u0131\u011f\u0131, ku\u015flarla hayvanlar\u0131n insanlarla konu\u015ftu\u011fu, kad\u0131nlarla erkeklerin zamanda yolculuk yap\u0131p sihirli krall\u0131klara gidebildikleri b\u00fcy\u00fcl\u00fc bir yer: Kelt d\u00fcnyas\u0131. Her kaya, a\u011fa\u00e7 ve nehir, kendi iyi ya da k\u00f6t\u00fc ruhunu i\u00e7inde bar\u0131nd\u0131ran canl\u0131 birer varl\u0131k burada. Kelt d\u00fcnyas\u0131, umut, olas\u0131l\u0131k, a\u015fk ve tehlikeyle dolu Kelt sava\u015f\u00e7\u0131lar\u0131n\u0131n onur i\u00e7in g\u00f6ze ald\u0131klar\u0131 zorluklar; tanr\u0131lar, b\u00fcy\u00fcc\u00fcler, klanlar aras\u0131 \u00f6l\u00fcmc\u00fcl sava\u015flar; vah\u015fi hayvanlar; kaybedilen ve tekrar bulunan a\u015fklar; dostluklar ve sadakat \u0130rlanda, Galler, \u0130sko\u00e7ya, \u0130ngiltere, Man Adas\u0131 ve kuzeybat\u0131 Fransa&#8217;daki Kelt mitleri ile s\u00f6ylencelerinden bir derleme niteli\u011finde olan Kelt Mitolojisi &#8211; Kahramanlar, Tanr\u0131lar ve Canavarlar, ayn\u0131 zamanda harika \u00e7izimlere, Keltlerin inan\u00e7lar\u0131 ve k\u00fclt\u00fcrleri hakk\u0131nda bilgilere ve bir Kelt d\u00fcnyas\u0131 haritas\u0131na yer veriyor.<\/p>\n","protected":false},"excerpt":{"rendered":"<p>Macera, sihir ve gizemlerle dolu Kelt mitolojisinin ola\u011fan\u00fcst\u00fc d\u00fcnyas\u0131n\u0131n kap\u0131lar\u0131 aralan\u0131yor! Tanr\u0131lar\u0131n \u015feytanlar ve canavarlarla sava\u015ft\u0131\u011f\u0131, ku\u015flarla hayvanlar\u0131n insanlarla konu\u015ftu\u011fu, kad\u0131nlarla erkeklerin zamanda yolculuk yap\u0131p sihirli<span class=\"excerpt-hellip\"> [\u2026]<\/span><\/p>\n","protected":false},"featured_media":0,"template":"","meta":{"_monsterinsights_skip_tracking":false,"_monsterinsights_sitenote_active":false,"_monsterinsights_sitenote_note":"","_monsterinsights_sitenote_category":0},"product_brand":[],"product_cat":[12718,12858],"product_tag":[],"class_list":{"0":"post-702025","1":"product","2":"type-product","3":"status-publish","5":"product_cat-din","6":"product_cat-mitolojiler","7":"pa_cilt-ciltsiz","8":"pa_tur-kitap","9":"pa_yayinevi-akil-celen-kitaplar","10":"pa_yazar-fiona-macdonald","12":"first","13":"instock","14":"sale","15":"shipping-taxable","16":"purchasable","17":"product-type-simple"},"_links":{"self":[{"href":"https:\/\/roveyayinevi.com.tr\/index.php\/wp-json\/wp\/v2\/product\/702025","targetHints":{"allow":["GET"]}}],"collection":[{"href":"https:\/\/roveyayinevi.com.tr\/index.php\/wp-json\/wp\/v2\/product"}],"about":[{"href":"https:\/\/roveyayinevi.com.tr\/index.php\/wp-json\/wp\/v2\/types\/product"}],"wp:attachment":[{"href":"https:\/\/roveyayinevi.com.tr\/index.php\/wp-json\/wp\/v2\/media?parent=702025"}],"wp:term":[{"taxonomy":"product_brand","embeddable":true,"href":"https:\/\/roveyayinevi.com.tr\/index.php\/wp-json\/wp\/v2\/product_brand?post=702025"},{"taxonomy":"product_cat","embeddable":true,"href":"https:\/\/roveyayinevi.com.tr\/index.php\/wp-json\/wp\/v2\/product_cat?post=702025"},{"taxonomy":"product_tag","embeddable":true,"href":"https:\/\/roveyayinevi.com.tr\/index.php\/wp-json\/wp\/v2\/product_tag?post=702025"}],"curies":[{"name":"wp","href":"https:\/\/api.w.org\/{rel}","templated":true}]}}