{"id":702023,"date":"2025-08-27T15:13:21","date_gmt":"2025-08-27T12:13:21","guid":{"rendered":"https:\/\/roveyayinevi.com.tr\/index.php\/urun\/kanli-sarik-30-necip-fazil-butun-eserleri\/"},"modified":"2026-04-16T02:11:20","modified_gmt":"2026-04-15T23:11:20","slug":"kanli-sarik-30-necip-fazil-butun-eserleri","status":"publish","type":"product","link":"https:\/\/roveyayinevi.com.tr\/index.php\/urun\/kanli-sarik-30-necip-fazil-butun-eserleri\/","title":{"rendered":"Kanl\u0131 Sar\u0131k : 30 &#8211; Necip Faz\u0131l B\u00fct\u00fcn Eserleri"},"content":{"rendered":"<p>Eser, Anadolu kap\u0131lar\u0131n\u0131n M\u00fcsl\u00fcman T\u00fcrke a\u00e7\u0131ld\u0131\u011f\u0131 1071 Malazgirt Zaferinden ba\u015flayarak, T\u00fcrkiye Tarihi ne memleketin do\u011fu ucundaki bir k\u00f6\u015fesinden terkib\u00ee bir bak\u0131\u015f\u0131n temsilidir. 1967\u00b4de yaz\u0131lan piyeste, Altun Halka\u00b4n\u0131n yedincisi Ebu\u00b4l Hasan Harkaan\u00ee\u00b4nin kabriyle \u015fereflenmi\u015f Kars \u015fehri, zaman\u0131n bir sinema \u015feridi gibi \u00fczerinde canland\u0131\u011f\u0131 bir tarih tablosudur. \ufffcTan\u0131t\u0131m Metni<\/p>\n","protected":false},"excerpt":{"rendered":"<p>Eser, Anadolu kap\u0131lar\u0131n\u0131n M\u00fcsl\u00fcman T\u00fcrke a\u00e7\u0131ld\u0131\u011f\u0131 1071 Malazgirt Zaferinden ba\u015flayarak, T\u00fcrkiye Tarihi ne memleketin do\u011fu ucundaki bir k\u00f6\u015fesinden terkib\u00ee bir bak\u0131\u015f\u0131n temsilidir. 1967\u00b4de yaz\u0131lan piyeste, Altun<span class=\"excerpt-hellip\"> [\u2026]<\/span><\/p>\n","protected":false},"featured_media":0,"template":"","meta":{"_monsterinsights_skip_tracking":false,"_monsterinsights_sitenote_active":false,"_monsterinsights_sitenote_note":"","_monsterinsights_sitenote_category":0},"product_brand":[],"product_cat":[12291,12332],"product_tag":[],"class_list":{"0":"post-702023","1":"product","2":"type-product","3":"status-publish","5":"product_cat-edebiyat","6":"product_cat-senaryo","7":"pa_tur-kitap","8":"pa_yayinevi-buyuk-dogu-yayinlari","9":"pa_yazar-necip-fazil-kisakurek","11":"first","12":"instock","13":"sale","14":"shipping-taxable","15":"purchasable","16":"product-type-simple"},"_links":{"self":[{"href":"https:\/\/roveyayinevi.com.tr\/index.php\/wp-json\/wp\/v2\/product\/702023","targetHints":{"allow":["GET"]}}],"collection":[{"href":"https:\/\/roveyayinevi.com.tr\/index.php\/wp-json\/wp\/v2\/product"}],"about":[{"href":"https:\/\/roveyayinevi.com.tr\/index.php\/wp-json\/wp\/v2\/types\/product"}],"wp:attachment":[{"href":"https:\/\/roveyayinevi.com.tr\/index.php\/wp-json\/wp\/v2\/media?parent=702023"}],"wp:term":[{"taxonomy":"product_brand","embeddable":true,"href":"https:\/\/roveyayinevi.com.tr\/index.php\/wp-json\/wp\/v2\/product_brand?post=702023"},{"taxonomy":"product_cat","embeddable":true,"href":"https:\/\/roveyayinevi.com.tr\/index.php\/wp-json\/wp\/v2\/product_cat?post=702023"},{"taxonomy":"product_tag","embeddable":true,"href":"https:\/\/roveyayinevi.com.tr\/index.php\/wp-json\/wp\/v2\/product_tag?post=702023"}],"curies":[{"name":"wp","href":"https:\/\/api.w.org\/{rel}","templated":true}]}}