{"id":702022,"date":"2025-08-27T15:13:20","date_gmt":"2025-08-27T12:13:20","guid":{"rendered":"https:\/\/roveyayinevi.com.tr\/index.php\/urun\/eski-misir-mumyalar\/"},"modified":"2026-04-16T02:11:20","modified_gmt":"2026-04-15T23:11:20","slug":"eski-misir-mumyalar","status":"publish","type":"product","link":"https:\/\/roveyayinevi.com.tr\/index.php\/urun\/eski-misir-mumyalar\/","title":{"rendered":"Eski M\u0131s\u0131r &#8211; Mumyalar"},"content":{"rendered":"<p>D\u00fcnyan\u0131n en \u00e7ok merak edilen medeniyetlerinden biri olan M\u0131s\u0131r ve mumyalar hakk\u0131nda her \u015fey. Tarihinerken d\u00f6nemlerinden g\u00fcn\u00fcm\u00fcze, M\u0131s\u0131r her zaman t\u00fcrl\u00fc gizemleri b\u00fcnyesinde bar\u0131nd\u0131rm\u0131\u015f, tarihin hangid\u00f6neminde olursa olsun, \u00f6nemli ve heyecan verici bir \u00fclke olarak g\u00f6r\u00fclm\u00fc\u015ft\u00fcr.Mumyalar\u0131n nas\u0131l haz\u0131rland\u0131\u011f\u0131n\u0131 ve sonsuzlu\u011fa nas\u0131l u\u011furland\u0131\u011f\u0131n\u0131 \u00f6\u011frenin. M\u0131s\u0131r ve mumyalarla ilgilimitleri; bir mumyan\u0131n haz\u0131rlan\u0131\u015f\u0131n\u0131n ard\u0131nda yatan bilimsel ger\u00e7ekleri ke\u015ffedin. Sadece e\u011fitmek de\u011fil ayn\u0131zamanda e\u011flendirmek i\u00e7in de haz\u0131rlanm\u0131\u015f Eski M\u0131s\u0131r, bu gizemli topraklar\u0131n inan\u0131lmaz ve kesinlikle acayiphik\u00e2yelerini anlatman\u0131n yan\u0131 s\u0131ra \u00e7ok say\u0131da \u00e7izime, bir s\u00f6zl\u00fc\u011fe, Eski M\u0131s\u0131r\u2019\u0131n haritas\u0131na ve enteresanbilgilere yer veriyor.<\/p>\n","protected":false},"excerpt":{"rendered":"<p>D\u00fcnyan\u0131n en \u00e7ok merak edilen medeniyetlerinden biri olan M\u0131s\u0131r ve mumyalar hakk\u0131nda her \u015fey. Tarihinerken d\u00f6nemlerinden g\u00fcn\u00fcm\u00fcze, M\u0131s\u0131r her zaman t\u00fcrl\u00fc gizemleri b\u00fcnyesinde bar\u0131nd\u0131rm\u0131\u015f, tarihin hangid\u00f6neminde<span class=\"excerpt-hellip\"> [\u2026]<\/span><\/p>\n","protected":false},"featured_media":0,"template":"","meta":{"_monsterinsights_skip_tracking":false,"_monsterinsights_sitenote_active":false,"_monsterinsights_sitenote_note":"","_monsterinsights_sitenote_category":0},"product_brand":[],"product_cat":[12370,12304],"product_tag":[],"class_list":{"0":"post-702022","1":"product","2":"type-product","3":"status-publish","5":"product_cat-arastirma-inceleme","6":"product_cat-tarih","7":"pa_cilt-ciltsiz","8":"pa_tur-kitap","9":"pa_yayinevi-akil-celen-kitaplar","10":"pa_yazar-jim-pipe","12":"first","13":"instock","14":"sale","15":"shipping-taxable","16":"purchasable","17":"product-type-simple"},"_links":{"self":[{"href":"https:\/\/roveyayinevi.com.tr\/index.php\/wp-json\/wp\/v2\/product\/702022","targetHints":{"allow":["GET"]}}],"collection":[{"href":"https:\/\/roveyayinevi.com.tr\/index.php\/wp-json\/wp\/v2\/product"}],"about":[{"href":"https:\/\/roveyayinevi.com.tr\/index.php\/wp-json\/wp\/v2\/types\/product"}],"wp:attachment":[{"href":"https:\/\/roveyayinevi.com.tr\/index.php\/wp-json\/wp\/v2\/media?parent=702022"}],"wp:term":[{"taxonomy":"product_brand","embeddable":true,"href":"https:\/\/roveyayinevi.com.tr\/index.php\/wp-json\/wp\/v2\/product_brand?post=702022"},{"taxonomy":"product_cat","embeddable":true,"href":"https:\/\/roveyayinevi.com.tr\/index.php\/wp-json\/wp\/v2\/product_cat?post=702022"},{"taxonomy":"product_tag","embeddable":true,"href":"https:\/\/roveyayinevi.com.tr\/index.php\/wp-json\/wp\/v2\/product_tag?post=702022"}],"curies":[{"name":"wp","href":"https:\/\/api.w.org\/{rel}","templated":true}]}}