{"id":702021,"date":"2025-08-27T15:13:20","date_gmt":"2025-08-27T12:13:20","guid":{"rendered":"https:\/\/roveyayinevi.com.tr\/index.php\/urun\/turk-toresi\/"},"modified":"2026-04-16T02:11:20","modified_gmt":"2026-04-15T23:11:20","slug":"turk-toresi","status":"publish","type":"product","link":"https:\/\/roveyayinevi.com.tr\/index.php\/urun\/turk-toresi\/","title":{"rendered":"T\u00fcrk T\u00f6resi"},"content":{"rendered":"<p>Ziya G\u00f6kalp ilk kez 1923 y\u0131l\u0131nda yay\u0131mlanan kitab\u0131nda, T\u00fcrklerin t\u00f6reyi ne \u015fekilde tan\u0131mlad\u0131\u011f\u0131n\u0131, t\u00f6re anlay\u0131\u015flar\u0131n\u0131n nas\u0131l \u015fekillendi\u011fini, t\u00f6reyle ilgili bilgilerin hangi kaynaklarda ne \u00f6l\u00e7\u00fcde yer ald\u0131\u011f\u0131n\u0131, k\u0131sacas\u0131 T\u00fcrk t\u00f6resinin ne demek oldu\u011funu ara\u015ft\u0131rmaktad\u0131r.Eserin \u201cBa\u015flang\u0131\u00e7\u201d k\u0131sm\u0131nda \u201cT\u00f6re Ne Demektir?\u201d, \u201cT\u00fcrk Kendisini Ba\u015fkalar\u0131ndan Nas\u0131l Ay\u0131r\u0131yordu?\u201d gibi sorular sorarak bunlara cevap arayan Ziya G\u00f6kalp, \u00f6ncelikle t\u00f6re kelimesini, tarih\u00ee ve edeb\u00ee kaynaklardaki takibini yaparak tan\u0131mlam\u0131\u015ft\u0131r. Ziya G\u00f6kalp\u2019a g\u00f6re T\u00fcrk t\u00f6resi, eski T\u00fcrklere atalar\u0131ndan kalan b\u00fct\u00fcn kaidelerin toplam\u0131 demektir.Bu y\u00fczden Ziya G\u00f6kalp, T\u00fcrk mitolojisinin ana karakterlerinden tutun da yirminci y\u00fczy\u0131lda bile canl\u0131l\u0131\u011f\u0131n\u0131 h\u00e2l\u00e2 muhafaza eden kadim geleneklerimiz aras\u0131nda ba\u011flant\u0131lar kurarak, T\u00fcrk t\u00f6resini b\u00fct\u00fcn y\u00f6nleriyle ele alm\u0131\u015f ve olduk\u00e7a sade bir dille okuyucuya sunmu\u015ftur.<\/p>\n","protected":false},"excerpt":{"rendered":"<p>Ziya G\u00f6kalp ilk kez 1923 y\u0131l\u0131nda yay\u0131mlanan kitab\u0131nda, T\u00fcrklerin t\u00f6reyi ne \u015fekilde tan\u0131mlad\u0131\u011f\u0131n\u0131, t\u00f6re anlay\u0131\u015flar\u0131n\u0131n nas\u0131l \u015fekillendi\u011fini, t\u00f6reyle ilgili bilgilerin hangi kaynaklarda ne \u00f6l\u00e7\u00fcde yer ald\u0131\u011f\u0131n\u0131,<span class=\"excerpt-hellip\"> [\u2026]<\/span><\/p>\n","protected":false},"featured_media":0,"template":"","meta":{"_monsterinsights_skip_tracking":false,"_monsterinsights_sitenote_active":false,"_monsterinsights_sitenote_note":"","_monsterinsights_sitenote_category":0},"product_brand":[],"product_cat":[12325,12324],"product_tag":[],"class_list":{"0":"post-702021","1":"product","2":"type-product","3":"status-publish","5":"product_cat-diger-sosyoloji","6":"product_cat-sosyoloji","7":"pa_cilt-ciltsiz","8":"pa_tur-kitap","9":"pa_yayinevi-otuken-nesriyat","10":"pa_yazar-ziya-gokalp","12":"first","13":"instock","14":"sale","15":"shipping-taxable","16":"purchasable","17":"product-type-simple"},"_links":{"self":[{"href":"https:\/\/roveyayinevi.com.tr\/index.php\/wp-json\/wp\/v2\/product\/702021","targetHints":{"allow":["GET"]}}],"collection":[{"href":"https:\/\/roveyayinevi.com.tr\/index.php\/wp-json\/wp\/v2\/product"}],"about":[{"href":"https:\/\/roveyayinevi.com.tr\/index.php\/wp-json\/wp\/v2\/types\/product"}],"wp:attachment":[{"href":"https:\/\/roveyayinevi.com.tr\/index.php\/wp-json\/wp\/v2\/media?parent=702021"}],"wp:term":[{"taxonomy":"product_brand","embeddable":true,"href":"https:\/\/roveyayinevi.com.tr\/index.php\/wp-json\/wp\/v2\/product_brand?post=702021"},{"taxonomy":"product_cat","embeddable":true,"href":"https:\/\/roveyayinevi.com.tr\/index.php\/wp-json\/wp\/v2\/product_cat?post=702021"},{"taxonomy":"product_tag","embeddable":true,"href":"https:\/\/roveyayinevi.com.tr\/index.php\/wp-json\/wp\/v2\/product_tag?post=702021"}],"curies":[{"name":"wp","href":"https:\/\/api.w.org\/{rel}","templated":true}]}}