{"id":702019,"date":"2025-08-27T15:13:19","date_gmt":"2025-08-27T12:13:19","guid":{"rendered":"https:\/\/roveyayinevi.com.tr\/index.php\/urun\/alya-ve-tirmik\/"},"modified":"2026-04-16T02:11:20","modified_gmt":"2026-04-15T23:11:20","slug":"alya-ve-tirmik","status":"publish","type":"product","link":"https:\/\/roveyayinevi.com.tr\/index.php\/urun\/alya-ve-tirmik\/","title":{"rendered":"Alya ve T\u0131rm\u0131k"},"content":{"rendered":"<p>Alya bir sabah okula giderken kap\u0131lar\u0131n\u0131n \u00f6n\u00fcnde k\u00fc\u00e7\u00fck m\u00fc k\u00fc\u00e7\u00fck, sevimli mi sevimli bir kedi yavrusu bulur. Yaln\u0131z ba\u015f\u0131na miyavlayan bu t\u00fcy yuma\u011f\u0131n\u0131 hemen eve g\u00f6t\u00fcr\u00fcr. Annesiyle birlikte yavruyu besleyen Alya, ona T\u0131rm\u0131k ismini koyar. Art\u0131k bir kedisi vard\u0131r! T\u0131rm\u0131k da \u00e7ok mutludur. Ama bir g\u00fcn evden aceleyle \u00e7\u0131kan Alya, penceresini a\u00e7\u0131k unutunca yaramaz T\u0131rm\u0131k\u2019\u0131n ba\u015f\u0131na neler gelecek dersiniz? \ufffcTan\u0131t\u0131m Metni<\/p>\n","protected":false},"excerpt":{"rendered":"<p>Alya bir sabah okula giderken kap\u0131lar\u0131n\u0131n \u00f6n\u00fcnde k\u00fc\u00e7\u00fck m\u00fc k\u00fc\u00e7\u00fck, sevimli mi sevimli bir kedi yavrusu bulur. Yaln\u0131z ba\u015f\u0131na miyavlayan bu t\u00fcy yuma\u011f\u0131n\u0131 hemen eve g\u00f6t\u00fcr\u00fcr.<span class=\"excerpt-hellip\"> [\u2026]<\/span><\/p>\n","protected":false},"featured_media":0,"template":"","meta":{"_monsterinsights_skip_tracking":false,"_monsterinsights_sitenote_active":false,"_monsterinsights_sitenote_note":"","_monsterinsights_sitenote_category":0},"product_brand":[],"product_cat":[12275,12274],"product_tag":[],"class_list":{"0":"post-702019","1":"product","2":"type-product","3":"status-publish","5":"product_cat-6-12-yas-kitaplari","6":"product_cat-cocuk-ve-genclik-kitaplari","7":"pa_cilt-ciltsiz","8":"pa_tur-kitap","9":"pa_yayinevi-kirmizi-kedi-yayinevi","10":"pa_yazar-burcu-bahar","12":"first","13":"instock","14":"sale","15":"shipping-taxable","16":"purchasable","17":"product-type-simple"},"_links":{"self":[{"href":"https:\/\/roveyayinevi.com.tr\/index.php\/wp-json\/wp\/v2\/product\/702019","targetHints":{"allow":["GET"]}}],"collection":[{"href":"https:\/\/roveyayinevi.com.tr\/index.php\/wp-json\/wp\/v2\/product"}],"about":[{"href":"https:\/\/roveyayinevi.com.tr\/index.php\/wp-json\/wp\/v2\/types\/product"}],"wp:attachment":[{"href":"https:\/\/roveyayinevi.com.tr\/index.php\/wp-json\/wp\/v2\/media?parent=702019"}],"wp:term":[{"taxonomy":"product_brand","embeddable":true,"href":"https:\/\/roveyayinevi.com.tr\/index.php\/wp-json\/wp\/v2\/product_brand?post=702019"},{"taxonomy":"product_cat","embeddable":true,"href":"https:\/\/roveyayinevi.com.tr\/index.php\/wp-json\/wp\/v2\/product_cat?post=702019"},{"taxonomy":"product_tag","embeddable":true,"href":"https:\/\/roveyayinevi.com.tr\/index.php\/wp-json\/wp\/v2\/product_tag?post=702019"}],"curies":[{"name":"wp","href":"https:\/\/api.w.org\/{rel}","templated":true}]}}