{"id":702015,"date":"2025-08-27T15:13:18","date_gmt":"2025-08-27T12:13:18","guid":{"rendered":"https:\/\/roveyayinevi.com.tr\/index.php\/urun\/lozan\/"},"modified":"2026-04-16T02:11:20","modified_gmt":"2026-04-15T23:11:20","slug":"lozan","status":"publish","type":"product","link":"https:\/\/roveyayinevi.com.tr\/index.php\/urun\/lozan\/","title":{"rendered":"Lozan"},"content":{"rendered":"<p>Birinci D\u00fcnya Sava\u015f\u0131n\u0131n bitmesinin ve Avrupada yeni bir d\u00fczenin kurulmas\u0131n\u0131n \u00fczerinden d\u00f6rt y\u0131l ge\u00e7mi\u015ftir&#8230; Yenilen devletlerin imzalad\u0131\u011f\u0131 antla\u015fmalar y\u00fcr\u00fcrl\u00fc\u011fe girmi\u015f, sadece Sevresin dayat\u0131ld\u0131\u011f\u0131 \u00fclkenin kalbinden, Anadoludan y\u00fckselen Milli M\u00fccadele, galip devletleri bar\u0131\u015f i\u00e7in yeniden masaya oturmaya mecbur b\u0131rakm\u0131\u015ft\u0131r&#8230; Lozan, bu yeni bar\u0131\u015f s\u00fcrecini Mudanya M\u00fctarekesinden Lozan Antla\u015fmas\u0131n\u0131n imzalanmas\u0131na dek anlatan bir belgesel: \u0130tilaf Devletleri&#8217;nin T\u00fcrk temsilcilerine tepeden bakan tavr\u0131yla a\u00e7\u0131lan, emrivakilere boyun e\u011fmeyen T\u00fcrk heyetinin hakl\u0131 tavr\u0131yla kesintiye u\u011frayan, bir diplomas\u0131 dersi olarak da okunabilecek zorlu m\u00fczakerelere sahne olan \u00e7eki\u015fmeli bir konfrans&#8230; Konferansa bas\u0131n g\u00f6zlemcisi olarak ak\u0131tlan Ali Naci Karacan, Lozan&#8217;\u0131n D\u00fcnya Sava\u015f\u0131 ertesi kurulan yeni uluslararas\u0131 d\u00fczenin \u00e7\u00f6k\u00fc\u015f\u00fcn\u00fcn ilk belirtileri aras\u0131nda imzalan\u0131\u015f\u0131n\u0131n tan\u0131\u011f\u0131yd\u0131. Karacan, Lozan Bar\u0131\u015f Konferans\u0131 an\u0131lar\u0131n\u0131, belgeler ve ba\u015fka tan\u0131kl\u0131klarla peki\u015ftirerek yeni ku\u015faklar yeni ku\u015flar\u0131n da okumas\u0131 i\u00e7in 1943&#8217;te kaleme ald\u0131. Gen\u00e7ler Lozan&#8217;la tan\u0131\u015ft\u0131\u011f\u0131nda d\u00fcnya ikinci kez dev bir sava\u015fla yak\u0131l\u0131p y\u0131k\u0131l\u0131yor; Lozan&#8217;da sadece sava\u015f\u0131n de\u011fil bar\u0131\u015f\u0131n da zorlu bir s\u00fcre\u00e7 oldu\u011funu g\u00f6ren \u0130smet \u0130n\u00f6n\u00fc de T\u00fcrkiye&#8217;yi b\u00fcy\u00fck sava\u015f\u0131n d\u0131\u015f\u0131nda tutmaya \u00e7al\u0131\u015f\u0131yor. Ali Naci Karacan (1896-1955) \u0130stanbul&#8217;da do\u011fdu. Galatasaray Lisesi&#8217;nde Tevfik Fikret&#8217;in \u00f6\u011frencisiyken yazmaya olan ilgisini ke\u015ffetti. Daha \u00f6\u011frenciyken bas\u0131n d\u00fcnyas\u0131na girdi. \u00c7e\u015fitli gazetelerde muhabirlik ve yaz\u0131 i\u015fleri m\u00fcd\u00fcrl\u00fc\u011f\u00fc yapt\u0131. M\u00fctareke d\u00f6neminde, \u0130stanbul bas\u0131n\u0131na ayk\u0131r\u0131 bir ses getirmek \u00fczere, milli m\u00fccadeleyi destekleyen Ak\u015fam gazetesinin kurucular\u0131 ve yazarlar\u0131 aras\u0131nda yer ald\u0131. \u0130kinci Lozan Konfrans\u0131&#8217;nda gazetesi ad\u0131na \u00e7al\u0131\u015ft\u0131, geli\u015fmeleri s\u0131ca\u011f\u0131 s\u0131ca\u011f\u0131na T\u00fcrk halk\u0131na aktard\u0131. \u0130kdam, Politika, \u0130nk\u0131lap gazetelerini yay\u0131mlad\u0131. 1934&#8217;te o zaman\u0131n Milliyet gazetesinin Tan ad\u0131yla yeniden yap\u0131land\u0131r\u0131lmas\u0131 s\u00fcrecinde yaz\u0131 i\u015fleri m\u00fcd\u00fcr\u00fcyd\u00fc. Bir s\u00fcre d\u0131\u015f ticaretle u\u011fra\u015ft\u0131. Anadolu Ajans\u0131 i\u00e7in \u00e7al\u0131\u015ft\u0131. 1954&#8217;te bas\u0131n yay\u0131n d\u00fcnyas\u0131na d\u00f6nerek, o\u011flu Erc\u00fcment Karacan ve Abdi \u0130pek\u00e7i ile birlikte Milliyet&#8217;i yay\u0131mlamaya ba\u015flad\u0131\u011f\u0131 s\u0131ralarda, yay\u0131n\u0131n dokunzuncu ay\u0131nda hayat\u0131n\u0131 kaybetti. \ufffc<\/p>\n","protected":false},"excerpt":{"rendered":"<p>Birinci D\u00fcnya Sava\u015f\u0131n\u0131n bitmesinin ve Avrupada yeni bir d\u00fczenin kurulmas\u0131n\u0131n \u00fczerinden d\u00f6rt y\u0131l ge\u00e7mi\u015ftir&#8230; Yenilen devletlerin imzalad\u0131\u011f\u0131 antla\u015fmalar y\u00fcr\u00fcrl\u00fc\u011fe girmi\u015f, sadece Sevresin dayat\u0131ld\u0131\u011f\u0131 \u00fclkenin kalbinden, Anadoludan<span class=\"excerpt-hellip\"> [\u2026]<\/span><\/p>\n","protected":false},"featured_media":0,"template":"","meta":{"_monsterinsights_skip_tracking":false,"_monsterinsights_sitenote_active":false,"_monsterinsights_sitenote_note":"","_monsterinsights_sitenote_category":0},"product_brand":[],"product_cat":[13590,12337],"product_tag":[],"class_list":{"0":"post-702015","1":"product","2":"type-product","3":"status-publish","5":"product_cat-arastirma-inceleme-politika-siyaset","6":"product_cat-politika-siyaset","7":"pa_cilt-ciltsiz","8":"pa_tur-kitap","9":"pa_yayinevi-is-bankasi-kultur-yayinlari","10":"pa_yazar-ali-naci-karacan","12":"first","13":"instock","14":"sale","15":"shipping-taxable","16":"purchasable","17":"product-type-simple"},"_links":{"self":[{"href":"https:\/\/roveyayinevi.com.tr\/index.php\/wp-json\/wp\/v2\/product\/702015","targetHints":{"allow":["GET"]}}],"collection":[{"href":"https:\/\/roveyayinevi.com.tr\/index.php\/wp-json\/wp\/v2\/product"}],"about":[{"href":"https:\/\/roveyayinevi.com.tr\/index.php\/wp-json\/wp\/v2\/types\/product"}],"wp:attachment":[{"href":"https:\/\/roveyayinevi.com.tr\/index.php\/wp-json\/wp\/v2\/media?parent=702015"}],"wp:term":[{"taxonomy":"product_brand","embeddable":true,"href":"https:\/\/roveyayinevi.com.tr\/index.php\/wp-json\/wp\/v2\/product_brand?post=702015"},{"taxonomy":"product_cat","embeddable":true,"href":"https:\/\/roveyayinevi.com.tr\/index.php\/wp-json\/wp\/v2\/product_cat?post=702015"},{"taxonomy":"product_tag","embeddable":true,"href":"https:\/\/roveyayinevi.com.tr\/index.php\/wp-json\/wp\/v2\/product_tag?post=702015"}],"curies":[{"name":"wp","href":"https:\/\/api.w.org\/{rel}","templated":true}]}}