{"id":702007,"date":"2025-08-27T15:13:15","date_gmt":"2025-08-27T12:13:15","guid":{"rendered":"https:\/\/roveyayinevi.com.tr\/index.php\/urun\/toplu-is-sozlesmelerinde-neler-var\/"},"modified":"2026-04-16T02:11:20","modified_gmt":"2026-04-15T23:11:20","slug":"toplu-is-sozlesmelerinde-neler-var","status":"publish","type":"product","link":"https:\/\/roveyayinevi.com.tr\/index.php\/urun\/toplu-is-sozlesmelerinde-neler-var\/","title":{"rendered":"Toplu \u0130\u015f S\u00f6zle\u015fmelerinde Neler Var?"},"content":{"rendered":"<p>Sendika ile i\u015fveren aras\u0131ndaki ili\u015fkiler konusundaki d\u00fczenlemeler.Toplu i\u015f s\u00f6zle\u015fmesinin kapsam\u0131.Toplu i\u015f s\u00f6zle\u015fmesinden yararlanma.Toplu i\u015f s\u00f6zle\u015fmesinin s\u00fcresi \u00fccret zamm\u0131 ve di\u011fer parasal (nakdi) ve malsal (ayni) \u00f6demeler.Toplu i\u015f s\u00f6zle\u015fmesindeki haklar\u0131n sendika \u00fcyesi olmayanlara tan\u0131nmas\u0131.K\u0131dem zamm\u0131, emek zamm\u0131, hizmet primi kademe derece terfi zamm\u0131, ikramiye, \u00e7ocuk paras\u0131, aile yard\u0131m\u0131, evlenme paras\u0131, do\u011fum paras\u0131, askerlik paras\u0131.\u00c7al\u0131\u015fma s\u00fcresi, haftal\u0131k \u00e7al\u0131\u015fma s\u00fcresi ve g\u00fcnlere da\u011f\u0131t\u0131m\u0131.Y\u0131ll\u0131k \u00fccretli izin, evlenme izni, do\u011fum izni, \u00f6l\u00fcm izni i\u015f g\u00fcvencesi, i\u015f\u00e7i \u00e7\u0131karma yetkisine k\u0131s\u0131tlama k\u0131dem tazminat\u0131, ihbar \u00f6nelleri i\u015f\u00e7ilerin i\u015fyerinde s\u00f6z hakk\u0131, kurullar.Bu kitapta toplu i\u015f s\u00f6zle\u015fmelerine ili\u015fkin mevzuat\u0131 ve ilgili uygulamalar\u0131 bulacaks\u0131n\u0131z. <\/p>\n","protected":false},"excerpt":{"rendered":"<p>Sendika ile i\u015fveren aras\u0131ndaki ili\u015fkiler konusundaki d\u00fczenlemeler.Toplu i\u015f s\u00f6zle\u015fmesinin kapsam\u0131.Toplu i\u015f s\u00f6zle\u015fmesinden yararlanma.Toplu i\u015f s\u00f6zle\u015fmesinin s\u00fcresi \u00fccret zamm\u0131 ve di\u011fer parasal (nakdi) ve malsal (ayni) \u00f6demeler.Toplu<span class=\"excerpt-hellip\"> [\u2026]<\/span><\/p>\n","protected":false},"featured_media":0,"template":"","meta":{"_monsterinsights_skip_tracking":false,"_monsterinsights_sitenote_active":false,"_monsterinsights_sitenote_note":"","_monsterinsights_sitenote_category":0},"product_brand":[],"product_cat":[13043,14144],"product_tag":[],"class_list":{"0":"post-702007","1":"product","2":"type-product","3":"status-publish","5":"product_cat-ekonomi","6":"product_cat-turkiye-ekonomisi","7":"pa_tur-kitap","8":"pa_yayinevi-kaynak-yayinlari","9":"pa_yazar-yildirim-koc","11":"first","12":"instock","13":"sale","14":"shipping-taxable","15":"purchasable","16":"product-type-simple"},"_links":{"self":[{"href":"https:\/\/roveyayinevi.com.tr\/index.php\/wp-json\/wp\/v2\/product\/702007","targetHints":{"allow":["GET"]}}],"collection":[{"href":"https:\/\/roveyayinevi.com.tr\/index.php\/wp-json\/wp\/v2\/product"}],"about":[{"href":"https:\/\/roveyayinevi.com.tr\/index.php\/wp-json\/wp\/v2\/types\/product"}],"wp:attachment":[{"href":"https:\/\/roveyayinevi.com.tr\/index.php\/wp-json\/wp\/v2\/media?parent=702007"}],"wp:term":[{"taxonomy":"product_brand","embeddable":true,"href":"https:\/\/roveyayinevi.com.tr\/index.php\/wp-json\/wp\/v2\/product_brand?post=702007"},{"taxonomy":"product_cat","embeddable":true,"href":"https:\/\/roveyayinevi.com.tr\/index.php\/wp-json\/wp\/v2\/product_cat?post=702007"},{"taxonomy":"product_tag","embeddable":true,"href":"https:\/\/roveyayinevi.com.tr\/index.php\/wp-json\/wp\/v2\/product_tag?post=702007"}],"curies":[{"name":"wp","href":"https:\/\/api.w.org\/{rel}","templated":true}]}}