{"id":701998,"date":"2025-08-27T15:13:12","date_gmt":"2025-08-27T12:13:12","guid":{"rendered":"https:\/\/roveyayinevi.com.tr\/index.php\/urun\/askin-istilasi-yol\/"},"modified":"2026-04-16T02:11:20","modified_gmt":"2026-04-15T23:11:20","slug":"askin-istilasi-yol","status":"publish","type":"product","link":"https:\/\/roveyayinevi.com.tr\/index.php\/urun\/askin-istilasi-yol\/","title":{"rendered":"A\u015fk\u0131n \u0130stilas\u0131 Yol"},"content":{"rendered":"<p>\u00dc\u00e7 kitaptan olu\u015facak olan \u201cA\u015fk\u0131n \u0130stilas\u0131\u201d serisi; d\u00fcnyada yepyeni bir istila hareketi yaratacak. \u015eu an elinde tuttu\u011fun kitap, serinin 1. kitab\u0131, senin ilk ad\u0131m\u0131n&#8230;\u201cYol&#8221;\u201cYol\u201d bir a\u015fk yolculu\u011fu&#8230; Kendinde ba\u015flay\u0131p yine kendinde biten&#8230;Bir \u00e7\u0131ra\u011f\u0131n yola d\u00fc\u015fmesi,Bir neyzenin nefesi,Bir \u00e2\u015f\u0131\u011f\u0131n kalp at\u0131m\u0131,Bir \u00e7ocu\u011fun g\u00fcl\u00fcmsemesi,Bir tohumun topra\u011fa kavu\u015fmas\u0131&#8230;Kalbinin derinliklerinde hayalini kurdu\u011fun bamba\u015fka bir d\u00fcnyan\u0131n yol haritas\u0131&#8230;Bu bir bilgi kitab\u0131 de\u011fil. Bu sat\u0131rlar ya\u015fam\u0131n\u0131 de\u011fi\u015ftirmek i\u00e7in tasarland\u0131. Kendi ba\u015f\u0131na yapabilece\u011fin pratik uygulamalardan nefes egzersizlerine, chi enerjisinin kullan\u0131m\u0131ndan yeteneklerini hayallerinin \u00f6tesine ta\u015f\u0131yacak \u00f6devlere, y\u00fcz\u00fcnde g\u00fcl\u00fcmsemeyle okuyaca\u011f\u0131n sayfalardan h\u00fcng\u00fcr h\u00fcng\u00fcr a\u011flayaca\u011f\u0131n hik\u00e2yelere kadar; her \u015fey senin i\u00e7in titizlikle toparlan\u0131p kaleme al\u0131nd\u0131&#8230;Bu kitap; senin g\u00f6zya\u015flar\u0131nla \u0131slanacak, kahkahalar\u0131na tan\u0131kl\u0131k edecek, uyan\u0131\u015f\u0131na \u201cYOL\u201d olacak&#8230;Ci\u011ferlerine \u00e7ekti\u011fin her nefes kalbinden \u00e7\u0131kan kana kavu\u015ftu\u011funda ayaklar\u0131n seni bir ad\u0131m daha ileriye ta\u015f\u0131yacak&#8230; Her yeni ad\u0131m\u0131nda cennet biraz daha yarat\u0131lacak&#8230;Kalbin atmak i\u00e7in do\u011fru nedeni buldu\u011funda,\u0130nsano\u011flunun uyan\u0131\u015f\u0131na tan\u0131k oldu\u011funda,Benimle beraber bu \u201cYol\u201da \u00e7\u0131kt\u0131\u011f\u0131nda,Ya\u015fam ilk kez seninle anlam bulacak&#8230;A\u015fk\u0131n \u0130stilas\u0131 ba\u015fl\u0131yor&#8230; \u201cYol\u201da \u00e7\u0131k\u0131yoruz!Haz\u0131r m\u0131s\u0131n?\u201cYol <\/p>\n","protected":false},"excerpt":{"rendered":"<p>\u00dc\u00e7 kitaptan olu\u015facak olan \u201cA\u015fk\u0131n \u0130stilas\u0131\u201d serisi; d\u00fcnyada yepyeni bir istila hareketi yaratacak. \u015eu an elinde tuttu\u011fun kitap, serinin 1. kitab\u0131, senin ilk ad\u0131m\u0131n&#8230;\u201cYol&#8221;\u201cYol\u201d bir a\u015fk<span class=\"excerpt-hellip\"> [\u2026]<\/span><\/p>\n","protected":false},"featured_media":0,"template":"","meta":{"_monsterinsights_skip_tracking":false,"_monsterinsights_sitenote_active":false,"_monsterinsights_sitenote_note":"","_monsterinsights_sitenote_category":0},"product_brand":[],"product_cat":[12364,12376],"product_tag":[],"class_list":{"0":"post-701998","1":"product","2":"type-product","3":"status-publish","5":"product_cat-genel-konular","6":"product_cat-kisisel-gelisim","7":"pa_cilt-ciltsiz","8":"pa_tur-kitap","9":"pa_yayinevi-destek-yayinlari","10":"pa_yazar-metin-hara","12":"first","13":"instock","14":"sale","15":"shipping-taxable","16":"purchasable","17":"product-type-simple"},"_links":{"self":[{"href":"https:\/\/roveyayinevi.com.tr\/index.php\/wp-json\/wp\/v2\/product\/701998","targetHints":{"allow":["GET"]}}],"collection":[{"href":"https:\/\/roveyayinevi.com.tr\/index.php\/wp-json\/wp\/v2\/product"}],"about":[{"href":"https:\/\/roveyayinevi.com.tr\/index.php\/wp-json\/wp\/v2\/types\/product"}],"wp:attachment":[{"href":"https:\/\/roveyayinevi.com.tr\/index.php\/wp-json\/wp\/v2\/media?parent=701998"}],"wp:term":[{"taxonomy":"product_brand","embeddable":true,"href":"https:\/\/roveyayinevi.com.tr\/index.php\/wp-json\/wp\/v2\/product_brand?post=701998"},{"taxonomy":"product_cat","embeddable":true,"href":"https:\/\/roveyayinevi.com.tr\/index.php\/wp-json\/wp\/v2\/product_cat?post=701998"},{"taxonomy":"product_tag","embeddable":true,"href":"https:\/\/roveyayinevi.com.tr\/index.php\/wp-json\/wp\/v2\/product_tag?post=701998"}],"curies":[{"name":"wp","href":"https:\/\/api.w.org\/{rel}","templated":true}]}}