{"id":701993,"date":"2025-08-27T15:13:10","date_gmt":"2025-08-27T12:13:10","guid":{"rendered":"https:\/\/roveyayinevi.com.tr\/index.php\/urun\/gorunmez-olan-toninonun-maceralari\/"},"modified":"2026-04-16T02:11:19","modified_gmt":"2026-04-15T23:11:19","slug":"gorunmez-olan-toninonun-maceralari","status":"publish","type":"product","link":"https:\/\/roveyayinevi.com.tr\/index.php\/urun\/gorunmez-olan-toninonun-maceralari\/","title":{"rendered":"G\u00f6r\u00fcnmez Olan Toninonun Maceralar\u0131"},"content":{"rendered":"<p>Bir dilek tut! Okulu asmak, cezaland\u0131r\u0131lma korkusu olmadan \u015fakalar yapmak i\u00e7in ara s\u0131ra g\u00f6r\u00fcnmez olmak bizim de pek\u00e2l\u00e2 ho\u015fumuza gidebilir. Bu hayalimiz g\u00fcn\u00fcn birinde ger\u00e7e\u011fe d\u00f6n\u00fc\u015f\u00fcrse biz de bu \u00f6yk\u00fcn\u00fcn sevimli kahraman\u0131 Tonino\u2019nun ba\u015f\u0131na gelenleri ya\u015fayabiliriz.\ufffcTan\u0131t\u0131m Metni<\/p>\n","protected":false},"excerpt":{"rendered":"<p>Bir dilek tut! Okulu asmak, cezaland\u0131r\u0131lma korkusu olmadan \u015fakalar yapmak i\u00e7in ara s\u0131ra g\u00f6r\u00fcnmez olmak bizim de pek\u00e2l\u00e2 ho\u015fumuza gidebilir. Bu hayalimiz g\u00fcn\u00fcn birinde ger\u00e7e\u011fe d\u00f6n\u00fc\u015f\u00fcrse<span class=\"excerpt-hellip\"> [\u2026]<\/span><\/p>\n","protected":false},"featured_media":0,"template":"","meta":{"_monsterinsights_skip_tracking":false,"_monsterinsights_sitenote_active":false,"_monsterinsights_sitenote_note":"","_monsterinsights_sitenote_category":0},"product_brand":[],"product_cat":[12274,12284],"product_tag":[],"class_list":{"0":"post-701993","1":"product","2":"type-product","3":"status-publish","5":"product_cat-cocuk-ve-genclik-kitaplari","6":"product_cat-hikayeler","7":"pa_cilt-ciltsiz","8":"pa_tur-kitap","9":"pa_yayinevi-can-cocuk-yayinlari","10":"pa_yazar-gianni-rodari","12":"first","13":"instock","14":"sale","15":"shipping-taxable","16":"purchasable","17":"product-type-simple"},"_links":{"self":[{"href":"https:\/\/roveyayinevi.com.tr\/index.php\/wp-json\/wp\/v2\/product\/701993","targetHints":{"allow":["GET"]}}],"collection":[{"href":"https:\/\/roveyayinevi.com.tr\/index.php\/wp-json\/wp\/v2\/product"}],"about":[{"href":"https:\/\/roveyayinevi.com.tr\/index.php\/wp-json\/wp\/v2\/types\/product"}],"wp:attachment":[{"href":"https:\/\/roveyayinevi.com.tr\/index.php\/wp-json\/wp\/v2\/media?parent=701993"}],"wp:term":[{"taxonomy":"product_brand","embeddable":true,"href":"https:\/\/roveyayinevi.com.tr\/index.php\/wp-json\/wp\/v2\/product_brand?post=701993"},{"taxonomy":"product_cat","embeddable":true,"href":"https:\/\/roveyayinevi.com.tr\/index.php\/wp-json\/wp\/v2\/product_cat?post=701993"},{"taxonomy":"product_tag","embeddable":true,"href":"https:\/\/roveyayinevi.com.tr\/index.php\/wp-json\/wp\/v2\/product_tag?post=701993"}],"curies":[{"name":"wp","href":"https:\/\/api.w.org\/{rel}","templated":true}]}}