{"id":701992,"date":"2025-08-27T15:13:10","date_gmt":"2025-08-27T12:13:10","guid":{"rendered":"https:\/\/roveyayinevi.com.tr\/index.php\/urun\/ermeni-isyani-gunlugu-1915\/"},"modified":"2026-04-16T02:11:19","modified_gmt":"2026-04-15T23:11:19","slug":"ermeni-isyani-gunlugu-1915","status":"publish","type":"product","link":"https:\/\/roveyayinevi.com.tr\/index.php\/urun\/ermeni-isyani-gunlugu-1915\/","title":{"rendered":"Ermeni \u0130syan\u0131 G\u00fcnl\u00fc\u011f\u00fc 1915"},"content":{"rendered":"<p>1915 y\u0131l\u0131nda b\u00fct\u00fcn insanl\u0131\u011f\u0131 i\u00e7ine al\u0131p ac\u0131lara g\u00f6men b\u00fcy\u00fck sava\u015fta Anadolu halk\u0131n\u0131n, T\u00fcrk veya Ermeni ayr\u0131m\u0131 yap\u0131lmaks\u0131z\u0131n, \u00e7ekti\u011fi b\u00fcy\u00fck \u00e7ileyi g\u00f6zler \u00f6n\u00fcne serme \u00e7abas\u0131n\u0131n bir \u00fcr\u00fcn\u00fc olan bu kitap; \u00f6ncelikle T\u00fcrklere, sonra Ermenilerle birlikte b\u00fct\u00fcn insanl\u0131\u011fa hitap etmektedir. D\u00fcnyan\u0131n en kanl\u0131 hesapla\u015fmalar\u0131n\u0131n ya\u015fand\u0131\u011f\u0131 1915 y\u0131l\u0131n\u0131n yalan ve sistemli propagandalarla karart\u0131lan y\u00f6nlerine Osmanl\u0131 Ar\u015fivi&#8217;ndeki belge ve yeminli tan\u0131k ifadeleriyle \u0131\u015f\u0131k tutmakt\u0131r.Belgesel niteli\u011fi ta\u015f\u0131yan bu kitapta belgeler, g\u00fcvenilir yerli ve yabanc\u0131 kaynaklardaki bilgilerle olu\u015fturulan tarihsel s\u00fcrecin i\u00e7inde \u201cyorumsuz\u201d olarak yer almaktad\u0131r. Yorum, de\u011ferlendirme, kanaat ve h\u00fck\u00fcm, tamamen okuyucuya b\u0131rak\u0131lm\u0131\u015ft\u0131r. Bir anlamda 1915 senesinin b\u00fct\u00fcnsel bir \u00f6yk\u00fcs\u00fcd\u00fcr. Bu y\u00f6n\u00fcyle, benzer yay\u0131nlardan ayr\u0131lmakta, ger\u00e7e\u011fin pe\u015finde ko\u015fan insanlara farkl\u0131 bir bak\u0131\u015f a\u00e7\u0131s\u0131 sunmakt\u0131r. <\/p>\n","protected":false},"excerpt":{"rendered":"<p>1915 y\u0131l\u0131nda b\u00fct\u00fcn insanl\u0131\u011f\u0131 i\u00e7ine al\u0131p ac\u0131lara g\u00f6men b\u00fcy\u00fck sava\u015fta Anadolu halk\u0131n\u0131n, T\u00fcrk veya Ermeni ayr\u0131m\u0131 yap\u0131lmaks\u0131z\u0131n, \u00e7ekti\u011fi b\u00fcy\u00fck \u00e7ileyi g\u00f6zler \u00f6n\u00fcne serme \u00e7abas\u0131n\u0131n bir \u00fcr\u00fcn\u00fc<span class=\"excerpt-hellip\"> [\u2026]<\/span><\/p>\n","protected":false},"featured_media":0,"template":"","meta":{"_monsterinsights_skip_tracking":false,"_monsterinsights_sitenote_active":false,"_monsterinsights_sitenote_note":"","_monsterinsights_sitenote_category":0},"product_brand":[],"product_cat":[13590,12337],"product_tag":[],"class_list":{"0":"post-701992","1":"product","2":"type-product","3":"status-publish","5":"product_cat-arastirma-inceleme-politika-siyaset","6":"product_cat-politika-siyaset","7":"pa_cilt-ciltsiz","8":"pa_tur-kitap","9":"pa_yayinevi-yeditepe-yayinevi","10":"pa_yazar-orhan-sakin","12":"first","13":"instock","14":"sale","15":"shipping-taxable","16":"purchasable","17":"product-type-simple"},"_links":{"self":[{"href":"https:\/\/roveyayinevi.com.tr\/index.php\/wp-json\/wp\/v2\/product\/701992","targetHints":{"allow":["GET"]}}],"collection":[{"href":"https:\/\/roveyayinevi.com.tr\/index.php\/wp-json\/wp\/v2\/product"}],"about":[{"href":"https:\/\/roveyayinevi.com.tr\/index.php\/wp-json\/wp\/v2\/types\/product"}],"wp:attachment":[{"href":"https:\/\/roveyayinevi.com.tr\/index.php\/wp-json\/wp\/v2\/media?parent=701992"}],"wp:term":[{"taxonomy":"product_brand","embeddable":true,"href":"https:\/\/roveyayinevi.com.tr\/index.php\/wp-json\/wp\/v2\/product_brand?post=701992"},{"taxonomy":"product_cat","embeddable":true,"href":"https:\/\/roveyayinevi.com.tr\/index.php\/wp-json\/wp\/v2\/product_cat?post=701992"},{"taxonomy":"product_tag","embeddable":true,"href":"https:\/\/roveyayinevi.com.tr\/index.php\/wp-json\/wp\/v2\/product_tag?post=701992"}],"curies":[{"name":"wp","href":"https:\/\/api.w.org\/{rel}","templated":true}]}}