{"id":701990,"date":"2025-08-27T15:13:09","date_gmt":"2025-08-27T12:13:09","guid":{"rendered":"https:\/\/roveyayinevi.com.tr\/index.php\/urun\/mukemmel-bosluk\/"},"modified":"2026-04-16T02:11:19","modified_gmt":"2026-04-15T23:11:19","slug":"mukemmel-bosluk","status":"publish","type":"product","link":"https:\/\/roveyayinevi.com.tr\/index.php\/urun\/mukemmel-bosluk\/","title":{"rendered":"M\u00fckemmel Bo\u015fluk"},"content":{"rendered":"<p>D\u00fcnyan\u0131n en \u00f6zg\u00fcn yazarlar\u0131ndan olan Stanislaw Lem\u2019in M\u00fckemmel Bo\u015fluk\u2019u varolmayan kitaplar\u0131n ele\u015ftiri yaz\u0131lar\u0131ndan olu\u015fuyor: \u0130lk olarak bizzat M\u00fckemmel Bo\u015fluk\u2019a yaz\u0131lm\u0131\u015f bir ele\u015ftiriyle ba\u015flayan bu zeki ve mizahi kitap, Dostoyevski\u2019ye, Frans\u0131z edebiyat\u0131, James Joyce\u2019a tak\u0131l\u0131yor, yazars\u0131z edebiyattan pornografiye, evrenbilimden bilgisayar istilas\u0131na kadar pek \u00e7ok konuyu inceliyor. Sonu\u00e7ta kar\u015f\u0131m\u0131za, s\u0131rad\u0131\u015f\u0131 hayal g\u00fcc\u00fcyle tan\u0131nan bir yazar\u0131n kurgusal g\u00fc\u00e7 g\u00f6sterisi \u00e7\u0131k\u0131yor. Bu \u015fen \u015fakrak, e\u011flenceli, grotesk eserde Lem, a\u015f\u0131r\u0131l\u0131k ve vurdumduymazl\u0131\u011f\u0131n doruklar\u0131nda. Kitaplar alemine bir de Lem\u2019in g\u00f6zl\u00fckleriyle bak\u0131n. \ufffcTan\u0131t\u0131m Metni<\/p>\n","protected":false},"excerpt":{"rendered":"<p>D\u00fcnyan\u0131n en \u00f6zg\u00fcn yazarlar\u0131ndan olan Stanislaw Lem\u2019in M\u00fckemmel Bo\u015fluk\u2019u varolmayan kitaplar\u0131n ele\u015ftiri yaz\u0131lar\u0131ndan olu\u015fuyor: \u0130lk olarak bizzat M\u00fckemmel Bo\u015fluk\u2019a yaz\u0131lm\u0131\u015f bir ele\u015ftiriyle ba\u015flayan bu zeki ve<span class=\"excerpt-hellip\"> [\u2026]<\/span><\/p>\n","protected":false},"featured_media":0,"template":"","meta":{"_monsterinsights_skip_tracking":false,"_monsterinsights_sitenote_active":false,"_monsterinsights_sitenote_note":"","_monsterinsights_sitenote_category":0},"product_brand":[],"product_cat":[12291,12866],"product_tag":[],"class_list":{"0":"post-701990","1":"product","2":"type-product","3":"status-publish","5":"product_cat-edebiyat","6":"product_cat-ingiliz-edebiyati","7":"pa_tur-kitap","8":"pa_yayinevi-cem-yayinevi","9":"pa_yazar-stanislaw-lem","11":"first","12":"instock","13":"sale","14":"shipping-taxable","15":"purchasable","16":"product-type-simple"},"_links":{"self":[{"href":"https:\/\/roveyayinevi.com.tr\/index.php\/wp-json\/wp\/v2\/product\/701990","targetHints":{"allow":["GET"]}}],"collection":[{"href":"https:\/\/roveyayinevi.com.tr\/index.php\/wp-json\/wp\/v2\/product"}],"about":[{"href":"https:\/\/roveyayinevi.com.tr\/index.php\/wp-json\/wp\/v2\/types\/product"}],"wp:attachment":[{"href":"https:\/\/roveyayinevi.com.tr\/index.php\/wp-json\/wp\/v2\/media?parent=701990"}],"wp:term":[{"taxonomy":"product_brand","embeddable":true,"href":"https:\/\/roveyayinevi.com.tr\/index.php\/wp-json\/wp\/v2\/product_brand?post=701990"},{"taxonomy":"product_cat","embeddable":true,"href":"https:\/\/roveyayinevi.com.tr\/index.php\/wp-json\/wp\/v2\/product_cat?post=701990"},{"taxonomy":"product_tag","embeddable":true,"href":"https:\/\/roveyayinevi.com.tr\/index.php\/wp-json\/wp\/v2\/product_tag?post=701990"}],"curies":[{"name":"wp","href":"https:\/\/api.w.org\/{rel}","templated":true}]}}