{"id":701989,"date":"2025-08-27T15:13:09","date_gmt":"2025-08-27T12:13:09","guid":{"rendered":"https:\/\/roveyayinevi.com.tr\/index.php\/urun\/gokyuzunden-gelen-pasta\/"},"modified":"2026-04-16T02:11:19","modified_gmt":"2026-04-15T23:11:19","slug":"gokyuzunden-gelen-pasta","status":"publish","type":"product","link":"https:\/\/roveyayinevi.com.tr\/index.php\/urun\/gokyuzunden-gelen-pasta\/","title":{"rendered":"G\u00f6ky\u00fcz\u00fcnden Gelen Pasta"},"content":{"rendered":"<p>G\u00f6kten \u00fc\u00e7 pasta d\u00fc\u015fm\u00fc\u015f \u015fans\u0131m\u0131za: Biri \u00e7ilekli, biri \u00e7ikolatal\u0131, biri de uzayl\u0131! Bir g\u00fcn mahallenizin \u00fczerine kocaman bir u\u00e7an daire gelse ne yapars\u0131n\u0131z? O u\u00e7an dairenin \u00fczerinde vi\u015fneler, \u00e7ilekler, \u00e7ikolatalar oldu\u011funu d\u00fc\u015f\u00fcn\u00fcn! Kekinin etraf\u0131nda bembeyaz kremas\u0131 da olsun! O u\u00e7an daireyi yemek istemez miydiniz? \u0130sterdiniz de\u011fil mi! Paolo ile karde\u015fi Rita da istiyor ve u\u00e7an dairenin i\u00e7ine girmeye karar veriyorlar. Sonra olanlar oluyor. Mmmm, a\u011fz\u0131n\u0131za lay\u0131k bir u\u00e7an daire. Hadi ne duruyorsunuz, siz de yiyin&#8230; ay yani girin! <\/p>\n","protected":false},"excerpt":{"rendered":"<p>G\u00f6kten \u00fc\u00e7 pasta d\u00fc\u015fm\u00fc\u015f \u015fans\u0131m\u0131za: Biri \u00e7ilekli, biri \u00e7ikolatal\u0131, biri de uzayl\u0131! Bir g\u00fcn mahallenizin \u00fczerine kocaman bir u\u00e7an daire gelse ne yapars\u0131n\u0131z? O u\u00e7an dairenin<span class=\"excerpt-hellip\"> [\u2026]<\/span><\/p>\n","protected":false},"featured_media":0,"template":"","meta":{"_monsterinsights_skip_tracking":false,"_monsterinsights_sitenote_active":false,"_monsterinsights_sitenote_note":"","_monsterinsights_sitenote_category":0},"product_brand":[],"product_cat":[12274,12284],"product_tag":[],"class_list":{"0":"post-701989","1":"product","2":"type-product","3":"status-publish","5":"product_cat-cocuk-ve-genclik-kitaplari","6":"product_cat-hikayeler","7":"pa_cilt-ciltsiz","8":"pa_tur-kitap","9":"pa_yayinevi-can-cocuk-yayinlari","10":"pa_yazar-gianni-rodari","12":"first","13":"instock","14":"sale","15":"shipping-taxable","16":"purchasable","17":"product-type-simple"},"_links":{"self":[{"href":"https:\/\/roveyayinevi.com.tr\/index.php\/wp-json\/wp\/v2\/product\/701989","targetHints":{"allow":["GET"]}}],"collection":[{"href":"https:\/\/roveyayinevi.com.tr\/index.php\/wp-json\/wp\/v2\/product"}],"about":[{"href":"https:\/\/roveyayinevi.com.tr\/index.php\/wp-json\/wp\/v2\/types\/product"}],"wp:attachment":[{"href":"https:\/\/roveyayinevi.com.tr\/index.php\/wp-json\/wp\/v2\/media?parent=701989"}],"wp:term":[{"taxonomy":"product_brand","embeddable":true,"href":"https:\/\/roveyayinevi.com.tr\/index.php\/wp-json\/wp\/v2\/product_brand?post=701989"},{"taxonomy":"product_cat","embeddable":true,"href":"https:\/\/roveyayinevi.com.tr\/index.php\/wp-json\/wp\/v2\/product_cat?post=701989"},{"taxonomy":"product_tag","embeddable":true,"href":"https:\/\/roveyayinevi.com.tr\/index.php\/wp-json\/wp\/v2\/product_tag?post=701989"}],"curies":[{"name":"wp","href":"https:\/\/api.w.org\/{rel}","templated":true}]}}