{"id":701987,"date":"2025-08-27T15:13:08","date_gmt":"2025-08-27T12:13:08","guid":{"rendered":"https:\/\/roveyayinevi.com.tr\/index.php\/urun\/dun-cemaat-bugun-paralel-devlet\/"},"modified":"2026-04-16T02:11:19","modified_gmt":"2026-04-15T23:11:19","slug":"dun-cemaat-bugun-paralel-devlet","status":"publish","type":"product","link":"https:\/\/roveyayinevi.com.tr\/index.php\/urun\/dun-cemaat-bugun-paralel-devlet\/","title":{"rendered":"D\u00fcn Cemaat Bug\u00fcn Paralel Devlet"},"content":{"rendered":"<p>Fet*hullah G\u00fclen ve temsil etti\u011fi hizmet hareketine ait \u00e7e\u015fitli \u00fcnitelerde senelerce g\u00f6rev yapan \u00c7etin Acar, hareketin, siyonizm ad\u0131na s\u00fcrd\u00fcrd\u00fc\u011f\u00fc din istismar\u0131n\u0131 dile getirmesi sonucu 2009 may\u0131s ay\u0131 itibariyle Cemaat&#8217;ten &#8221;uzakla\u015ft\u0131r\u0131lm\u0131\u015ft\u0131r.&#8221;<\/p>\n","protected":false},"excerpt":{"rendered":"<p>Fet*hullah G\u00fclen ve temsil etti\u011fi hizmet hareketine ait \u00e7e\u015fitli \u00fcnitelerde senelerce g\u00f6rev yapan \u00c7etin Acar, hareketin, siyonizm ad\u0131na s\u00fcrd\u00fcrd\u00fc\u011f\u00fc din istismar\u0131n\u0131 dile getirmesi sonucu 2009 may\u0131s<span class=\"excerpt-hellip\"> [\u2026]<\/span><\/p>\n","protected":false},"featured_media":0,"template":"","meta":{"_monsterinsights_skip_tracking":false,"_monsterinsights_sitenote_active":false,"_monsterinsights_sitenote_note":"","_monsterinsights_sitenote_category":0},"product_brand":[],"product_cat":[12346,12337],"product_tag":[],"class_list":{"0":"post-701987","1":"product","2":"type-product","3":"status-publish","5":"product_cat-derin-siyaset-komplo-teorileri","6":"product_cat-politika-siyaset","7":"pa_tur-kitap","8":"pa_yayinevi-profil-kitap","9":"pa_yazar-cetin-acar","11":"first","12":"instock","13":"sale","14":"shipping-taxable","15":"purchasable","16":"product-type-simple"},"_links":{"self":[{"href":"https:\/\/roveyayinevi.com.tr\/index.php\/wp-json\/wp\/v2\/product\/701987","targetHints":{"allow":["GET"]}}],"collection":[{"href":"https:\/\/roveyayinevi.com.tr\/index.php\/wp-json\/wp\/v2\/product"}],"about":[{"href":"https:\/\/roveyayinevi.com.tr\/index.php\/wp-json\/wp\/v2\/types\/product"}],"wp:attachment":[{"href":"https:\/\/roveyayinevi.com.tr\/index.php\/wp-json\/wp\/v2\/media?parent=701987"}],"wp:term":[{"taxonomy":"product_brand","embeddable":true,"href":"https:\/\/roveyayinevi.com.tr\/index.php\/wp-json\/wp\/v2\/product_brand?post=701987"},{"taxonomy":"product_cat","embeddable":true,"href":"https:\/\/roveyayinevi.com.tr\/index.php\/wp-json\/wp\/v2\/product_cat?post=701987"},{"taxonomy":"product_tag","embeddable":true,"href":"https:\/\/roveyayinevi.com.tr\/index.php\/wp-json\/wp\/v2\/product_tag?post=701987"}],"curies":[{"name":"wp","href":"https:\/\/api.w.org\/{rel}","templated":true}]}}