{"id":701980,"date":"2025-08-27T15:13:05","date_gmt":"2025-08-27T12:13:05","guid":{"rendered":"https:\/\/roveyayinevi.com.tr\/index.php\/urun\/farkindaligi-anlamak-farkindalikli-yasamak\/"},"modified":"2026-04-03T02:15:55","modified_gmt":"2026-04-02T23:15:55","slug":"farkindaligi-anlamak-farkindalikli-yasamak","status":"publish","type":"product","link":"https:\/\/roveyayinevi.com.tr\/index.php\/urun\/farkindaligi-anlamak-farkindalikli-yasamak\/","title":{"rendered":"Fark\u0131ndal\u0131\u011f\u0131 Anlamak Fark\u0131ndal\u0131kl\u0131 Ya\u015famak"},"content":{"rendered":"<p>Bu kitapta, duyumuzla \u00e7evremizden, di\u011fer bir ifade ile d\u0131\u015f d\u00fcnyadan gelen girdileri kesintisiz alma ve alg\u0131layabilme niteli\u011fi olarak tarifleyebilece\u011fimiz, dinamik yap\u0131s\u0131 olan &#8216;fark\u0131ndal\u0131k&#8217; konusu i\u015flenmi\u015ftir. \u0130lk b\u00f6l\u00fcmde dikkat, fark\u0131ndal\u0131k ve k\u0131sa d\u00f6nemli bellek ile ilgili baz\u0131 k\u0131sa ve \u00f6z bilgiler verilmi\u015f, \u00f6zellikle fark\u0131ndal\u0131\u011f\u0131n ya\u015fam\u0131m\u0131zda ta\u015f\u0131d\u0131\u011f\u0131 \u00f6nem de\u011fi\u015fik ba\u015fl\u0131klar alt\u0131nda, bazen ya\u015fanm\u0131\u015f an\u0131lar ve hik\u00e2yelerle ele al\u0131nm\u0131\u015ft\u0131r. Bu b\u00f6l\u00fcm ile ama\u00e7lanan, fark\u0131ndal\u0131\u011f\u0131n ve fark\u0131ndal\u0131kl\u0131 ya\u015faman\u0131n \u00f6nemini kavramak ve ya\u015fama farkl\u0131 a\u00e7\u0131dan bakabilmeyi sa\u011flamakt\u0131r. Kitab\u0131n ikinci b\u00f6l\u00fcm\u00fcnde konuya daha bilimsel a\u00e7\u0131dan yakla\u015f\u0131lm\u0131\u015f, devam\u0131nda ise bilin\u00e7 \u00fczerine spek\u00fclasyonlara yer verilmi\u015ftir. <\/p>\n","protected":false},"excerpt":{"rendered":"<p>Bu kitapta, duyumuzla \u00e7evremizden, di\u011fer bir ifade ile d\u0131\u015f d\u00fcnyadan gelen girdileri kesintisiz alma ve alg\u0131layabilme niteli\u011fi olarak tarifleyebilece\u011fimiz, dinamik yap\u0131s\u0131 olan &#8216;fark\u0131ndal\u0131k&#8217; konusu i\u015flenmi\u015ftir. \u0130lk<span class=\"excerpt-hellip\"> [\u2026]<\/span><\/p>\n","protected":false},"featured_media":0,"template":"","meta":{"_monsterinsights_skip_tracking":false,"_monsterinsights_sitenote_active":false,"_monsterinsights_sitenote_note":"","_monsterinsights_sitenote_category":0},"product_brand":[],"product_cat":[12364,12376],"product_tag":[],"class_list":{"0":"post-701980","1":"product","2":"type-product","3":"status-publish","5":"product_cat-genel-konular","6":"product_cat-kisisel-gelisim","7":"pa_tur-kitap","8":"pa_yayinevi-arkadas-yayinlari","9":"pa_yazar-atila-gonder","11":"first","12":"instock","13":"sale","14":"shipping-taxable","15":"purchasable","16":"product-type-simple"},"_links":{"self":[{"href":"https:\/\/roveyayinevi.com.tr\/index.php\/wp-json\/wp\/v2\/product\/701980","targetHints":{"allow":["GET"]}}],"collection":[{"href":"https:\/\/roveyayinevi.com.tr\/index.php\/wp-json\/wp\/v2\/product"}],"about":[{"href":"https:\/\/roveyayinevi.com.tr\/index.php\/wp-json\/wp\/v2\/types\/product"}],"wp:attachment":[{"href":"https:\/\/roveyayinevi.com.tr\/index.php\/wp-json\/wp\/v2\/media?parent=701980"}],"wp:term":[{"taxonomy":"product_brand","embeddable":true,"href":"https:\/\/roveyayinevi.com.tr\/index.php\/wp-json\/wp\/v2\/product_brand?post=701980"},{"taxonomy":"product_cat","embeddable":true,"href":"https:\/\/roveyayinevi.com.tr\/index.php\/wp-json\/wp\/v2\/product_cat?post=701980"},{"taxonomy":"product_tag","embeddable":true,"href":"https:\/\/roveyayinevi.com.tr\/index.php\/wp-json\/wp\/v2\/product_tag?post=701980"}],"curies":[{"name":"wp","href":"https:\/\/api.w.org\/{rel}","templated":true}]}}