{"id":701979,"date":"2025-08-27T15:13:05","date_gmt":"2025-08-27T12:13:05","guid":{"rendered":"https:\/\/roveyayinevi.com.tr\/index.php\/urun\/mutlu-tarifler\/"},"modified":"2026-04-16T02:11:19","modified_gmt":"2026-04-15T23:11:19","slug":"mutlu-tarifler","status":"publish","type":"product","link":"https:\/\/roveyayinevi.com.tr\/index.php\/urun\/mutlu-tarifler\/","title":{"rendered":"Mutlu Tarifler"},"content":{"rendered":"<p>Yeni tatlar denemek ve bu tatlar\u0131 sevdiklerimizle payla\u015fmak kimimiz i\u00e7in b\u00fcy\u00fck bir keyiftir. Ve payla\u015farak ya\u015famak, hayat\u0131 her zaman daha da anlaml\u0131 k\u0131lm\u0131\u015ft\u0131r. Her yeni tat, ya\u015fama sunulmu\u015f yeni bir renktir. Ve bu renkler sevdiklerimizin, hatta bazen hi\u00e7 tan\u0131\u015fmad\u0131\u011f\u0131m\u0131z insanlar\u0131n y\u00fcz\u00fcnde k\u00fc\u00e7\u00fck de olsa bir tebess\u00fcm olu\u015fmas\u0131n\u0131 sa\u011flar. Hayat\u0131n i\u00e7inde yeni tatlar, yeni renkler ve rengarenk tebess\u00fcmler g\u00f6rmek kimi insanlar\u0131 \u00e7ok mutlu eder. <\/p>\n","protected":false},"excerpt":{"rendered":"<p>Yeni tatlar denemek ve bu tatlar\u0131 sevdiklerimizle payla\u015fmak kimimiz i\u00e7in b\u00fcy\u00fck bir keyiftir. Ve payla\u015farak ya\u015famak, hayat\u0131 her zaman daha da anlaml\u0131 k\u0131lm\u0131\u015ft\u0131r. Her yeni tat,<span class=\"excerpt-hellip\"> [\u2026]<\/span><\/p>\n","protected":false},"featured_media":0,"template":"","meta":{"_monsterinsights_skip_tracking":false,"_monsterinsights_sitenote_active":false,"_monsterinsights_sitenote_note":"","_monsterinsights_sitenote_category":0},"product_brand":[],"product_cat":[12458,12457],"product_tag":[],"class_list":{"0":"post-701979","1":"product","2":"type-product","3":"status-publish","5":"product_cat-turk-mutfagi","6":"product_cat-yemek-kitaplari","7":"pa_tur-kitap","8":"pa_yayinevi-profil-kitap","9":"pa_yazar-muna-mutlu","11":"first","12":"instock","13":"sale","14":"shipping-taxable","15":"purchasable","16":"product-type-simple"},"_links":{"self":[{"href":"https:\/\/roveyayinevi.com.tr\/index.php\/wp-json\/wp\/v2\/product\/701979","targetHints":{"allow":["GET"]}}],"collection":[{"href":"https:\/\/roveyayinevi.com.tr\/index.php\/wp-json\/wp\/v2\/product"}],"about":[{"href":"https:\/\/roveyayinevi.com.tr\/index.php\/wp-json\/wp\/v2\/types\/product"}],"wp:attachment":[{"href":"https:\/\/roveyayinevi.com.tr\/index.php\/wp-json\/wp\/v2\/media?parent=701979"}],"wp:term":[{"taxonomy":"product_brand","embeddable":true,"href":"https:\/\/roveyayinevi.com.tr\/index.php\/wp-json\/wp\/v2\/product_brand?post=701979"},{"taxonomy":"product_cat","embeddable":true,"href":"https:\/\/roveyayinevi.com.tr\/index.php\/wp-json\/wp\/v2\/product_cat?post=701979"},{"taxonomy":"product_tag","embeddable":true,"href":"https:\/\/roveyayinevi.com.tr\/index.php\/wp-json\/wp\/v2\/product_tag?post=701979"}],"curies":[{"name":"wp","href":"https:\/\/api.w.org\/{rel}","templated":true}]}}