{"id":701978,"date":"2025-08-27T15:13:05","date_gmt":"2025-08-27T12:13:05","guid":{"rendered":"https:\/\/roveyayinevi.com.tr\/index.php\/urun\/liberal-ihanet\/"},"modified":"2026-04-16T02:11:19","modified_gmt":"2026-04-15T23:11:19","slug":"liberal-ihanet","status":"publish","type":"product","link":"https:\/\/roveyayinevi.com.tr\/index.php\/urun\/liberal-ihanet\/","title":{"rendered":"Liberal \u0130hanet"},"content":{"rendered":"<p>\u201cD\u00f6neklik zor \u015fey, bir kez ihanet etti\u011finiz zaman herkesi ihanete zorlamaya ba\u015flars\u0131n\u0131z.\u201d Gazeteci-yazar Merdan Yanarda\u011f, Liberal \u0130hanet\u2019te T\u00fcrkiye\u2019nin demokratik gerek\u00e7elerle siyasal \u0130slamc\u0131lara teslim edilmesinde \u00f6nemli rol oynayan liberallere ve sol liberallere ayna tutuyor. Son d\u00f6neme damga vuran siyasi davalarda, man\u015fetlerde ve gazete k\u00f6\u015felerinde iktidar ve cemaat tetik\u00e7ili\u011fi yapanlar\u0131 bir bir ele alan Yanarda\u011f, s\u00fcreci siyasal ve entelekt\u00fcel tarihimizdeki en b\u00fcy\u00fck ayd\u0131n ihaneti olarak tan\u0131ml\u0131yor. \u00dclke ve toplum, k\u00fcresel sermayenin neoliberal ya\u011fma politikalar\u0131na teslim edilirken, bu piyasa haydutlu\u011fu i\u00e7in \u201c\u00f6zg\u00fcrl\u00fck\u00e7\u00fc\u201d gerek\u00e7eler \u00fcretildi\u011fini vurgulayan yazar, b\u00fcy\u00fck liberal kirlilikten portreler ve ibret verici manzaralar aktar\u0131yor. \u201cT\u00fcrkiye, d\u00fcnyada \u00f6rne\u011fi g\u00f6r\u00fclmemi\u015f bir ayd\u0131n ihaneti ya\u015fad\u0131. Solun bir kesiminin bile cellad\u0131na \u00e2\u015f\u0131k oldu\u011fu bir d\u00f6nemden ge\u00e7ildi. Bu s\u00fcre\u00e7te as\u0131l belirleyici rol\u00fc \u2018sa\u011fl\u0131 sollu liberaller\u2019 oynad\u0131. T\u00fcrkiye h\u00e2l\u00e2 bu d\u00f6nemi ve \u2018yeni gerici tarihsel blok\u2019un hegemonyas\u0131n\u0131 a\u015fmaya \u00e7al\u0131\u015f\u0131yor. Gezi Direni\u015fi ve Haziran Eylemlerinin tarihsel anlam\u0131 budur.\u201d <\/p>\n","protected":false},"excerpt":{"rendered":"<p>\u201cD\u00f6neklik zor \u015fey, bir kez ihanet etti\u011finiz zaman herkesi ihanete zorlamaya ba\u015flars\u0131n\u0131z.\u201d Gazeteci-yazar Merdan Yanarda\u011f, Liberal \u0130hanet\u2019te T\u00fcrkiye\u2019nin demokratik gerek\u00e7elerle siyasal \u0130slamc\u0131lara teslim edilmesinde \u00f6nemli rol<span class=\"excerpt-hellip\"> [\u2026]<\/span><\/p>\n","protected":false},"featured_media":0,"template":"","meta":{"_monsterinsights_skip_tracking":false,"_monsterinsights_sitenote_active":false,"_monsterinsights_sitenote_note":"","_monsterinsights_sitenote_category":0},"product_brand":[],"product_cat":[13590,12337],"product_tag":[],"class_list":{"0":"post-701978","1":"product","2":"type-product","3":"status-publish","5":"product_cat-arastirma-inceleme-politika-siyaset","6":"product_cat-politika-siyaset","7":"pa_cilt-ciltsiz","8":"pa_tur-kitap","9":"pa_yayinevi-kirmizi-kedi-yayinevi","10":"pa_yazar-merdan-yanardag","12":"first","13":"instock","14":"sale","15":"shipping-taxable","16":"purchasable","17":"product-type-simple"},"_links":{"self":[{"href":"https:\/\/roveyayinevi.com.tr\/index.php\/wp-json\/wp\/v2\/product\/701978","targetHints":{"allow":["GET"]}}],"collection":[{"href":"https:\/\/roveyayinevi.com.tr\/index.php\/wp-json\/wp\/v2\/product"}],"about":[{"href":"https:\/\/roveyayinevi.com.tr\/index.php\/wp-json\/wp\/v2\/types\/product"}],"wp:attachment":[{"href":"https:\/\/roveyayinevi.com.tr\/index.php\/wp-json\/wp\/v2\/media?parent=701978"}],"wp:term":[{"taxonomy":"product_brand","embeddable":true,"href":"https:\/\/roveyayinevi.com.tr\/index.php\/wp-json\/wp\/v2\/product_brand?post=701978"},{"taxonomy":"product_cat","embeddable":true,"href":"https:\/\/roveyayinevi.com.tr\/index.php\/wp-json\/wp\/v2\/product_cat?post=701978"},{"taxonomy":"product_tag","embeddable":true,"href":"https:\/\/roveyayinevi.com.tr\/index.php\/wp-json\/wp\/v2\/product_tag?post=701978"}],"curies":[{"name":"wp","href":"https:\/\/api.w.org\/{rel}","templated":true}]}}