{"id":701977,"date":"2025-08-27T15:13:05","date_gmt":"2025-08-27T12:13:05","guid":{"rendered":"https:\/\/roveyayinevi.com.tr\/index.php\/urun\/linguistics-for-english-language-teaching-studies\/"},"modified":"2026-04-16T02:11:19","modified_gmt":"2026-04-15T23:11:19","slug":"linguistics-for-english-language-teaching-studies","status":"publish","type":"product","link":"https:\/\/roveyayinevi.com.tr\/index.php\/urun\/linguistics-for-english-language-teaching-studies\/","title":{"rendered":"Linguistics for English Language Teaching Studies"},"content":{"rendered":"<p>Linguistics for ELT Studies kitab\u0131, \u0130ngilizce \u00f6\u011fretmenli\u011fi programlar\u0131nda verilmekte olan Dilbilimi dersi i\u00e7in \u00f6zel olarak haz\u0131rlanm\u0131\u015ft\u0131r. Bu kitap dilbilimi \u00e7al\u0131\u015fmalar\u0131n\u0131 iki ana b\u00f6l\u00fcmde incelemektedir. Birinci b\u00f6l\u00fcm sesbilgisi, sesletim, bi\u00e7embilim ve \u0130ngiliz dili e\u011fitimine uygulamalar\u0131, yap\u0131 bilgisi ve anlambilim konular\u0131n\u0131 kapsayan mikro d\u00fczeyden olu\u015fmaktad\u0131r. \u0130kinci b\u00f6l\u00fcm olan makro d\u00fczeyde ise ruhdilbilim, \u00e7ocuklar\u0131n dil edinimi s\u00fcreci, edimbilim ve ikinci dil \u00f6\u011frenimindeki uygulamalar\u0131, toplumdilbilimi, ikinci dil\/yabanc\u0131 dil e\u011fitiminde s\u0131n\u0131fi\u00e7i s\u00f6ylem \u00e7\u00f6z\u00fcmlemesi ve b\u00fct\u00fcncebilim \u00e7al\u0131\u015fmalar\u0131ndan olu\u015fmaktad\u0131r. Kitab\u0131n dili ingilizcedir.<\/p>\n","protected":false},"excerpt":{"rendered":"<p>Linguistics for ELT Studies kitab\u0131, \u0130ngilizce \u00f6\u011fretmenli\u011fi programlar\u0131nda verilmekte olan Dilbilimi dersi i\u00e7in \u00f6zel olarak haz\u0131rlanm\u0131\u015ft\u0131r. Bu kitap dilbilimi \u00e7al\u0131\u015fmalar\u0131n\u0131 iki ana b\u00f6l\u00fcmde incelemektedir. Birinci b\u00f6l\u00fcm<span class=\"excerpt-hellip\"> [\u2026]<\/span><\/p>\n","protected":false},"featured_media":0,"template":"","meta":{"_monsterinsights_skip_tracking":false,"_monsterinsights_sitenote_active":false,"_monsterinsights_sitenote_note":"","_monsterinsights_sitenote_category":0},"product_brand":[],"product_cat":[12472],"product_tag":[],"class_list":{"0":"post-701977","1":"product","2":"type-product","3":"status-publish","5":"product_cat-yabanci-dilde-kitaplar","6":"pa_cilt-ciltsiz","7":"pa_tur-kitap","8":"pa_yayinevi-ani-yayincilik","9":"pa_yazar-arif-saricoban","11":"first","12":"instock","13":"sale","14":"shipping-taxable","15":"purchasable","16":"product-type-simple"},"_links":{"self":[{"href":"https:\/\/roveyayinevi.com.tr\/index.php\/wp-json\/wp\/v2\/product\/701977","targetHints":{"allow":["GET"]}}],"collection":[{"href":"https:\/\/roveyayinevi.com.tr\/index.php\/wp-json\/wp\/v2\/product"}],"about":[{"href":"https:\/\/roveyayinevi.com.tr\/index.php\/wp-json\/wp\/v2\/types\/product"}],"wp:attachment":[{"href":"https:\/\/roveyayinevi.com.tr\/index.php\/wp-json\/wp\/v2\/media?parent=701977"}],"wp:term":[{"taxonomy":"product_brand","embeddable":true,"href":"https:\/\/roveyayinevi.com.tr\/index.php\/wp-json\/wp\/v2\/product_brand?post=701977"},{"taxonomy":"product_cat","embeddable":true,"href":"https:\/\/roveyayinevi.com.tr\/index.php\/wp-json\/wp\/v2\/product_cat?post=701977"},{"taxonomy":"product_tag","embeddable":true,"href":"https:\/\/roveyayinevi.com.tr\/index.php\/wp-json\/wp\/v2\/product_tag?post=701977"}],"curies":[{"name":"wp","href":"https:\/\/api.w.org\/{rel}","templated":true}]}}