{"id":701976,"date":"2025-08-27T15:13:04","date_gmt":"2025-08-27T12:13:04","guid":{"rendered":"https:\/\/roveyayinevi.com.tr\/index.php\/urun\/baska-bir-teknoloji-mumkun\/"},"modified":"2026-04-16T02:11:19","modified_gmt":"2026-04-15T23:11:19","slug":"baska-bir-teknoloji-mumkun","status":"publish","type":"product","link":"https:\/\/roveyayinevi.com.tr\/index.php\/urun\/baska-bir-teknoloji-mumkun\/","title":{"rendered":"Ba\u015fka Bir Teknoloji M\u00fcmk\u00fcn"},"content":{"rendered":"<p>Alternatif Teknoloji Hareketi, Avrupa\u2019da ilk s\u00f6zlerini s\u00f6yledi\u011finde, \u015fa\u015fk\u0131nl\u0131k ve inkarla kar\u015f\u0131land\u0131. K\u0131tan\u0131n \u00e7e\u015fitli k\u00f6\u015felerine da\u011f\u0131lm\u0131\u015f dar bir \u00e7evre, ana ak\u0131m teknolojinin \u00fcretti\u011fi tehlikeleri anlat\u0131yordu. \u015ea\u015fk\u0131nl\u0131k ve inkar yerini sa\u011fduyuya b\u0131rakt\u0131\u011f\u0131nda, hareketin yapt\u0131\u011f\u0131 ele\u015ftirilerinin s\u00fcre\u00e7 i\u00e7inde ne kadar yerinde oldu\u011fu ortaya \u00e7\u0131kt\u0131. T\u00fcrkiyemiz pek \u00e7ok konuda \u00e7a\u011f\u0131n gerisinde kalsa da, i\u015f teknolojiye geldi\u011finde durum de\u011fi\u015fiyor. Genel e\u011filim teknolojinin b\u00fct\u00fcn sorunlar\u0131m\u0131z\u0131 \u00e7\u00f6zece\u011fine dair bir inan\u00e7 oluyor. Peki bu do\u011fru mu? Tayfun \u00d6zkaya edit\u00f6rl\u00fc\u011f\u00fcnde, A\u2019dan Z\u2019ye teknoloji kavram\u0131 ve g\u00fcnl\u00fck hayattaki \u00e7e\u015fitli kullan\u0131mlar\u0131m\u0131z \u00fczerine d\u00fc\u015f\u00fcnceleriyle \u00f6ne \u00e7\u0131kan yazarlar, meseleye ele\u015ftirel ve bir o kadar da yap\u0131c\u0131 ve yarat\u0131c\u0131 \u00f6nerilerle yakla\u015f\u0131yorlar. Katk\u0131 veren yazarlar; Adrian Smith, Baha Kuban, Beno Kuryel, Duygu Ka\u015fdo\u011fan,  Jean Robert, Philip J. Vergragt, \u00d6zlem \u00d6zg\u00f6bek, Tayfun \u00d6zkaya<\/p>\n","protected":false},"excerpt":{"rendered":"<p>Alternatif Teknoloji Hareketi, Avrupa\u2019da ilk s\u00f6zlerini s\u00f6yledi\u011finde, \u015fa\u015fk\u0131nl\u0131k ve inkarla kar\u015f\u0131land\u0131. K\u0131tan\u0131n \u00e7e\u015fitli k\u00f6\u015felerine da\u011f\u0131lm\u0131\u015f dar bir \u00e7evre, ana ak\u0131m teknolojinin \u00fcretti\u011fi tehlikeleri anlat\u0131yordu. \u015ea\u015fk\u0131nl\u0131k ve<span class=\"excerpt-hellip\"> [\u2026]<\/span><\/p>\n","protected":false},"featured_media":0,"template":"","meta":{"_monsterinsights_skip_tracking":false,"_monsterinsights_sitenote_active":false,"_monsterinsights_sitenote_note":"","_monsterinsights_sitenote_category":0},"product_brand":[],"product_cat":[23323,12364],"product_tag":[],"class_list":{"0":"post-701976","1":"product","2":"type-product","3":"status-publish","5":"product_cat-ekoloji","6":"product_cat-genel-konular","7":"pa_cilt-ciltsiz","8":"pa_tur-kitap","9":"pa_yayinevi-yeni-insan-yayinlari","10":"pa_yazar-kolektif","12":"first","13":"instock","14":"sale","15":"shipping-taxable","16":"purchasable","17":"product-type-simple"},"_links":{"self":[{"href":"https:\/\/roveyayinevi.com.tr\/index.php\/wp-json\/wp\/v2\/product\/701976","targetHints":{"allow":["GET"]}}],"collection":[{"href":"https:\/\/roveyayinevi.com.tr\/index.php\/wp-json\/wp\/v2\/product"}],"about":[{"href":"https:\/\/roveyayinevi.com.tr\/index.php\/wp-json\/wp\/v2\/types\/product"}],"wp:attachment":[{"href":"https:\/\/roveyayinevi.com.tr\/index.php\/wp-json\/wp\/v2\/media?parent=701976"}],"wp:term":[{"taxonomy":"product_brand","embeddable":true,"href":"https:\/\/roveyayinevi.com.tr\/index.php\/wp-json\/wp\/v2\/product_brand?post=701976"},{"taxonomy":"product_cat","embeddable":true,"href":"https:\/\/roveyayinevi.com.tr\/index.php\/wp-json\/wp\/v2\/product_cat?post=701976"},{"taxonomy":"product_tag","embeddable":true,"href":"https:\/\/roveyayinevi.com.tr\/index.php\/wp-json\/wp\/v2\/product_tag?post=701976"}],"curies":[{"name":"wp","href":"https:\/\/api.w.org\/{rel}","templated":true}]}}