{"id":701970,"date":"2025-08-27T15:13:02","date_gmt":"2025-08-27T12:13:02","guid":{"rendered":"https:\/\/roveyayinevi.com.tr\/index.php\/urun\/bediuzzaman-teolojisinde-gundelik-hayat\/"},"modified":"2026-04-16T02:11:19","modified_gmt":"2026-04-15T23:11:19","slug":"bediuzzaman-teolojisinde-gundelik-hayat","status":"publish","type":"product","link":"https:\/\/roveyayinevi.com.tr\/index.php\/urun\/bediuzzaman-teolojisinde-gundelik-hayat\/","title":{"rendered":"Bedi\u00fczzaman Teolojisinde G\u00fcndelik Hayat"},"content":{"rendered":"<p>Elinizdeki kitap, dindarlar\u0131n farkl\u0131 zamanlarda, farkl\u0131 toplumsall\u0131klarda vermi\u015f olduklar\u0131 m\u00fccadeleler aras\u0131nda en \u00f6nemli k\u00f6\u015fe ta\u015flar\u0131ndan birini olu\u015fturmu\u015f olan Said Nursi&#8217;nin \u00f6\u011fretisine e\u011filiyor. T\u00fcm cumhuriyet tarihi boyunca, 28 \u015eubat s\u00fcrecine gelinceye kadar resmi tarih anlat\u0131s\u0131nda, milliyet\u00e7i-laik medyada   \u015feriat\u00e7\u0131, gerici   olarak nitelendirilen \u0130slami hareketin bir bile\u015feni olarak Said Nursi ve Nur hareketinin neden s\u00fcrekli bir tehdit unsuru olarak g\u00f6r\u00fcld\u00fc\u011f\u00fcn\u00fc anlamak i\u00e7in de bu inceleme sa\u011flam bir k\u0131lavuz sunuyor. <\/p>\n","protected":false},"excerpt":{"rendered":"<p>Elinizdeki kitap, dindarlar\u0131n farkl\u0131 zamanlarda, farkl\u0131 toplumsall\u0131klarda vermi\u015f olduklar\u0131 m\u00fccadeleler aras\u0131nda en \u00f6nemli k\u00f6\u015fe ta\u015flar\u0131ndan birini olu\u015fturmu\u015f olan Said Nursi&#8217;nin \u00f6\u011fretisine e\u011filiyor. T\u00fcm cumhuriyet tarihi boyunca,<span class=\"excerpt-hellip\"> [\u2026]<\/span><\/p>\n","protected":false},"featured_media":0,"template":"","meta":{"_monsterinsights_skip_tracking":false,"_monsterinsights_sitenote_active":false,"_monsterinsights_sitenote_note":"","_monsterinsights_sitenote_category":0},"product_brand":[],"product_cat":[12718,12719,13025],"product_tag":[],"class_list":{"0":"post-701970","1":"product","2":"type-product","3":"status-publish","5":"product_cat-din","6":"product_cat-islam","7":"product_cat-islam-ve-gunumuz-islam-dusuncesi","8":"pa_tur-kitap","9":"pa_yayinevi-etkilesim-yayinlari","10":"pa_yazar-ali-bedir","12":"first","13":"instock","14":"sale","15":"shipping-taxable","16":"purchasable","17":"product-type-simple"},"_links":{"self":[{"href":"https:\/\/roveyayinevi.com.tr\/index.php\/wp-json\/wp\/v2\/product\/701970","targetHints":{"allow":["GET"]}}],"collection":[{"href":"https:\/\/roveyayinevi.com.tr\/index.php\/wp-json\/wp\/v2\/product"}],"about":[{"href":"https:\/\/roveyayinevi.com.tr\/index.php\/wp-json\/wp\/v2\/types\/product"}],"wp:attachment":[{"href":"https:\/\/roveyayinevi.com.tr\/index.php\/wp-json\/wp\/v2\/media?parent=701970"}],"wp:term":[{"taxonomy":"product_brand","embeddable":true,"href":"https:\/\/roveyayinevi.com.tr\/index.php\/wp-json\/wp\/v2\/product_brand?post=701970"},{"taxonomy":"product_cat","embeddable":true,"href":"https:\/\/roveyayinevi.com.tr\/index.php\/wp-json\/wp\/v2\/product_cat?post=701970"},{"taxonomy":"product_tag","embeddable":true,"href":"https:\/\/roveyayinevi.com.tr\/index.php\/wp-json\/wp\/v2\/product_tag?post=701970"}],"curies":[{"name":"wp","href":"https:\/\/api.w.org\/{rel}","templated":true}]}}