{"id":701967,"date":"2025-08-27T15:13:02","date_gmt":"2025-08-27T12:13:02","guid":{"rendered":"https:\/\/roveyayinevi.com.tr\/index.php\/urun\/turkiye-ve-orta-asya\/"},"modified":"2026-04-16T02:11:19","modified_gmt":"2026-04-15T23:11:19","slug":"turkiye-ve-orta-asya","status":"publish","type":"product","link":"https:\/\/roveyayinevi.com.tr\/index.php\/urun\/turkiye-ve-orta-asya\/","title":{"rendered":"T\u00fcrkiye ve Orta Asya"},"content":{"rendered":"<p>Tarih T\u00fcrkiye\u2019yi d\u00fcnyan\u0131n en stratejik ve en \u00e7ok g\u00f6z dikilen co\u011frafyas\u0131na yerle\u015ftirerek ona son derece c\u00f6mert davranm\u0131\u015f ve bunun sonucunda da T\u00fcrkiye\u2019nin d\u00fcnya siyasetindeki rol\u00fc n\u00fcfusunun veya ekonomik g\u00fcc\u00fcn\u00fcn sa\u011flayabilece\u011finden \u00e7ok daha b\u00fcy\u00fck olmu\u015ftur. Ne var ki ayn\u0131 tarih onu bir zamanlar Sovyetler Birli\u011fi\u2019nin ve \u015fimdi Rusya&#8217;n\u0131n yan\u0131 ba\u015f\u0131na yerle\u015ftirerek ve kuzeydeki bu dev g\u00fcce kar\u015f\u0131 koyabilmesine yetecek kaynaklardan ve g\u00fc\u00e7ten yoksun b\u0131rakarak da T\u00fcrkiye\u2019ye son derece zalim davranm\u0131\u015ft\u0131r. <\/p>\n","protected":false},"excerpt":{"rendered":"<p>Tarih T\u00fcrkiye\u2019yi d\u00fcnyan\u0131n en stratejik ve en \u00e7ok g\u00f6z dikilen co\u011frafyas\u0131na yerle\u015ftirerek ona son derece c\u00f6mert davranm\u0131\u015f ve bunun sonucunda da T\u00fcrkiye\u2019nin d\u00fcnya siyasetindeki rol\u00fc n\u00fcfusunun<span class=\"excerpt-hellip\"> [\u2026]<\/span><\/p>\n","protected":false},"featured_media":0,"template":"","meta":{"_monsterinsights_skip_tracking":false,"_monsterinsights_sitenote_active":false,"_monsterinsights_sitenote_note":"","_monsterinsights_sitenote_category":0},"product_brand":[],"product_cat":[12304,13493],"product_tag":[],"class_list":{"0":"post-701967","1":"product","2":"type-product","3":"status-publish","5":"product_cat-tarih","6":"product_cat-turkiye-ve-cumhuriyet-tarihi","7":"pa_cilt-ciltsiz","8":"pa_tur-kitap","9":"pa_yayinevi-timas-yayinlari","10":"pa_yazar-kemal-karpat","12":"first","13":"instock","14":"sale","15":"shipping-taxable","16":"purchasable","17":"product-type-simple"},"_links":{"self":[{"href":"https:\/\/roveyayinevi.com.tr\/index.php\/wp-json\/wp\/v2\/product\/701967","targetHints":{"allow":["GET"]}}],"collection":[{"href":"https:\/\/roveyayinevi.com.tr\/index.php\/wp-json\/wp\/v2\/product"}],"about":[{"href":"https:\/\/roveyayinevi.com.tr\/index.php\/wp-json\/wp\/v2\/types\/product"}],"wp:attachment":[{"href":"https:\/\/roveyayinevi.com.tr\/index.php\/wp-json\/wp\/v2\/media?parent=701967"}],"wp:term":[{"taxonomy":"product_brand","embeddable":true,"href":"https:\/\/roveyayinevi.com.tr\/index.php\/wp-json\/wp\/v2\/product_brand?post=701967"},{"taxonomy":"product_cat","embeddable":true,"href":"https:\/\/roveyayinevi.com.tr\/index.php\/wp-json\/wp\/v2\/product_cat?post=701967"},{"taxonomy":"product_tag","embeddable":true,"href":"https:\/\/roveyayinevi.com.tr\/index.php\/wp-json\/wp\/v2\/product_tag?post=701967"}],"curies":[{"name":"wp","href":"https:\/\/api.w.org\/{rel}","templated":true}]}}