{"id":701966,"date":"2025-08-27T15:13:01","date_gmt":"2025-08-27T12:13:01","guid":{"rendered":"https:\/\/roveyayinevi.com.tr\/index.php\/urun\/kadin-antropolojisi\/"},"modified":"2026-02-28T02:20:19","modified_gmt":"2026-02-27T23:20:19","slug":"kadin-antropolojisi","status":"publish","type":"product","link":"https:\/\/roveyayinevi.com.tr\/index.php\/urun\/kadin-antropolojisi\/","title":{"rendered":"Kad\u0131n Antropolojisi"},"content":{"rendered":"<p>Rayna R. Reiter\u2019\u0131n derledi\u011fi bu \u00e7al\u0131\u015fma k\u00f6klerini kad\u0131n hareketinden almakta ve cinsiyetler aras\u0131ndaki e\u015fitlik ve e\u015fitsizli\u011fi tan\u0131mlamak ve a\u00e7\u0131klamak i\u00e7in antropolojinin imk\u00e2nlar\u0131na ba\u015fvurmaktad\u0131r. Daha \u00e7ok \u201cmodern\u201d toplumlara odaklanan pek \u00e7ok disiplinin ilgi duymad\u0131\u011f\u0131\/g\u00f6rmezden geldi\u011fi \u201c\u00f6teki\u201d k\u00fclt\u00fcrlere ve k\u00fclt\u00fcrleraras\u0131 farkl\u0131l\u0131k ve benzerliklere odaklanan antropoloji, aile sistemlerinin k\u00f6ken ve i\u015flevleri, cinsiyet rolleri ve toplumsal cinsiyetin nas\u0131l \u015fekillendi\u011fi konusunda bize ufuk a\u00e7\u0131c\u0131 bilgiler sunar. Ancak antropolojik ara\u015ft\u0131rmalar\u0131n temelinde bulunan (kad\u0131nlar\u0131n konumu hakk\u0131ndaki) baz\u0131 varsay\u0131mlar disiplinle ilgili soru i\u015faretlerinin do\u011fmas\u0131na yol a\u00e7maktad\u0131r. K\u00fclt\u00fcr\u00fc do\u011frudan biyoloji \u00fcst\u00fcnden okumay\u0131 tercih eden antropologlarla birlikte, i\u015fb\u00f6l\u00fcm\u00fcn\u00fcn ilk sorumlusunun kad\u0131n\u0131n \u00fcremedeki rol\u00fc oldu\u011funu ve erkek egemenli\u011finin bu b\u00f6l\u00fcnmeden ortaya \u00e7\u0131kt\u0131\u011f\u0131n\u0131 iddia eden antropologlar da olmu\u015ftur. Ancak feministler bunun neden kaynaklad\u0131\u011f\u0131n\u0131 bilmek istemi\u015flerdir. Ana ak\u0131m klasik antropoloji ise, feminist \u00f6\u011frencilerin sorduklar\u0131 as\u0131l sorulara ya kapal\u0131 kalm\u0131\u015f ya da bunlar\u0131 \u00f6nemsizle\u015ftirme e\u011filiminde olmu\u015ftur. Bu derlemede okuyucuya, yukar\u0131daki soru ve sorunlar ba\u011flam\u0131nda \u201ccinsiyet farkl\u0131l\u0131klar\u0131n\u0131n geli\u015fimi\u201d, \u201cantropolojide erkek \u00f6nyarg\u0131s\u0131\u201d, \u201cailenin k\u00f6keni\u201d, \u201canaerki\u201d, \u201ccinsiyetin ekonomi politi\u011fi\u201d ile ilgili tart\u0131\u015fmalar\u0131n yan\u0131 s\u0131ra, Papua Yeni Gine\u2019den Dominik Cumhuriyeti\u2019ne, \u0130spanyol k\u00f6ylerinden Kolombiya k\u0131rsal\u0131na,  Nijerya\u2019dan k\u0131rsal \u00c7in\u2019e farkl\u0131 k\u00fclt\u00fcrlerden verilen \u00f6rneklerle cinsiyet e\u015fitli\u011fi ve e\u015fitsizli\u011finin konumlan\u0131\u015f\u0131 hakk\u0131nda kapsaml\u0131 alan ara\u015ft\u0131rmalar\u0131ndan s\u00fcz\u00fclm\u00fc\u015f bilgiler sunulmaktad\u0131r. Ayr\u0131ca, kendi alanlar\u0131nda \u00f6nc\u00fc rolleri kabul edilmi\u015f Morgan, Engels, Freud, Levi-Staruss gibi d\u00fc\u015f\u00fcn\u00fcrlerin konu ile ilgili \u00e7al\u0131\u015fmalar\u0131 yeniden ele al\u0131n\u0131p feminist bak\u0131\u015f a\u00e7\u0131s\u0131ndan ciddi ele\u015ftirilere tabi tutulmu\u015f, yeni yap\u0131lacak \u00e7al\u0131\u015fmalar i\u00e7in ara\u015ft\u0131rmac\u0131lara metodolojik ipu\u00e7lar\u0131 da verilmi\u015ftir.<\/p>\n","protected":false},"excerpt":{"rendered":"<p>Rayna R. Reiter\u2019\u0131n derledi\u011fi bu \u00e7al\u0131\u015fma k\u00f6klerini kad\u0131n hareketinden almakta ve cinsiyetler aras\u0131ndaki e\u015fitlik ve e\u015fitsizli\u011fi tan\u0131mlamak ve a\u00e7\u0131klamak i\u00e7in antropolojinin imk\u00e2nlar\u0131na ba\u015fvurmaktad\u0131r. Daha \u00e7ok \u201cmodern\u201d<span class=\"excerpt-hellip\"> [\u2026]<\/span><\/p>\n","protected":false},"featured_media":0,"template":"","meta":{"_monsterinsights_skip_tracking":false,"_monsterinsights_sitenote_active":false,"_monsterinsights_sitenote_note":"","_monsterinsights_sitenote_category":0},"product_brand":[],"product_cat":[15499,13488],"product_tag":[],"class_list":{"0":"post-701966","1":"product","2":"type-product","3":"status-publish","5":"product_cat-antropoloji","6":"product_cat-toplum-ve-insan","7":"pa_cilt-ciltsiz","8":"pa_tur-kitap","9":"pa_yayinevi-dipnot-yayinlari","10":"pa_yazar-rayna-r-reiter","12":"first","13":"instock","14":"sale","15":"shipping-taxable","16":"purchasable","17":"product-type-simple"},"_links":{"self":[{"href":"https:\/\/roveyayinevi.com.tr\/index.php\/wp-json\/wp\/v2\/product\/701966","targetHints":{"allow":["GET"]}}],"collection":[{"href":"https:\/\/roveyayinevi.com.tr\/index.php\/wp-json\/wp\/v2\/product"}],"about":[{"href":"https:\/\/roveyayinevi.com.tr\/index.php\/wp-json\/wp\/v2\/types\/product"}],"wp:attachment":[{"href":"https:\/\/roveyayinevi.com.tr\/index.php\/wp-json\/wp\/v2\/media?parent=701966"}],"wp:term":[{"taxonomy":"product_brand","embeddable":true,"href":"https:\/\/roveyayinevi.com.tr\/index.php\/wp-json\/wp\/v2\/product_brand?post=701966"},{"taxonomy":"product_cat","embeddable":true,"href":"https:\/\/roveyayinevi.com.tr\/index.php\/wp-json\/wp\/v2\/product_cat?post=701966"},{"taxonomy":"product_tag","embeddable":true,"href":"https:\/\/roveyayinevi.com.tr\/index.php\/wp-json\/wp\/v2\/product_tag?post=701966"}],"curies":[{"name":"wp","href":"https:\/\/api.w.org\/{rel}","templated":true}]}}