{"id":701964,"date":"2025-08-27T15:13:00","date_gmt":"2025-08-27T12:13:00","guid":{"rendered":"https:\/\/roveyayinevi.com.tr\/index.php\/urun\/atesten-gomlek-sadelestirilmis-metin\/"},"modified":"2026-04-16T02:11:19","modified_gmt":"2026-04-15T23:11:19","slug":"atesten-gomlek-sadelestirilmis-metin","status":"publish","type":"product","link":"https:\/\/roveyayinevi.com.tr\/index.php\/urun\/atesten-gomlek-sadelestirilmis-metin\/","title":{"rendered":"Ate\u015ften G\u00f6mlek (Sadele\u015ftirilmi\u015f Metin)"},"content":{"rendered":"<p>\u201cSabah ezan\u0131 okunurken Aliye\u2019nin yan\u0131nda dalm\u0131\u015f olanlar\u0131n \u00fc\u00e7\u00fc de uyand\u0131lar. Aliye h\u00e2l\u00e2 dalg\u0131n; h\u00e2l\u00e2 ge\u00e7en korkun\u00e7 saatlerin damarlar\u0131nda tutu\u015fturdu\u011fu humma, sar\u0131, hasta y\u00fcz\u00fcnde k\u0131z\u0131l dalgalarla dola\u015f\u0131yordu. \u00dc\u00e7\u00fc de g\u00f6zlerini a\u00e7\u0131nca Aliye\u2019nin yan\u0131na gittiler, sevgili y\u00fcz\u00fcne bakt\u0131lar. Kurumu\u015f dudaklar\u0131 s\u00fcrekli k\u0131m\u0131ldan\u0131yor, s\u00fcrekli siyah kirpiklerinin ipekten birer sa\u00e7ak gibi tamamlad\u0131\u011f\u0131 \u00e7\u00fcr\u00fcm\u00fc\u015f g\u00f6zkapaklar\u0131 titriyordu.\u201dYetmi\u015fi a\u015fk\u0131n y\u0131l sonra Vurun Kahpeye toplumlar\u0131n y\u00fckseli\u015finde ve sanc\u0131s\u0131nda \u201ce\u011fitim\u201din \u00f6nemini vurgulamas\u0131yla yine g\u00fcndemde. E\u011fitime kavu\u015famam\u0131\u015f ki\u015filerin gitgide vatan hainli\u011fine, nihayet insan d\u00fc\u015fmanl\u0131\u011f\u0131na yol alabileceklerini, bu tehlikeyi s\u00f6yl\u00fcyor. Selim \u0130leriKaleme ald\u0131\u011f\u0131 her metinle yeniden tart\u0131\u015f\u0131lan Halide Edib\u2019in bu \u00f6nemli eseri, g\u00f6zden ge\u00e7irilmi\u015f ve sadele\u015ftirilmi\u015f bask\u0131s\u0131yla Can Yay\u0131nlar\u0131\u2019nda.<\/p>\n","protected":false},"excerpt":{"rendered":"<p>\u201cSabah ezan\u0131 okunurken Aliye\u2019nin yan\u0131nda dalm\u0131\u015f olanlar\u0131n \u00fc\u00e7\u00fc de uyand\u0131lar. Aliye h\u00e2l\u00e2 dalg\u0131n; h\u00e2l\u00e2 ge\u00e7en korkun\u00e7 saatlerin damarlar\u0131nda tutu\u015fturdu\u011fu humma, sar\u0131, hasta y\u00fcz\u00fcnde k\u0131z\u0131l dalgalarla dola\u015f\u0131yordu.<span class=\"excerpt-hellip\"> [\u2026]<\/span><\/p>\n","protected":false},"featured_media":0,"template":"","meta":{"_monsterinsights_skip_tracking":false,"_monsterinsights_sitenote_active":false,"_monsterinsights_sitenote_note":"","_monsterinsights_sitenote_category":0},"product_brand":[],"product_cat":[12291,12292],"product_tag":[],"class_list":{"0":"post-701964","1":"product","2":"type-product","3":"status-publish","5":"product_cat-edebiyat","6":"product_cat-turk-edebiyati","7":"pa_cilt-ciltsiz","8":"pa_tur-kitap","9":"pa_yayinevi-can-yayinlari","10":"pa_yazar-halide-edib-adivar","12":"first","13":"instock","14":"sale","15":"shipping-taxable","16":"purchasable","17":"product-type-simple"},"_links":{"self":[{"href":"https:\/\/roveyayinevi.com.tr\/index.php\/wp-json\/wp\/v2\/product\/701964","targetHints":{"allow":["GET"]}}],"collection":[{"href":"https:\/\/roveyayinevi.com.tr\/index.php\/wp-json\/wp\/v2\/product"}],"about":[{"href":"https:\/\/roveyayinevi.com.tr\/index.php\/wp-json\/wp\/v2\/types\/product"}],"wp:attachment":[{"href":"https:\/\/roveyayinevi.com.tr\/index.php\/wp-json\/wp\/v2\/media?parent=701964"}],"wp:term":[{"taxonomy":"product_brand","embeddable":true,"href":"https:\/\/roveyayinevi.com.tr\/index.php\/wp-json\/wp\/v2\/product_brand?post=701964"},{"taxonomy":"product_cat","embeddable":true,"href":"https:\/\/roveyayinevi.com.tr\/index.php\/wp-json\/wp\/v2\/product_cat?post=701964"},{"taxonomy":"product_tag","embeddable":true,"href":"https:\/\/roveyayinevi.com.tr\/index.php\/wp-json\/wp\/v2\/product_tag?post=701964"}],"curies":[{"name":"wp","href":"https:\/\/api.w.org\/{rel}","templated":true}]}}