{"id":701963,"date":"2025-08-27T15:13:00","date_gmt":"2025-08-27T12:13:00","guid":{"rendered":"https:\/\/roveyayinevi.com.tr\/index.php\/urun\/bil-bakalim-nasil-ciltli\/"},"modified":"2026-04-16T02:11:19","modified_gmt":"2026-04-15T23:11:19","slug":"bil-bakalim-nasil-ciltli","status":"publish","type":"product","link":"https:\/\/roveyayinevi.com.tr\/index.php\/urun\/bil-bakalim-nasil-ciltli\/","title":{"rendered":"Bil Bakal\u0131m Nas\u0131l? (Ciltli)"},"content":{"rendered":"<p>Bu kitap b\u00fct\u00fcn \u00e7ocuklar\u0131n sorup da anne-babalar\u0131n\u0131n her zaman cevap veremedi\u011fi Nas\u0131l uyuruz? \u00c7ikolata nas\u0131l yap\u0131l\u0131r? Nas\u0131l doktor olunur Nas\u0131l ayakta durulur? gibi 200&#8217;den fazla soruya cevap veriyor, her bir soru-cevaba e\u015flik eden renkli resimler de bu \u00f6\u011fretici kitab\u0131 daha da ilgi \u00e7ekici k\u0131l\u0131yor. <\/p>\n","protected":false},"excerpt":{"rendered":"<p>Bu kitap b\u00fct\u00fcn \u00e7ocuklar\u0131n sorup da anne-babalar\u0131n\u0131n her zaman cevap veremedi\u011fi Nas\u0131l uyuruz? \u00c7ikolata nas\u0131l yap\u0131l\u0131r? Nas\u0131l doktor olunur Nas\u0131l ayakta durulur? gibi 200&#8217;den fazla soruya<span class=\"excerpt-hellip\"> [\u2026]<\/span><\/p>\n","protected":false},"featured_media":0,"template":"","meta":{"_monsterinsights_skip_tracking":false,"_monsterinsights_sitenote_active":false,"_monsterinsights_sitenote_note":"","_monsterinsights_sitenote_category":0},"product_brand":[],"product_cat":[13829,12274],"product_tag":[],"class_list":{"0":"post-701963","1":"product","2":"type-product","3":"status-publish","5":"product_cat-bilimsel-kitaplar","6":"product_cat-cocuk-ve-genclik-kitaplari","7":"pa_cilt-ciltli","8":"pa_tur-kitap","9":"pa_yayinevi-yapi-kredi-yayinlari","10":"pa_yazar-isabelle-fougere","12":"first","13":"instock","14":"sale","15":"shipping-taxable","16":"purchasable","17":"product-type-simple"},"_links":{"self":[{"href":"https:\/\/roveyayinevi.com.tr\/index.php\/wp-json\/wp\/v2\/product\/701963","targetHints":{"allow":["GET"]}}],"collection":[{"href":"https:\/\/roveyayinevi.com.tr\/index.php\/wp-json\/wp\/v2\/product"}],"about":[{"href":"https:\/\/roveyayinevi.com.tr\/index.php\/wp-json\/wp\/v2\/types\/product"}],"wp:attachment":[{"href":"https:\/\/roveyayinevi.com.tr\/index.php\/wp-json\/wp\/v2\/media?parent=701963"}],"wp:term":[{"taxonomy":"product_brand","embeddable":true,"href":"https:\/\/roveyayinevi.com.tr\/index.php\/wp-json\/wp\/v2\/product_brand?post=701963"},{"taxonomy":"product_cat","embeddable":true,"href":"https:\/\/roveyayinevi.com.tr\/index.php\/wp-json\/wp\/v2\/product_cat?post=701963"},{"taxonomy":"product_tag","embeddable":true,"href":"https:\/\/roveyayinevi.com.tr\/index.php\/wp-json\/wp\/v2\/product_tag?post=701963"}],"curies":[{"name":"wp","href":"https:\/\/api.w.org\/{rel}","templated":true}]}}