{"id":701961,"date":"2025-08-27T15:12:59","date_gmt":"2025-08-27T12:12:59","guid":{"rendered":"https:\/\/roveyayinevi.com.tr\/index.php\/urun\/acaba-nasil\/"},"modified":"2026-04-16T02:11:19","modified_gmt":"2026-04-15T23:11:19","slug":"acaba-nasil","status":"publish","type":"product","link":"https:\/\/roveyayinevi.com.tr\/index.php\/urun\/acaba-nasil\/","title":{"rendered":"Acaba Nas\u0131l?"},"content":{"rendered":"<p>Nas\u0131l yeti\u015fkin olunur? Gemiler nas\u0131l batmaz? Anne karn\u0131ndaki bir bebek nas\u0131l nefes al\u0131r? Peki, haftan\u0131n 7 g\u00fcn olmas\u0131na nas\u0131l karar verildi? Nedenini bilmedi\u011finiz ne \u00e7ok soru var, \u00f6yle de\u011fil mi? Sorular kafan\u0131z\u0131 yormaya ba\u015flad\u0131ysa size g\u00fczel bir haberimiz var: Nas\u0131l ger\u00e7ekle\u015fti\u011fini merak etti\u011finiz pek \u00e7ok sorunun yan\u0131t\u0131 Acaba Nas\u0131l? kitab\u0131nda! <\/p>\n","protected":false},"excerpt":{"rendered":"<p>Nas\u0131l yeti\u015fkin olunur? Gemiler nas\u0131l batmaz? Anne karn\u0131ndaki bir bebek nas\u0131l nefes al\u0131r? Peki, haftan\u0131n 7 g\u00fcn olmas\u0131na nas\u0131l karar verildi? Nedenini bilmedi\u011finiz ne \u00e7ok soru<span class=\"excerpt-hellip\"> [\u2026]<\/span><\/p>\n","protected":false},"featured_media":0,"template":"","meta":{"_monsterinsights_skip_tracking":false,"_monsterinsights_sitenote_active":false,"_monsterinsights_sitenote_note":"","_monsterinsights_sitenote_category":0},"product_brand":[],"product_cat":[13829,12274],"product_tag":[],"class_list":{"0":"post-701961","1":"product","2":"type-product","3":"status-publish","5":"product_cat-bilimsel-kitaplar","6":"product_cat-cocuk-ve-genclik-kitaplari","7":"pa_tur-kitap","8":"pa_yayinevi-tudem-yayinlari","9":"pa_yazar-martine-laffon","11":"first","12":"instock","13":"sale","14":"shipping-taxable","15":"purchasable","16":"product-type-simple"},"_links":{"self":[{"href":"https:\/\/roveyayinevi.com.tr\/index.php\/wp-json\/wp\/v2\/product\/701961","targetHints":{"allow":["GET"]}}],"collection":[{"href":"https:\/\/roveyayinevi.com.tr\/index.php\/wp-json\/wp\/v2\/product"}],"about":[{"href":"https:\/\/roveyayinevi.com.tr\/index.php\/wp-json\/wp\/v2\/types\/product"}],"wp:attachment":[{"href":"https:\/\/roveyayinevi.com.tr\/index.php\/wp-json\/wp\/v2\/media?parent=701961"}],"wp:term":[{"taxonomy":"product_brand","embeddable":true,"href":"https:\/\/roveyayinevi.com.tr\/index.php\/wp-json\/wp\/v2\/product_brand?post=701961"},{"taxonomy":"product_cat","embeddable":true,"href":"https:\/\/roveyayinevi.com.tr\/index.php\/wp-json\/wp\/v2\/product_cat?post=701961"},{"taxonomy":"product_tag","embeddable":true,"href":"https:\/\/roveyayinevi.com.tr\/index.php\/wp-json\/wp\/v2\/product_tag?post=701961"}],"curies":[{"name":"wp","href":"https:\/\/api.w.org\/{rel}","templated":true}]}}