{"id":701955,"date":"2025-08-27T15:12:57","date_gmt":"2025-08-27T12:12:57","guid":{"rendered":"https:\/\/roveyayinevi.com.tr\/index.php\/urun\/cirilciplak-blackstone-serisi-1\/"},"modified":"2026-04-03T02:15:55","modified_gmt":"2026-04-02T23:15:55","slug":"cirilciplak-blackstone-serisi-1","status":"publish","type":"product","link":"https:\/\/roveyayinevi.com.tr\/index.php\/urun\/cirilciplak-blackstone-serisi-1\/","title":{"rendered":"\u00c7\u0131r\u0131l\u00e7\u0131plak: Blackstone serisi 1"},"content":{"rendered":"<p>\u00c7\u0131r\u0131l\u00e7\u0131plak bir tutku.Gizlenen ger\u00e7ekler.Unutmayaca\u011f\u0131n\u0131z bir a\u015fk.Londra \u00dcniversitesi\u2019nde sanat e\u011fitimi alan Amerikal\u0131 bir \u00f6\u011frenci ve yar\u0131 zamanl\u0131 bir fotomodel olan Brynne Bennet, ya\u015fad\u0131\u011f\u0131 trajediye ra\u011fmen hayat\u0131n\u0131 yeniden bir d\u00fczene sokmu\u015ftu. Ta ki ba\u015far\u0131l\u0131 i\u015fadam\u0131 Ethan Blackstone, Brynne\u2019in \u00e7\u0131plak foto\u011fraf\u0131n\u0131 sat\u0131n alana kadar&#8230;Ethan, Brynne\u2019i yata\u011f\u0131nda istiyordu ve onu orada tutmak i\u00e7in ne gerekiyorsa yapmaya haz\u0131rd\u0131. Onun dominant karakteri, Brynne&#8217;i hem \u00e7ekiyor hem de korkutuyordu. Ancak bu ili\u015fkide s\u0131rlar s\u00f6z konusuydu. Hem de olduk\u00e7a b\u00fcy\u00fck s\u0131rlar\u2026Ethan&#8217;\u0131n ona duydu\u011fu tutku, Brynne&#8217;i kurtarmaya yetecek miydi; yoksa aralar\u0131ndaki s\u0131rlar ikisini de yok mu edecekti? <\/p>\n","protected":false},"excerpt":{"rendered":"<p>\u00c7\u0131r\u0131l\u00e7\u0131plak bir tutku.Gizlenen ger\u00e7ekler.Unutmayaca\u011f\u0131n\u0131z bir a\u015fk.Londra \u00dcniversitesi\u2019nde sanat e\u011fitimi alan Amerikal\u0131 bir \u00f6\u011frenci ve yar\u0131 zamanl\u0131 bir fotomodel olan Brynne Bennet, ya\u015fad\u0131\u011f\u0131 trajediye ra\u011fmen hayat\u0131n\u0131 yeniden<span class=\"excerpt-hellip\"> [\u2026]<\/span><\/p>\n","protected":false},"featured_media":0,"template":"","meta":{"_monsterinsights_skip_tracking":false,"_monsterinsights_sitenote_active":false,"_monsterinsights_sitenote_note":"","_monsterinsights_sitenote_category":0},"product_brand":[],"product_cat":[12291,12711],"product_tag":[],"class_list":{"0":"post-701955","1":"product","2":"type-product","3":"status-publish","5":"product_cat-edebiyat","6":"product_cat-roman-oyku","7":"pa_cilt-ciltsiz","8":"pa_tur-kitap","9":"pa_yayinevi-yabanci-yayinevi","10":"pa_yazar-raine-miller","12":"first","13":"instock","14":"sale","15":"shipping-taxable","16":"purchasable","17":"product-type-simple"},"_links":{"self":[{"href":"https:\/\/roveyayinevi.com.tr\/index.php\/wp-json\/wp\/v2\/product\/701955","targetHints":{"allow":["GET"]}}],"collection":[{"href":"https:\/\/roveyayinevi.com.tr\/index.php\/wp-json\/wp\/v2\/product"}],"about":[{"href":"https:\/\/roveyayinevi.com.tr\/index.php\/wp-json\/wp\/v2\/types\/product"}],"wp:attachment":[{"href":"https:\/\/roveyayinevi.com.tr\/index.php\/wp-json\/wp\/v2\/media?parent=701955"}],"wp:term":[{"taxonomy":"product_brand","embeddable":true,"href":"https:\/\/roveyayinevi.com.tr\/index.php\/wp-json\/wp\/v2\/product_brand?post=701955"},{"taxonomy":"product_cat","embeddable":true,"href":"https:\/\/roveyayinevi.com.tr\/index.php\/wp-json\/wp\/v2\/product_cat?post=701955"},{"taxonomy":"product_tag","embeddable":true,"href":"https:\/\/roveyayinevi.com.tr\/index.php\/wp-json\/wp\/v2\/product_tag?post=701955"}],"curies":[{"name":"wp","href":"https:\/\/api.w.org\/{rel}","templated":true}]}}