{"id":701954,"date":"2025-08-27T15:12:57","date_gmt":"2025-08-27T12:12:57","guid":{"rendered":"https:\/\/roveyayinevi.com.tr\/index.php\/urun\/politika-disi\/"},"modified":"2026-04-16T02:11:19","modified_gmt":"2026-04-15T23:11:19","slug":"politika-disi","status":"publish","type":"product","link":"https:\/\/roveyayinevi.com.tr\/index.php\/urun\/politika-disi\/","title":{"rendered":"Politika D\u0131\u015f\u0131"},"content":{"rendered":"<p>Tar\u0131k Bu\u011fra&#8217;n\u0131n muhtelif yerlerde ve zamanlarda kaleme ald\u0131\u011f\u0131 yaz\u0131lar\u0131ndan ve kendisiyle yap\u0131lm\u0131\u015f m\u00fclakatlardan derlenen bu kitab\u0131nda yazar\u0131n hayat telakkisine ve edeb\u00ee anlay\u0131\u015f\u0131na dair ilgin\u00e7 ayr\u0131nt\u0131lar bulacaks\u0131n\u0131z. Her ne kadar kitab\u0131n ad\u0131 \u201cPolitika D\u0131\u015f\u0131\u201d olsa da, k\u00fclt\u00fcr mevzular\u0131n\u0131n olanca s\u0131cakl\u0131\u011f\u0131yla siyasette yer buldu\u011fu T\u00fcrkiye&#8217;de asl\u0131nda kelime tercihlerinin bile ne kadar siyas\u00ee olabildi\u011fini, Tar\u0131k Bu\u011fra art\u0131k o klasikle\u015fmi\u015f \u00fcsl\u00fbbuyla sarih bir \u015fekilde g\u00f6steriyor. Dile, e\u011fitime, kitaplara, sanata ve hayata dair samimi ve bir o kadar da ciddi de\u011ferlendirmeler bulaca\u011f\u0131n\u0131z \u201cPolitika D\u0131\u015f\u0131\u201d, \u00fczerinde pek fazla durulmayan konular\u0131n asl\u0131nda hayat\u0131n ne kadar merkezinde yer ald\u0131\u011f\u0131n\u0131 hat\u0131rlatmas\u0131 bak\u0131m\u0131ndan dikkatle okunmay\u0131 hak ediyor.<\/p>\n","protected":false},"excerpt":{"rendered":"<p>Tar\u0131k Bu\u011fra&#8217;n\u0131n muhtelif yerlerde ve zamanlarda kaleme ald\u0131\u011f\u0131 yaz\u0131lar\u0131ndan ve kendisiyle yap\u0131lm\u0131\u015f m\u00fclakatlardan derlenen bu kitab\u0131nda yazar\u0131n hayat telakkisine ve edeb\u00ee anlay\u0131\u015f\u0131na dair ilgin\u00e7 ayr\u0131nt\u0131lar bulacaks\u0131n\u0131z.<span class=\"excerpt-hellip\"> [\u2026]<\/span><\/p>\n","protected":false},"featured_media":0,"template":"","meta":{"_monsterinsights_skip_tracking":false,"_monsterinsights_sitenote_active":false,"_monsterinsights_sitenote_note":"","_monsterinsights_sitenote_category":0},"product_brand":[],"product_cat":[12777,12291],"product_tag":[],"class_list":{"0":"post-701954","1":"product","2":"type-product","3":"status-publish","5":"product_cat-deneme","6":"product_cat-edebiyat","7":"pa_cilt-ciltsiz","8":"pa_tur-kitap","9":"pa_yayinevi-otuken-nesriyat","10":"pa_yazar-tarik-bugra","12":"first","13":"instock","14":"sale","15":"shipping-taxable","16":"purchasable","17":"product-type-simple"},"_links":{"self":[{"href":"https:\/\/roveyayinevi.com.tr\/index.php\/wp-json\/wp\/v2\/product\/701954","targetHints":{"allow":["GET"]}}],"collection":[{"href":"https:\/\/roveyayinevi.com.tr\/index.php\/wp-json\/wp\/v2\/product"}],"about":[{"href":"https:\/\/roveyayinevi.com.tr\/index.php\/wp-json\/wp\/v2\/types\/product"}],"wp:attachment":[{"href":"https:\/\/roveyayinevi.com.tr\/index.php\/wp-json\/wp\/v2\/media?parent=701954"}],"wp:term":[{"taxonomy":"product_brand","embeddable":true,"href":"https:\/\/roveyayinevi.com.tr\/index.php\/wp-json\/wp\/v2\/product_brand?post=701954"},{"taxonomy":"product_cat","embeddable":true,"href":"https:\/\/roveyayinevi.com.tr\/index.php\/wp-json\/wp\/v2\/product_cat?post=701954"},{"taxonomy":"product_tag","embeddable":true,"href":"https:\/\/roveyayinevi.com.tr\/index.php\/wp-json\/wp\/v2\/product_tag?post=701954"}],"curies":[{"name":"wp","href":"https:\/\/api.w.org\/{rel}","templated":true}]}}